{"id":52308,"date":"2023-12-12T12:42:23","date_gmt":"2023-12-12T11:42:23","guid":{"rendered":"https:\/\/pet-shopping.de\/shop\/produkt\/hozies-sammy-stripes-aus-feuerwehrschlauch-small\/"},"modified":"2023-12-12T12:42:23","modified_gmt":"2023-12-12T11:42:23","slug":"hozies-sammy-stripes-aus-feuerwehrschlauch-small","status":"publish","type":"product","link":"https:\/\/all-pets.de\/shop\/produkt\/hozies-sammy-stripes-aus-feuerwehrschlauch-small\/","title":{"rendered":"Hozies Sammy Stripes aus Feuerwehrschlauch &#8211; Small"},"content":{"rendered":"<p>Einzigartiges Spielzeug, speziell entworfen f\u00fcr die z\u00e4hesten Hunde!<br \/> Hergestellt aus Feuerwehrschlauch und daher sehr stark.<\/p>\n<p>&#8211; Doppelt gen\u00e4ht<br \/> &#8211; Langlebig<br \/> &#8211; Leiser Quietscher<br \/> &#8211; Schwimmt auf Wasser<\/p>\n<p>F\u00fcr stundenlangen Spielspa\u00df, innen und auch drau\u00dfen.<\/p>\n<p>Ma\u00dfe: ca. 3 x 25,5 x 8 cm<\/p>\n","protected":false},"excerpt":{"rendered":"<p>Einzigartiges Spielzeug, speziell entworfen f\u00fcr die z\u00e4hesten Hunde! Hergestellt aus Feuerwehrschlauch und daher sehr stark. &#8211; Doppelt gen\u00e4ht &#8211; Langlebig &#8211; Leiser Quietscher &#8211; Schwimmt auf Wasser F\u00fcr stundenlangen Spielspa\u00df, innen und auch drau\u00dfen. Ma\u00dfe: ca. 3 x 25,5 x 8 cm<\/p>\n","protected":false},"featured_media":23795,"comment_status":"closed","ping_status":"open","template":"","meta":[],"product_cat":[14191],"product_tag":[],"class_list":{"0":"post-52308","1":"product","2":"type-product","3":"status-publish","4":"has-post-thumbnail","6":"product_cat-weitere-spielzeuge-hundespielzeug-sport","8":"first","9":"instock","10":"taxable","11":"shipping-taxable","12":"purchasable","13":"product-type-simple"},"_links":{"self":[{"href":"https:\/\/all-pets.de\/shop\/wp-json\/wp\/v2\/product\/52308","targetHints":{"allow":["GET"]}}],"collection":[{"href":"https:\/\/all-pets.de\/shop\/wp-json\/wp\/v2\/product"}],"about":[{"href":"https:\/\/all-pets.de\/shop\/wp-json\/wp\/v2\/types\/product"}],"replies":[{"embeddable":true,"href":"https:\/\/all-pets.de\/shop\/wp-json\/wp\/v2\/comments?post=52308"}],"wp:featuredmedia":[{"embeddable":true,"href":"https:\/\/all-pets.de\/shop\/wp-json\/wp\/v2\/media\/23795"}],"wp:attachment":[{"href":"https:\/\/all-pets.de\/shop\/wp-json\/wp\/v2\/media?parent=52308"}],"wp:term":[{"taxonomy":"product_cat","embeddable":true,"href":"https:\/\/all-pets.de\/shop\/wp-json\/wp\/v2\/product_cat?post=52308"},{"taxonomy":"product_tag","embeddable":true,"href":"https:\/\/all-pets.de\/shop\/wp-json\/wp\/v2\/product_tag?post=52308"}],"curies":[{"name":"wp","href":"https:\/\/api.w.org\/{rel}","templated":true}]}}