{"id":52337,"date":"2023-12-12T12:42:28","date_gmt":"2023-12-12T11:42:28","guid":{"rendered":"https:\/\/pet-shopping.de\/shop\/produkt\/brit-care-cat-grain-free-senior-weight-control-400g\/"},"modified":"2023-12-12T12:42:29","modified_gmt":"2023-12-12T11:42:29","slug":"brit-care-cat-grain-free-senior-weight-control-400g","status":"publish","type":"product","link":"https:\/\/all-pets.de\/shop\/produkt\/brit-care-cat-grain-free-senior-weight-control-400g\/","title":{"rendered":"Brit Care Cat Grain-Free &#8211; Senior &#8211; Weight Control &#8211; 400g"},"content":{"rendered":"<\/p>\n<p>Alleinfuttermittel f\u00fcr \u00e4ltere Katzen.<\/p>\n<p>Super Premium Trockennahrung f\u00fcr \u00e4ltere Katzen \u00fcber 7 Jahren mit einem reduziertem Energiegehalt f\u00fcr \u00e4ltere Katzen. Hypoallergene und getreidefreie Rezeptur. Reich an frischem H\u00fchnerfleisch &#038; Omega Fetts\u00e4uren. Mit erh\u00f6htem Faser- und Ballaststoffgehalt f\u00fcr eine verbesserte Gewichtskontrolle.<\/p>\n<p>Optimale Versorgung und Gewichtskontrolle<br \/>Leicht verdauliche Rohstoffe, angereichert mit wichtigen N\u00e4hrstoffen entsprechen den Bed\u00fcrfnissen \u00e4lterer Katzen und st\u00e4rken Gelenke und Z\u00e4hne. Der niedrige Fettgehalt und der erh\u00f6hte Gehalt an Ballaststoffen helfen der Verdauung und unterst\u00fctzen die Gewichtsregulierung auf nat\u00fcrliche Weise. Obst, Kr\u00e4uter und Beeren sind reich an Vitaminen und Flavonoiden und f\u00f6rdern ein langes und gesundes Leben. Nat\u00fcrliche Omega-3 und Omega-6 Fetts\u00e4uren helfen, ein gl\u00e4nzendes Fell und eine gesunde Haut zu erhalten.<\/p>\n<p>Gesunde Harnwege<br \/>Sanddorn unterst\u00fctzt die Gesundheit von Nieren und Harnwegen. Der niedrige Gehalt an Magnesium und L-Methionin hilft, den optimalen Harn ph-Wert von 6,0-6,5 zu erhalten.<\/p>\n<p>Gesunde Darmflora und St\u00e4rkung von Sehkraft und Herz<br \/>Hochwertige Proteine st\u00e4rken die Muskulatur Ihrer Katze. Probiotika und Pr\u00e4biotika f\u00f6rdern eine gesunde Darmflora und regulieren den Stoffwechsel. Taurin unterst\u00fctzt die Sehkraft und st\u00e4rkt die Herz- und Gehirnfunktion.<\/p>\n<p>Getreidefrei &#8211; KEINE Farbstoffe &#8211; KEINE Konservierungsstoffe &#8211; KEINE GMO &#8211; KEIN Soja.<\/p>\n<p>Zusammensetzung<br \/>getrocknetes H\u00fchnerfleisch (27%), frisches H\u00fchnerfleisch (26%), gelbe Erbsen (22%), getrocknete \u00c4pfel (9%), Gefl\u00fcgelfett (mit Tocopherolen konserviert, 4%), Bierhefe (3%), Flohsamenschale und -kerne (2%), Lachs\u00f6l (2%), H\u00fchnerleber, hydrolysiert (2%), Leinsamen (1%), getrocknete Kapuzinerkresse (0.5%), getrocknete Kamille (0,5%), Mineralien, getrockneter Sanddorn (0,3%), getrocknete Preiselbeeren (0,2%), Fructo-Oligosaccharide (0,015%), Mannan-Oligosaccharide (0,015%), Mojave-Yucca (0,008%), Lactobacillus acidophilus HA &#8211; 122 inaktiviert (15&#215;109 Zellen\/kg).<\/p>\n<p>Analytische Bestandteile<br \/>Rohprotein 34,0 %, Rohfett 15,0 %, Rohfaser 4,0 %, Rohasche 9,5 %, Feuchtigkeit 10,0 %, Omega-3 0,4 %, Omega-6 1,2 %, Kalzium 1,0 %, Phosphor 0,8 %, Natrium 0,8 %, Magnesium 0,05 %.<\/p>\n<p>Ern\u00e4hrungsphysiologische Zusatzstoffe pro 1 KG<br \/>Vitamin A (3a672a) 20 000 I.E., Vitamin D3 (E671) 800 I.E., Vitamin E (3a700) 600 mg, Vitamin C (3a312) 300 mg, Taurin (3a370) 2 500 mg, L-Carnitin (3a910) 50 mg, Cholinchlorid (3a890) 2 500 mg, Biotin (3a880) 2 mg, Vitamin B1 (3a821) 10 mg, Vitamin B2 12 mg, Niacinamid (3a315) 50 mg, Calcium-D-Pantothenat (3a841) 40 mg, Vitamin B6 (3a831) 10 mg, Fols\u00e4ure (3a316) 2 mg, Vitamin B12 0.04 mg, Zink (3b606) 120 mg, Eisen (3b106) 45 mg, Mangan (3b504) 55 mg, Kaliumjodid (3b201) 4 mg, Kupfer (3b406) 10 mg, Selen (3b8.10) 0,2 mg, L-Methionin (3c305) 2 000 mg.<\/p>\n<p>Umsetzbare Energie<br \/>3.650 kcal\/kg.<\/p>\n<p>Gewicht der Katze (kg) \/ Menge (g\/Tag) <\/p>\n<p>2\u20133 \/ 35\u201350<br \/>3\u20135 \/ 50\u201370<br \/>5\u20137 \/ 70\u201380<br \/>7\u20139 \/ 80\u201390<\/p>\n","protected":false},"excerpt":{"rendered":"<p>Alleinfuttermittel f\u00fcr \u00e4ltere Katzen. Super Premium Trockennahrung f\u00fcr \u00e4ltere Katzen \u00fcber 7 Jahren mit einem reduziertem Energiegehalt f\u00fcr \u00e4ltere Katzen. Hypoallergene und getreidefreie Rezeptur. Reich an frischem H\u00fchnerfleisch &#038; Omega Fetts\u00e4uren. Mit erh\u00f6htem Faser- und Ballaststoffgehalt f\u00fcr eine verbesserte Gewichtskontrolle. Optimale Versorgung und GewichtskontrolleLeicht verdauliche Rohstoffe, angereichert mit wichtigen N\u00e4hrstoffen entsprechen den Bed\u00fcrfnissen \u00e4lterer Katzen [&hellip;]<\/p>\n","protected":false},"featured_media":52338,"comment_status":"closed","ping_status":"open","template":"","meta":[],"product_cat":[15511],"product_tag":[],"class_list":{"0":"post-52337","1":"product","2":"type-product","3":"status-publish","4":"has-post-thumbnail","6":"product_cat-brit-care-cat-katzen-trockenfutter","8":"first","9":"instock","10":"taxable","11":"shipping-taxable","12":"purchasable","13":"product-type-simple"},"_links":{"self":[{"href":"https:\/\/all-pets.de\/shop\/wp-json\/wp\/v2\/product\/52337","targetHints":{"allow":["GET"]}}],"collection":[{"href":"https:\/\/all-pets.de\/shop\/wp-json\/wp\/v2\/product"}],"about":[{"href":"https:\/\/all-pets.de\/shop\/wp-json\/wp\/v2\/types\/product"}],"replies":[{"embeddable":true,"href":"https:\/\/all-pets.de\/shop\/wp-json\/wp\/v2\/comments?post=52337"}],"wp:featuredmedia":[{"embeddable":true,"href":"https:\/\/all-pets.de\/shop\/wp-json\/wp\/v2\/media\/52338"}],"wp:attachment":[{"href":"https:\/\/all-pets.de\/shop\/wp-json\/wp\/v2\/media?parent=52337"}],"wp:term":[{"taxonomy":"product_cat","embeddable":true,"href":"https:\/\/all-pets.de\/shop\/wp-json\/wp\/v2\/product_cat?post=52337"},{"taxonomy":"product_tag","embeddable":true,"href":"https:\/\/all-pets.de\/shop\/wp-json\/wp\/v2\/product_tag?post=52337"}],"curies":[{"name":"wp","href":"https:\/\/api.w.org\/{rel}","templated":true}]}}