{"id":52347,"date":"2023-12-12T12:42:31","date_gmt":"2023-12-12T11:42:31","guid":{"rendered":"https:\/\/pet-shopping.de\/shop\/produkt\/trixie-slow-feeding-edelstahlnapf-15-l-o-24-cm\/"},"modified":"2023-12-12T12:42:31","modified_gmt":"2023-12-12T11:42:31","slug":"trixie-slow-feeding-edelstahlnapf-15-l-o-24-cm","status":"publish","type":"product","link":"https:\/\/all-pets.de\/shop\/produkt\/trixie-slow-feeding-edelstahlnapf-15-l-o-24-cm\/","title":{"rendered":"Trixie Slow Feeding Edelstahlnapf &#8211; 1,5 l\/\u00f8 24 cm"},"content":{"rendered":"<div class=\"mb-3 row\">\n<div class=\"col\">\n<div class=\"description\">\n<ul>\n<li>verhindert das Schlingen<\/li>\n<li>f\u00fcr alle Futtersorten geeignet<\/li>\n<li>rutschfest durch Gummiring<\/li>\n<li>passend f\u00fcr Hundebar: Artikel 24922<\/li>\n<li>Ma\u00dfe: ca. 1,5 l\/\u00f8 24 cm<\/li>\n<\/ul>\n<div class=\"infotextWrap\">Sp\u00fclmaschinengeeignet (vor dem Sp\u00fclgang bitte Gummielemente entfernen)<\/div>\n<\/div>\n<\/div>\n<\/div>\n","protected":false},"excerpt":{"rendered":"<p>verhindert das Schlingen f\u00fcr alle Futtersorten geeignet rutschfest durch Gummiring passend f\u00fcr Hundebar: Artikel 24922 Ma\u00dfe: ca. 1,5 l\/\u00f8 24 cm Sp\u00fclmaschinengeeignet (vor dem Sp\u00fclgang bitte Gummielemente entfernen)<\/p>\n","protected":false},"featured_media":52343,"comment_status":"closed","ping_status":"open","template":"","meta":[],"product_cat":[15613],"product_tag":[],"class_list":{"0":"post-52347","1":"product","2":"type-product","3":"status-publish","4":"has-post-thumbnail","6":"product_cat-napfstaender-hundenaepfe-traenken-futter-wassernaepfehundewelt-hundenaepfe-traenken","8":"first","9":"instock","10":"taxable","11":"shipping-taxable","12":"purchasable","13":"product-type-simple"},"_links":{"self":[{"href":"https:\/\/all-pets.de\/shop\/wp-json\/wp\/v2\/product\/52347","targetHints":{"allow":["GET"]}}],"collection":[{"href":"https:\/\/all-pets.de\/shop\/wp-json\/wp\/v2\/product"}],"about":[{"href":"https:\/\/all-pets.de\/shop\/wp-json\/wp\/v2\/types\/product"}],"replies":[{"embeddable":true,"href":"https:\/\/all-pets.de\/shop\/wp-json\/wp\/v2\/comments?post=52347"}],"wp:featuredmedia":[{"embeddable":true,"href":"https:\/\/all-pets.de\/shop\/wp-json\/wp\/v2\/media\/52343"}],"wp:attachment":[{"href":"https:\/\/all-pets.de\/shop\/wp-json\/wp\/v2\/media?parent=52347"}],"wp:term":[{"taxonomy":"product_cat","embeddable":true,"href":"https:\/\/all-pets.de\/shop\/wp-json\/wp\/v2\/product_cat?post=52347"},{"taxonomy":"product_tag","embeddable":true,"href":"https:\/\/all-pets.de\/shop\/wp-json\/wp\/v2\/product_tag?post=52347"}],"curies":[{"name":"wp","href":"https:\/\/api.w.org\/{rel}","templated":true}]}}