{"id":52348,"date":"2023-12-12T12:42:31","date_gmt":"2023-12-12T11:42:31","guid":{"rendered":"https:\/\/pet-shopping.de\/shop\/produkt\/hunter-halsband-round-soft-petit-s-30-33-cm\/"},"modified":"2023-12-12T12:42:31","modified_gmt":"2023-12-12T11:42:31","slug":"hunter-halsband-round-soft-petit-s-30-33-cm","status":"publish","type":"product","link":"https:\/\/all-pets.de\/shop\/produkt\/hunter-halsband-round-soft-petit-s-30-33-cm\/","title":{"rendered":"Hunter Halsband Round &#038; Soft Petit &#8211; S: 30-33 cm"},"content":{"rendered":"<p>Hunter Halsband Round &#038; Soft Petit aus Elchleder in der Farbe hellbraun. Die Qualit\u00e4tsmerkmale dieses hochwertigen Elchleder Halsbandes auf einen Blick: Elchleder, rundgen\u00e4ht, Metallteil vernickelt, mit Lederkappen, robuste und rei\u00dffeste Nyloneinlage.<\/p>\n<p><\/p>\n","protected":false},"excerpt":{"rendered":"<p>Hunter Halsband Round &#038; Soft Petit aus Elchleder in der Farbe hellbraun. Die Qualit\u00e4tsmerkmale dieses hochwertigen Elchleder Halsbandes auf einen Blick: Elchleder, rundgen\u00e4ht, Metallteil vernickelt, mit Lederkappen, robuste und rei\u00dffeste Nyloneinlage.<\/p>\n","protected":false},"featured_media":24117,"comment_status":"closed","ping_status":"open","template":"","meta":[],"product_cat":[13790],"product_tag":[],"class_list":{"0":"post-52348","1":"product","2":"type-product","3":"status-publish","4":"has-post-thumbnail","6":"product_cat-lederhalsbaender","8":"first","9":"instock","10":"taxable","11":"shipping-taxable","12":"purchasable","13":"product-type-simple"},"_links":{"self":[{"href":"https:\/\/all-pets.de\/shop\/wp-json\/wp\/v2\/product\/52348","targetHints":{"allow":["GET"]}}],"collection":[{"href":"https:\/\/all-pets.de\/shop\/wp-json\/wp\/v2\/product"}],"about":[{"href":"https:\/\/all-pets.de\/shop\/wp-json\/wp\/v2\/types\/product"}],"replies":[{"embeddable":true,"href":"https:\/\/all-pets.de\/shop\/wp-json\/wp\/v2\/comments?post=52348"}],"wp:featuredmedia":[{"embeddable":true,"href":"https:\/\/all-pets.de\/shop\/wp-json\/wp\/v2\/media\/24117"}],"wp:attachment":[{"href":"https:\/\/all-pets.de\/shop\/wp-json\/wp\/v2\/media?parent=52348"}],"wp:term":[{"taxonomy":"product_cat","embeddable":true,"href":"https:\/\/all-pets.de\/shop\/wp-json\/wp\/v2\/product_cat?post=52348"},{"taxonomy":"product_tag","embeddable":true,"href":"https:\/\/all-pets.de\/shop\/wp-json\/wp\/v2\/product_tag?post=52348"}],"curies":[{"name":"wp","href":"https:\/\/api.w.org\/{rel}","templated":true}]}}