{"id":52358,"date":"2023-12-12T12:42:31","date_gmt":"2023-12-12T11:42:31","guid":{"rendered":"https:\/\/pet-shopping.de\/shop\/produkt\/karlie-flamingo-strong-stuff-shots-cube-klein\/"},"modified":"2023-12-12T12:42:33","modified_gmt":"2023-12-12T11:42:33","slug":"karlie-flamingo-strong-stuff-shots-cube-klein","status":"publish","type":"product","link":"https:\/\/all-pets.de\/shop\/produkt\/karlie-flamingo-strong-stuff-shots-cube-klein\/","title":{"rendered":"Karlie Flamingo Strong Stuff Shots Cube &#8211; Klein"},"content":{"rendered":"<p>Die Strong Stuff Kauspielzeuge bestehen aus super robustem TPR und sind nahezu unzerst\u00f6rbar. Da sie schwimmf\u00e4hig sind, eignen sie sich zudem auch perfekt f\u00fcr einen Spaziergang am See.<\/p>\n<p>Gr\u00f6\u00dfe: ca. 6 x 5,5 x 4,5 cm<br \/> Farbe: Pink<\/p>\n","protected":false},"excerpt":{"rendered":"<p>Die Strong Stuff Kauspielzeuge bestehen aus super robustem TPR und sind nahezu unzerst\u00f6rbar. Da sie schwimmf\u00e4hig sind, eignen sie sich zudem auch perfekt f\u00fcr einen Spaziergang am See. Gr\u00f6\u00dfe: ca. 6 x 5,5 x 4,5 cm Farbe: Pink<\/p>\n","protected":false},"featured_media":24172,"comment_status":"closed","ping_status":"open","template":"","meta":[],"product_cat":[13806],"product_tag":[],"class_list":{"0":"post-52358","1":"product","2":"type-product","3":"status-publish","4":"has-post-thumbnail","6":"product_cat-weitere-spielzeuge-hundespielzeug-sport-aqua-spielzeughundewelt","8":"first","9":"instock","10":"taxable","11":"shipping-taxable","12":"purchasable","13":"product-type-simple"},"_links":{"self":[{"href":"https:\/\/all-pets.de\/shop\/wp-json\/wp\/v2\/product\/52358","targetHints":{"allow":["GET"]}}],"collection":[{"href":"https:\/\/all-pets.de\/shop\/wp-json\/wp\/v2\/product"}],"about":[{"href":"https:\/\/all-pets.de\/shop\/wp-json\/wp\/v2\/types\/product"}],"replies":[{"embeddable":true,"href":"https:\/\/all-pets.de\/shop\/wp-json\/wp\/v2\/comments?post=52358"}],"wp:featuredmedia":[{"embeddable":true,"href":"https:\/\/all-pets.de\/shop\/wp-json\/wp\/v2\/media\/24172"}],"wp:attachment":[{"href":"https:\/\/all-pets.de\/shop\/wp-json\/wp\/v2\/media?parent=52358"}],"wp:term":[{"taxonomy":"product_cat","embeddable":true,"href":"https:\/\/all-pets.de\/shop\/wp-json\/wp\/v2\/product_cat?post=52358"},{"taxonomy":"product_tag","embeddable":true,"href":"https:\/\/all-pets.de\/shop\/wp-json\/wp\/v2\/product_tag?post=52358"}],"curies":[{"name":"wp","href":"https:\/\/api.w.org\/{rel}","templated":true}]}}