{"id":52364,"date":"2023-12-12T12:42:34","date_gmt":"2023-12-12T11:42:34","guid":{"rendered":"https:\/\/pet-shopping.de\/shop\/produkt\/larsson-farm-olivenholz-kaustange-jumbo\/"},"modified":"2023-12-12T12:42:34","modified_gmt":"2023-12-12T11:42:34","slug":"larsson-farm-olivenholz-kaustange-jumbo","status":"publish","type":"product","link":"https:\/\/all-pets.de\/shop\/produkt\/larsson-farm-olivenholz-kaustange-jumbo\/","title":{"rendered":"Larsson Farm Olivenholz Kaustange &#8211; Jumbo"},"content":{"rendered":"<div style=\"text-indent: 0.0px\">Hunde lieben es Ihr Kaubed\u00fcrfnis durchKauen auf Holz zu befriedigen. Fast bei jedem Spaziergang durch den Wald schleppt Ihr Hund einen Ast oder ein St\u00fcck Holz mit nach Hause. <\/div>\n<div style=\"text-indent: 0.0px\">Als alternative nun zu unserem beliebten Gorilla Kauholz oder Kaustangenk\u00f6nnen Sie nun das Knabber- &#038; Kaubed\u00fcrfnis Ihres Hundes mit denOlivenholz Kaustangen bes\u00e4nftigen. Mit einer angeschliffenen Rinde sindsie noch verlockender f\u00fcr Ihren Vierbeiner. <\/div>\n<div style=\"text-indent: 0.0px\">Genau wie bei den Kaffeeholz Kaustangen zerkaut ihr Hund das Olivenholz inkleine Fasern, welche gefahrlos heruntergeschluckt werden k\u00f6nnen und auf nat\u00fcrlichem Wege verdaut werden. \u00a0Somit entstehen keine Splitter,welche ihren Hund verletzten k\u00f6nnten. <\/div>\n<div style=\"text-indent: 0.0px\">Mit dem Olivenholz ist somit der Kauspa\u00df garantiert und das Verletzungsrisiko minimiert. <\/div>\n<div style=\"text-indent: 0.0px\">\n<ul>\n<li>Alle Vorz\u00fcge des Olivenholzes auf einen Blick: <\/li>\n<li>Geruchsarm<\/li>\n<li>Kein Verletzungsrisiko<\/li>\n<li>Keine Gewichts &#8211; Zunahme<\/li>\n<li>Nat\u00fcrlich und absolut ungiftig<\/li>\n<li>Unwiderstehlicher nat\u00fcrlicher \u00a0Geschmack, da die Rinde noch teilweise vorhanden ist <\/li>\n<li>Das Holz l\u00f6st sich in Fasern auf, welche unbedenklich heruntergeschluckt werden k\u00f6nnen<\/li>\n<\/ul>\n<\/div>\n<div style=\"text-indent: 0px\">Bitte ber\u00fccksichtigen Sie bei der Auswahl der Gr\u00f6\u00dfe der Kaustangen die Gr\u00f6\u00dfe und Bei\u00dfkraft Ihres Hundes<\/div>\n<p style=\"text-indent: 0px\">Gr\u00f6\u00dfe Jumbo &#8211; mindestens ca. 400g <\/p>\n","protected":false},"excerpt":{"rendered":"<p>Hunde lieben es Ihr Kaubed\u00fcrfnis durchKauen auf Holz zu befriedigen. Fast bei jedem Spaziergang durch den Wald schleppt Ihr Hund einen Ast oder ein St\u00fcck Holz mit nach Hause. Als alternative nun zu unserem beliebten Gorilla Kauholz oder Kaustangenk\u00f6nnen Sie nun das Knabber- &#038; Kaubed\u00fcrfnis Ihres Hundes mit denOlivenholz Kaustangen bes\u00e4nftigen. Mit einer angeschliffenen Rinde [&hellip;]<\/p>\n","protected":false},"featured_media":52365,"comment_status":"closed","ping_status":"open","template":"","meta":[],"product_cat":[15614],"product_tag":[],"class_list":{"0":"post-52364","1":"product","2":"type-product","3":"status-publish","4":"has-post-thumbnail","6":"product_cat-larsson-farm","8":"first","9":"instock","10":"taxable","11":"shipping-taxable","12":"purchasable","13":"product-type-simple"},"_links":{"self":[{"href":"https:\/\/all-pets.de\/shop\/wp-json\/wp\/v2\/product\/52364","targetHints":{"allow":["GET"]}}],"collection":[{"href":"https:\/\/all-pets.de\/shop\/wp-json\/wp\/v2\/product"}],"about":[{"href":"https:\/\/all-pets.de\/shop\/wp-json\/wp\/v2\/types\/product"}],"replies":[{"embeddable":true,"href":"https:\/\/all-pets.de\/shop\/wp-json\/wp\/v2\/comments?post=52364"}],"wp:featuredmedia":[{"embeddable":true,"href":"https:\/\/all-pets.de\/shop\/wp-json\/wp\/v2\/media\/52365"}],"wp:attachment":[{"href":"https:\/\/all-pets.de\/shop\/wp-json\/wp\/v2\/media?parent=52364"}],"wp:term":[{"taxonomy":"product_cat","embeddable":true,"href":"https:\/\/all-pets.de\/shop\/wp-json\/wp\/v2\/product_cat?post=52364"},{"taxonomy":"product_tag","embeddable":true,"href":"https:\/\/all-pets.de\/shop\/wp-json\/wp\/v2\/product_tag?post=52364"}],"curies":[{"name":"wp","href":"https:\/\/api.w.org\/{rel}","templated":true}]}}