{"id":52371,"date":"2023-12-12T12:42:36","date_gmt":"2023-12-12T11:42:36","guid":{"rendered":"https:\/\/pet-shopping.de\/shop\/produkt\/karlie-flamingo-strong-stuff-shots-ball-9-cm\/"},"modified":"2023-12-12T12:42:36","modified_gmt":"2023-12-12T11:42:36","slug":"karlie-flamingo-strong-stuff-shots-ball-9-cm","status":"publish","type":"product","link":"https:\/\/all-pets.de\/shop\/produkt\/karlie-flamingo-strong-stuff-shots-ball-9-cm\/","title":{"rendered":"Karlie Flamingo Strong Stuff Shots Ball &#8211; 9 cm"},"content":{"rendered":"<p>Die Strong Stuff Kauspielzeuge bestehen aus super robustem TPR und sind nahezu unzerst\u00f6rbar. Da sie schwimmf\u00e4hig sind, eignen sie sich zudem auch perfekt f\u00fcr einen Spaziergang am See.<\/p>\n<p>Durchmesser: ca. 9 cm<br \/> Farbe: Pink<\/p>\n","protected":false},"excerpt":{"rendered":"<p>Die Strong Stuff Kauspielzeuge bestehen aus super robustem TPR und sind nahezu unzerst\u00f6rbar. Da sie schwimmf\u00e4hig sind, eignen sie sich zudem auch perfekt f\u00fcr einen Spaziergang am See. Durchmesser: ca. 9 cm Farbe: Pink<\/p>\n","protected":false},"featured_media":24203,"comment_status":"closed","ping_status":"open","template":"","meta":[],"product_cat":[14199],"product_tag":[],"class_list":{"0":"post-52371","1":"product","2":"type-product","3":"status-publish","4":"has-post-thumbnail","6":"product_cat-aqua-spielzeug-hundespielzeug-sport-hundebaellehundewelt","8":"first","9":"instock","10":"taxable","11":"shipping-taxable","12":"purchasable","13":"product-type-simple"},"_links":{"self":[{"href":"https:\/\/all-pets.de\/shop\/wp-json\/wp\/v2\/product\/52371","targetHints":{"allow":["GET"]}}],"collection":[{"href":"https:\/\/all-pets.de\/shop\/wp-json\/wp\/v2\/product"}],"about":[{"href":"https:\/\/all-pets.de\/shop\/wp-json\/wp\/v2\/types\/product"}],"replies":[{"embeddable":true,"href":"https:\/\/all-pets.de\/shop\/wp-json\/wp\/v2\/comments?post=52371"}],"wp:featuredmedia":[{"embeddable":true,"href":"https:\/\/all-pets.de\/shop\/wp-json\/wp\/v2\/media\/24203"}],"wp:attachment":[{"href":"https:\/\/all-pets.de\/shop\/wp-json\/wp\/v2\/media?parent=52371"}],"wp:term":[{"taxonomy":"product_cat","embeddable":true,"href":"https:\/\/all-pets.de\/shop\/wp-json\/wp\/v2\/product_cat?post=52371"},{"taxonomy":"product_tag","embeddable":true,"href":"https:\/\/all-pets.de\/shop\/wp-json\/wp\/v2\/product_tag?post=52371"}],"curies":[{"name":"wp","href":"https:\/\/api.w.org\/{rel}","templated":true}]}}