{"id":52379,"date":"2023-12-12T12:42:36","date_gmt":"2023-12-12T11:42:36","guid":{"rendered":"https:\/\/pet-shopping.de\/shop\/produkt\/karlie-flamingo-napf-kristall-good-360-ml-schwarz\/"},"modified":"2023-12-12T12:42:37","modified_gmt":"2023-12-12T11:42:37","slug":"karlie-flamingo-napf-kristall-good-360-ml-schwarz","status":"publish","type":"product","link":"https:\/\/all-pets.de\/shop\/produkt\/karlie-flamingo-napf-kristall-good-360-ml-schwarz\/","title":{"rendered":"Karlie Flamingo Napf Kristall Good &#8211; 360 ml &#8211; Schwarz"},"content":{"rendered":"<p>Der hochwertige und moderne Napf Kristall Good besticht durch seine frischen Farben und sein tolles Design.<\/p>\n<p>Durch die Pfoten-Pr\u00e4gung dient der Napf auch als Anti-Schling-Napf. Selbstverst\u00e4ndlich ist der Napf Kristall Good sp\u00fclmaschinengeeignet und wird so spielend leicht wieder blitzblank.<\/p>\n<p>Der Napf hat ein Fassungsverm\u00f6gen von ca. 360 ml und eine Gr\u00f6\u00dfe von ca. 14 x 14 cm (LxB).<\/p>\n<p>Farbe: Schwarz<\/p>\n","protected":false},"excerpt":{"rendered":"<p>Der hochwertige und moderne Napf Kristall Good besticht durch seine frischen Farben und sein tolles Design. Durch die Pfoten-Pr\u00e4gung dient der Napf auch als Anti-Schling-Napf. Selbstverst\u00e4ndlich ist der Napf Kristall Good sp\u00fclmaschinengeeignet und wird so spielend leicht wieder blitzblank. Der Napf hat ein Fassungsverm\u00f6gen von ca. 360 ml und eine Gr\u00f6\u00dfe von ca. 14 x [&hellip;]<\/p>\n","protected":false},"featured_media":24221,"comment_status":"closed","ping_status":"open","template":"","meta":[],"product_cat":[14361],"product_tag":[],"class_list":{"0":"post-52379","1":"product","2":"type-product","3":"status-publish","4":"has-post-thumbnail","6":"product_cat-futter-wassernaepfe-hundenaepfe-traenken","8":"first","9":"instock","10":"taxable","11":"shipping-taxable","12":"purchasable","13":"product-type-simple"},"_links":{"self":[{"href":"https:\/\/all-pets.de\/shop\/wp-json\/wp\/v2\/product\/52379","targetHints":{"allow":["GET"]}}],"collection":[{"href":"https:\/\/all-pets.de\/shop\/wp-json\/wp\/v2\/product"}],"about":[{"href":"https:\/\/all-pets.de\/shop\/wp-json\/wp\/v2\/types\/product"}],"replies":[{"embeddable":true,"href":"https:\/\/all-pets.de\/shop\/wp-json\/wp\/v2\/comments?post=52379"}],"wp:featuredmedia":[{"embeddable":true,"href":"https:\/\/all-pets.de\/shop\/wp-json\/wp\/v2\/media\/24221"}],"wp:attachment":[{"href":"https:\/\/all-pets.de\/shop\/wp-json\/wp\/v2\/media?parent=52379"}],"wp:term":[{"taxonomy":"product_cat","embeddable":true,"href":"https:\/\/all-pets.de\/shop\/wp-json\/wp\/v2\/product_cat?post=52379"},{"taxonomy":"product_tag","embeddable":true,"href":"https:\/\/all-pets.de\/shop\/wp-json\/wp\/v2\/product_tag?post=52379"}],"curies":[{"name":"wp","href":"https:\/\/api.w.org\/{rel}","templated":true}]}}