{"id":52380,"date":"2023-12-12T12:42:36","date_gmt":"2023-12-12T11:42:36","guid":{"rendered":"https:\/\/pet-shopping.de\/shop\/produkt\/karlie-flamingo-napf-kaleido-400-ml-hellblau\/"},"modified":"2023-12-12T12:42:37","modified_gmt":"2023-12-12T11:42:37","slug":"karlie-flamingo-napf-kaleido-400-ml-hellblau","status":"publish","type":"product","link":"https:\/\/all-pets.de\/shop\/produkt\/karlie-flamingo-napf-kaleido-400-ml-hellblau\/","title":{"rendered":"Karlie Flamingo Napf Kaleido &#8211; 400 ml &#8211; Hellblau"},"content":{"rendered":"<p>Der hochwertige und moderne Napf Kaleido besticht nicht nur durch seine frischen Farben, sondern auch durch seine praktische Handhabung.<\/p>\n<p>Der Innenteil des Napfes, der durch seine Pfoten-Pr\u00e4gung auch als Anti-Schling-Napf dient, ist herausnehmbar und kann so einfach bef\u00fcllt und gereinigt werden, per Hand oder auch in der Sp\u00fclmaschine.<\/p>\n<p>Der Napf hat ein Fassungsverm\u00f6gen von ca. 400 ml und einen Durchmesser von ca. 14 cm.<\/p>\n<p>Farbe: Hellblau<\/p>\n","protected":false},"excerpt":{"rendered":"<p>Der hochwertige und moderne Napf Kaleido besticht nicht nur durch seine frischen Farben, sondern auch durch seine praktische Handhabung. Der Innenteil des Napfes, der durch seine Pfoten-Pr\u00e4gung auch als Anti-Schling-Napf dient, ist herausnehmbar und kann so einfach bef\u00fcllt und gereinigt werden, per Hand oder auch in der Sp\u00fclmaschine. Der Napf hat ein Fassungsverm\u00f6gen von ca. [&hellip;]<\/p>\n","protected":false},"featured_media":24253,"comment_status":"closed","ping_status":"open","template":"","meta":[],"product_cat":[14136],"product_tag":[],"class_list":{"0":"post-52380","1":"product","2":"type-product","3":"status-publish","4":"has-post-thumbnail","6":"product_cat-futter-wassernaepfe-katzennaepfe-traenken-futter-wassernaepfekatzenwelt-hundenaepfe-traenken","8":"first","9":"instock","10":"taxable","11":"shipping-taxable","12":"purchasable","13":"product-type-simple"},"_links":{"self":[{"href":"https:\/\/all-pets.de\/shop\/wp-json\/wp\/v2\/product\/52380","targetHints":{"allow":["GET"]}}],"collection":[{"href":"https:\/\/all-pets.de\/shop\/wp-json\/wp\/v2\/product"}],"about":[{"href":"https:\/\/all-pets.de\/shop\/wp-json\/wp\/v2\/types\/product"}],"replies":[{"embeddable":true,"href":"https:\/\/all-pets.de\/shop\/wp-json\/wp\/v2\/comments?post=52380"}],"wp:featuredmedia":[{"embeddable":true,"href":"https:\/\/all-pets.de\/shop\/wp-json\/wp\/v2\/media\/24253"}],"wp:attachment":[{"href":"https:\/\/all-pets.de\/shop\/wp-json\/wp\/v2\/media?parent=52380"}],"wp:term":[{"taxonomy":"product_cat","embeddable":true,"href":"https:\/\/all-pets.de\/shop\/wp-json\/wp\/v2\/product_cat?post=52380"},{"taxonomy":"product_tag","embeddable":true,"href":"https:\/\/all-pets.de\/shop\/wp-json\/wp\/v2\/product_tag?post=52380"}],"curies":[{"name":"wp","href":"https:\/\/api.w.org\/{rel}","templated":true}]}}