{"id":52384,"date":"2023-12-12T12:42:38","date_gmt":"2023-12-12T11:42:38","guid":{"rendered":"https:\/\/pet-shopping.de\/shop\/produkt\/dd-lifestyle-royalty-35-farbe-desert-black\/"},"modified":"2023-12-12T12:42:39","modified_gmt":"2023-12-12T11:42:39","slug":"dd-lifestyle-royalty-35-farbe-desert-black","status":"publish","type":"product","link":"https:\/\/all-pets.de\/shop\/produkt\/dd-lifestyle-royalty-35-farbe-desert-black\/","title":{"rendered":"D&#038;D Lifestyle Royalty 35 &#8211; Farbe: Desert-Black"},"content":{"rendered":"<div class=\"std\">D&#038;D Lifestyle 2.0 f\u00fcr Ihre Katze! Extravagantes und charakterstarkes Kissendesign in schwerer Canvas-Qualit\u00e4t. Obermaterial: 100% Canvas (Baumwolle) Innenmaterial: 100% Polyester mit Volumeneffekt. <\/p>\n<p>Gr\u00f6\u00dfe: 35 x 35 x 18 cm <\/p>\n<p>Farbe: Desert-Black<\/p>\n<p><strong>Waschanleitung: <\/strong><\/p>\n<p>Maschinenwaschbar bei max. 30\u00b0C, nicht b\u00fcgeln, nicht chemisch reinigen, nicht bleichen, nicht trommeltrocknen<\/p>\n<p>Aussenstoff: 100% Canvas<br \/> Innenstoff: 100% Polyester<\/div>\n","protected":false},"excerpt":{"rendered":"<p>D&#038;D Lifestyle 2.0 f\u00fcr Ihre Katze! Extravagantes und charakterstarkes Kissendesign in schwerer Canvas-Qualit\u00e4t. Obermaterial: 100% Canvas (Baumwolle) Innenmaterial: 100% Polyester mit Volumeneffekt. Gr\u00f6\u00dfe: 35 x 35 x 18 cm Farbe: Desert-Black Waschanleitung: Maschinenwaschbar bei max. 30\u00b0C, nicht b\u00fcgeln, nicht chemisch reinigen, nicht bleichen, nicht trommeltrocknen Aussenstoff: 100% Canvas Innenstoff: 100% Polyester<\/p>\n","protected":false},"featured_media":24317,"comment_status":"closed","ping_status":"open","template":"","meta":[],"product_cat":[15615],"product_tag":[],"class_list":{"0":"post-52384","1":"product","2":"type-product","3":"status-publish","4":"has-post-thumbnail","6":"product_cat-katzenkissen-katzenbetten-katzenkoerbe-haeuser-hoehlenkatzenwelt","8":"first","9":"instock","10":"taxable","11":"shipping-taxable","12":"purchasable","13":"product-type-simple"},"_links":{"self":[{"href":"https:\/\/all-pets.de\/shop\/wp-json\/wp\/v2\/product\/52384","targetHints":{"allow":["GET"]}}],"collection":[{"href":"https:\/\/all-pets.de\/shop\/wp-json\/wp\/v2\/product"}],"about":[{"href":"https:\/\/all-pets.de\/shop\/wp-json\/wp\/v2\/types\/product"}],"replies":[{"embeddable":true,"href":"https:\/\/all-pets.de\/shop\/wp-json\/wp\/v2\/comments?post=52384"}],"wp:featuredmedia":[{"embeddable":true,"href":"https:\/\/all-pets.de\/shop\/wp-json\/wp\/v2\/media\/24317"}],"wp:attachment":[{"href":"https:\/\/all-pets.de\/shop\/wp-json\/wp\/v2\/media?parent=52384"}],"wp:term":[{"taxonomy":"product_cat","embeddable":true,"href":"https:\/\/all-pets.de\/shop\/wp-json\/wp\/v2\/product_cat?post=52384"},{"taxonomy":"product_tag","embeddable":true,"href":"https:\/\/all-pets.de\/shop\/wp-json\/wp\/v2\/product_tag?post=52384"}],"curies":[{"name":"wp","href":"https:\/\/api.w.org\/{rel}","templated":true}]}}