{"id":52396,"date":"2023-12-12T12:42:41","date_gmt":"2023-12-12T11:42:41","guid":{"rendered":"https:\/\/pet-shopping.de\/shop\/produkt\/wild-dinner-rind-getreidefrei-500-g\/"},"modified":"2023-12-12T12:42:42","modified_gmt":"2023-12-12T11:42:42","slug":"wild-dinner-rind-getreidefrei-500-g","status":"publish","type":"product","link":"https:\/\/all-pets.de\/shop\/produkt\/wild-dinner-rind-getreidefrei-500-g\/","title":{"rendered":"Wild Dinner Rind &#8211; Getreidefrei &#8211; 500 g"},"content":{"rendered":"<p>Pet-Star Wild Dinner &#8211; Premium Dog Food<br \/><strong><br \/> Rind mit Kartoffel und Erbsen<br \/> Getreidefrei &#8211; Grain Free<\/strong><\/p>\n<p>Alleinfuttermittel f\u00fcr Hunde jeden Alters<\/p>\n<p>&#8211; Hoher Fleischanteil<br \/> &#8211; Frei von Gentechnik<br \/> &#8211; Hypoallergen<br \/> &#8211; Sensible Verdauung<br \/> &#8211; Mit Lachs\u00f6l<br \/> &#8211; Keine k\u00fcnstlichen Farb- und Konservierungsstoffe<br \/> &#8211; Gluten-frei<\/p>\n<p class=\"NurText\">Zusammensetzung: Zusammensetzung: Rindermehl 41,5%, Kartoffelmehl 29,435%, Rinder- und Schweinefett 10%, Erbsenmehl 9%, R\u00fcbenschnitzel 2%, Leberbr\u00fche 2%, Bierhefe 1%, getrocknete Karotten 1%, getrocknete \u00c4pfel 1%, Vitamine und Mineralstoffe 1%, Lachs\u00f6l 1%, Leinsamen 0,5%, Kr\u00e4uter und Gew\u00fcrze 0,05%, Ingwer 0,05%, Probiotika 0,05%, Schimmelpilzblocker 0,03%, Zimt 0,03%, Antioxidantien 0,03%, Pfefferminze 0,02%, Yucca schidigera 0,02%, Glucosaminsulfat 0,01%, Chondroitinsulfat 0,005%<\/p>\n<p class=\"NurText\">Technologische Zusatzstoffe: Nat\u00fcrliche Antioxidantien, Tocopherol-Extrakte aus Pflanzen\u00f6len (1b306i), Konservierungsmittel, Schimmelpilzblocker <\/p>\n<p class=\"NurText\">Probiotische Zusatzstoffe: Enterococcus faecium NCIMB 10415 (4b1705)<\/p>\n<p class=\"NurText\">Analytische Bestandteile: Feuchtigkeit 9,00 %, Rohprotein 28,00 %, Fette 16,00 %, Fasern 2,90 %, Kalzium 1,625 %, Phosphor 0,826 %, Chloride 0,443 %, Rohasche 9,10 %\u00a0\u00a0\u00a0 <\/p>\n<p>Ern\u00e4hrungsphysiologische Zusatzstoffe pro kg: Vitamin A (Retinylacetat)(3a672a)18000 IU, Vitamin D3 (Cholecalciferol)(3a671) 1200 IU, Vitamin E (DL-?-Tocopherylacetat)(3a700) 300 mg, Vitamin K3 (als MNB)(3a711) 2 mg, Vitamin B1 (Thiaminmononitrat)(3a821) 6 mg, Vitamin B2 (Riboflavin)(3a825ii) 30 mg, Pantothens\u00e4ure (Ca-D-Pantothenat)(3a841) 80 mg, Vitamin B6 (Pyridoxin)(3a831) 30 mg, Vitamin B12 (Cyanocobalamin) 0,08 mg, Vitamin C (Natriumcalciumascorbylphosphat)(3a312) 150 mg, Niacin (Nicotins\u00e4ure)(3a314) 100 mg, Fols\u00e4ure (3a316) 1,5 mg, Biotin (3a880) 5 mg, Cholinchlorid (3a890) 1000 mg, Eisen (Eisen(II)-sulfat-Monohydrat)(3b103) 45 mg, Eisen (Eisenchelat aus Proteinhydrolysaten)(3b107) 45 mg, Jod (beschichtetes granuliertes Calciumjodat wasserfrei) (3b203) 1,8 mg, Mangan (Mangan(II)oxid)(3b502) 30 mg, Mangan (Manganchelat aus Proteinhydrolysaten) (3b505) 30 mg, Kupfer (Kupfer(II)-sulfat-Pentahydrat)(3b405) 7,5mg, Kupfer (Kupfer(II)-chelat aus Proteinhydrolysaten)(3b407) 7,5mg, Zink (Zinkoxid)(3b603) 60mg, Zink (Zinkchelat von Proteinhydrolysaten)(3b612) 60mg, Selen (beschichtetes granuliertes Natriumselenit)(3b802) 0,2mg\/kg, Selen (mit Selen angereicherte inaktivierte Hefen)(3b8.12) 0,2mg, Glucosaminsulfat 100 mg, Chondroitinsulfat 50 mg<\/p>\n<p>F\u00fctterungsempfehlung:<em><\/em><\/p>\n<p class=\"NurText\"><em>Gewicht des Hundes: 1-2 kg<\/em><br \/> ruhiger Hund: 33-39 g<br \/> aktiver Hund: 43-55 g<em><\/em><\/p>\n<p class=\"NurText\"><em>Gewicht des Hundes: 2-10 kg<\/em><br \/> ruhiger Hund: 39-187 g<br \/> aktiver Hund: 55-230 g<em><\/em><\/p>\n<p class=\"NurText\"><em>Gewicht des Hundes: 10-20 kg<\/em><br \/> ruhiger Hund: 187-291 g<br \/> aktiver Hund: 230-360 g<em><\/em><\/p>\n<p class=\"NurText\"><em>Gewicht des Hundes: 20-30 kg<\/em><br \/> ruhiger Hund: 291-395 g<br \/> aktiver Hund: 360-490 g<em><\/em><\/p>\n<p class=\"NurText\"><em>Gewicht des Hundes: 30-50 kg<\/em><br \/> ruhiger Hund: 395-579 g<br \/> aktiver Hund: 490-720 g<em><\/em><\/p>\n<p class=\"NurText\"><em>Gewicht des Hundes: 50-70 kg<\/em><br \/> ruhiger Hund: 579-745 g<br \/> aktiver Hund: 720-950 g<\/p>\n<p class=\"NurText\">Die empfohlene Futtermenge gilt pro Tier und Tag. Das Produkt kann trocken oder mit etwas Wasser gemischt gef\u00fcttert werden. Der Hund sollte immer ausreichend frisches Wasser zur Verf\u00fcgung haben. Jeder Hund ist anders. Die Rasse, das Alter, Temperament und Aktivit\u00e4t des einzelnen Hundes sollte deshalb ber\u00fccksichtigt werden. Im Falle einer \u00c4nderung der F\u00fctterung unbedingt langsam \u00fcber 2 Wochen \u00e4ndern.<\/p><\/p>\n","protected":false},"excerpt":{"rendered":"<p>Pet-Star Wild Dinner &#8211; Premium Dog Food Rind mit Kartoffel und Erbsen Getreidefrei &#8211; Grain Free Alleinfuttermittel f\u00fcr Hunde jeden Alters &#8211; Hoher Fleischanteil &#8211; Frei von Gentechnik &#8211; Hypoallergen &#8211; Sensible Verdauung &#8211; Mit Lachs\u00f6l &#8211; Keine k\u00fcnstlichen Farb- und Konservierungsstoffe &#8211; Gluten-frei Zusammensetzung: Zusammensetzung: Rindermehl 41,5%, Kartoffelmehl 29,435%, Rinder- und Schweinefett 10%, Erbsenmehl [&hellip;]<\/p>\n","protected":false},"featured_media":52397,"comment_status":"closed","ping_status":"open","template":"","meta":[],"product_cat":[15618],"product_tag":[],"class_list":{"0":"post-52396","1":"product","2":"type-product","3":"status-publish","4":"has-post-thumbnail","6":"product_cat-pet-star-hundetrockenfutter-pet-starhundewelt-getreidefrei","8":"first","9":"instock","10":"taxable","11":"shipping-taxable","12":"purchasable","13":"product-type-simple"},"_links":{"self":[{"href":"https:\/\/all-pets.de\/shop\/wp-json\/wp\/v2\/product\/52396","targetHints":{"allow":["GET"]}}],"collection":[{"href":"https:\/\/all-pets.de\/shop\/wp-json\/wp\/v2\/product"}],"about":[{"href":"https:\/\/all-pets.de\/shop\/wp-json\/wp\/v2\/types\/product"}],"replies":[{"embeddable":true,"href":"https:\/\/all-pets.de\/shop\/wp-json\/wp\/v2\/comments?post=52396"}],"wp:featuredmedia":[{"embeddable":true,"href":"https:\/\/all-pets.de\/shop\/wp-json\/wp\/v2\/media\/52397"}],"wp:attachment":[{"href":"https:\/\/all-pets.de\/shop\/wp-json\/wp\/v2\/media?parent=52396"}],"wp:term":[{"taxonomy":"product_cat","embeddable":true,"href":"https:\/\/all-pets.de\/shop\/wp-json\/wp\/v2\/product_cat?post=52396"},{"taxonomy":"product_tag","embeddable":true,"href":"https:\/\/all-pets.de\/shop\/wp-json\/wp\/v2\/product_tag?post=52396"}],"curies":[{"name":"wp","href":"https:\/\/api.w.org\/{rel}","templated":true}]}}