{"id":52415,"date":"2023-12-12T12:42:44","date_gmt":"2023-12-12T11:42:44","guid":{"rendered":"https:\/\/pet-shopping.de\/shop\/produkt\/karlie-xtreme-no-limit-teflon-geschirr-rot-38mm-x-58-71cm\/"},"modified":"2023-12-12T12:42:45","modified_gmt":"2023-12-12T11:42:45","slug":"karlie-xtreme-no-limit-teflon-geschirr-rot-38mm-x-58-71cm","status":"publish","type":"product","link":"https:\/\/all-pets.de\/shop\/produkt\/karlie-xtreme-no-limit-teflon-geschirr-rot-38mm-x-58-71cm\/","title":{"rendered":"Karlie Xtreme No Limit Teflon-Geschirr &#8211; Rot &#8211; 38mm x 58 &#8211; 71cm"},"content":{"rendered":"<p>Das brandneue Hightech-Modell unter den Geschirren!<\/p>\n<p>Die Xtreme Geschirre von Karlie besitzen einen integrierten Haltegriff, extra starke N\u00e4hte und einen reflektierenden Streifen am Brustgurt. Der Druck wird durch eine spezielle entlastende Polsterung optimal verteilt. Sie bestehen aus strapazierf\u00e4higem, robusten Nylonmaterial und sind in dieser Ausf\u00fchrung zus\u00e4tzlich noch mit Teflon beschichtet. Seitlich sind die Geschirre mit Klettstreifen versehen, an denen entweder spezielle Satteltaschen befestigt werden k\u00f6nnen (Art-Nr. 69695-VAR) oder die beliebten Doggy Talk Slogans (65021-VAR). Auch eine Taschenlampe, die am Geschirr befestigt werden kann, wird zus\u00e4tzlich angeboten (Art-Nr. 69697)<\/p>\n<p>Mit TEFLON fabric protector ist Ihre Textilie dauerhaft vor Flecken und Schmutz auf Wasser- und \u00d6lbasis gesch\u00fctzt, ohne den weichen Griff zu beeintr\u00e4chtigen. Das Produkt sieht l\u00e4nger aus wie neu.<\/p>\n<p>Breite x Brustumfang: 38 mm x 58 &#8211; 71 cm<\/p>\n","protected":false},"excerpt":{"rendered":"<p>Das brandneue Hightech-Modell unter den Geschirren! Die Xtreme Geschirre von Karlie besitzen einen integrierten Haltegriff, extra starke N\u00e4hte und einen reflektierenden Streifen am Brustgurt. Der Druck wird durch eine spezielle entlastende Polsterung optimal verteilt. Sie bestehen aus strapazierf\u00e4higem, robusten Nylonmaterial und sind in dieser Ausf\u00fchrung zus\u00e4tzlich noch mit Teflon beschichtet. Seitlich sind die Geschirre mit [&hellip;]<\/p>\n","protected":false},"featured_media":24461,"comment_status":"closed","ping_status":"open","template":"","meta":[],"product_cat":[13812],"product_tag":[],"class_list":{"0":"post-52415","1":"product","2":"type-product","3":"status-publish","4":"has-post-thumbnail","6":"product_cat-hundegeschirre","8":"first","9":"instock","10":"taxable","11":"shipping-taxable","12":"purchasable","13":"product-type-simple"},"_links":{"self":[{"href":"https:\/\/all-pets.de\/shop\/wp-json\/wp\/v2\/product\/52415","targetHints":{"allow":["GET"]}}],"collection":[{"href":"https:\/\/all-pets.de\/shop\/wp-json\/wp\/v2\/product"}],"about":[{"href":"https:\/\/all-pets.de\/shop\/wp-json\/wp\/v2\/types\/product"}],"replies":[{"embeddable":true,"href":"https:\/\/all-pets.de\/shop\/wp-json\/wp\/v2\/comments?post=52415"}],"wp:featuredmedia":[{"embeddable":true,"href":"https:\/\/all-pets.de\/shop\/wp-json\/wp\/v2\/media\/24461"}],"wp:attachment":[{"href":"https:\/\/all-pets.de\/shop\/wp-json\/wp\/v2\/media?parent=52415"}],"wp:term":[{"taxonomy":"product_cat","embeddable":true,"href":"https:\/\/all-pets.de\/shop\/wp-json\/wp\/v2\/product_cat?post=52415"},{"taxonomy":"product_tag","embeddable":true,"href":"https:\/\/all-pets.de\/shop\/wp-json\/wp\/v2\/product_tag?post=52415"}],"curies":[{"name":"wp","href":"https:\/\/api.w.org\/{rel}","templated":true}]}}