{"id":52420,"date":"2023-12-12T12:42:47","date_gmt":"2023-12-12T11:42:47","guid":{"rendered":"https:\/\/pet-shopping.de\/shop\/produkt\/trixie-dosendeckel-aus-silikon-transparent-76-cm\/"},"modified":"2023-12-12T12:42:47","modified_gmt":"2023-12-12T11:42:47","slug":"trixie-dosendeckel-aus-silikon-transparent-76-cm","status":"publish","type":"product","link":"https:\/\/all-pets.de\/shop\/produkt\/trixie-dosendeckel-aus-silikon-transparent-76-cm\/","title":{"rendered":"Trixie Dosendeckel aus Silikon &#8211; transparent &#8211; 7,6 cm"},"content":{"rendered":"<p>Mit den Dosendeckeln aus strapazierf\u00e4higem Silikon lassen sich ge\u00f6ffnete Futterdosen hygienisch verschlie\u00dfen. Die transparenten Dosendeckel k\u00f6nnen in der Sp\u00fclmaschine gereinigt werden.<\/p>\n<p>Farbe: transparent<br \/> Durchmesser: ca. 7,6 cm<br \/> Inhalt: 2 St\u00fcck<\/p>\n","protected":false},"excerpt":{"rendered":"<p>Mit den Dosendeckeln aus strapazierf\u00e4higem Silikon lassen sich ge\u00f6ffnete Futterdosen hygienisch verschlie\u00dfen. Die transparenten Dosendeckel k\u00f6nnen in der Sp\u00fclmaschine gereinigt werden. Farbe: transparent Durchmesser: ca. 7,6 cm Inhalt: 2 St\u00fcck<\/p>\n","protected":false},"featured_media":24483,"comment_status":"closed","ping_status":"open","template":"","meta":[],"product_cat":[15619],"product_tag":[],"class_list":{"0":"post-52420","1":"product","2":"type-product","3":"status-publish","4":"has-post-thumbnail","6":"product_cat-nuetzliche-helfer-haus-hof","8":"first","9":"instock","10":"taxable","11":"shipping-taxable","12":"purchasable","13":"product-type-simple"},"_links":{"self":[{"href":"https:\/\/all-pets.de\/shop\/wp-json\/wp\/v2\/product\/52420","targetHints":{"allow":["GET"]}}],"collection":[{"href":"https:\/\/all-pets.de\/shop\/wp-json\/wp\/v2\/product"}],"about":[{"href":"https:\/\/all-pets.de\/shop\/wp-json\/wp\/v2\/types\/product"}],"replies":[{"embeddable":true,"href":"https:\/\/all-pets.de\/shop\/wp-json\/wp\/v2\/comments?post=52420"}],"wp:featuredmedia":[{"embeddable":true,"href":"https:\/\/all-pets.de\/shop\/wp-json\/wp\/v2\/media\/24483"}],"wp:attachment":[{"href":"https:\/\/all-pets.de\/shop\/wp-json\/wp\/v2\/media?parent=52420"}],"wp:term":[{"taxonomy":"product_cat","embeddable":true,"href":"https:\/\/all-pets.de\/shop\/wp-json\/wp\/v2\/product_cat?post=52420"},{"taxonomy":"product_tag","embeddable":true,"href":"https:\/\/all-pets.de\/shop\/wp-json\/wp\/v2\/product_tag?post=52420"}],"curies":[{"name":"wp","href":"https:\/\/api.w.org\/{rel}","templated":true}]}}