{"id":52434,"date":"2023-12-12T12:42:49","date_gmt":"2023-12-12T11:42:49","guid":{"rendered":"https:\/\/pet-shopping.de\/shop\/produkt\/procyon-treibball-groesse-s-extra-stabil-gruen\/"},"modified":"2023-12-12T12:42:49","modified_gmt":"2023-12-12T11:42:49","slug":"procyon-treibball-groesse-s-extra-stabil-gruen","status":"publish","type":"product","link":"https:\/\/all-pets.de\/shop\/produkt\/procyon-treibball-groesse-s-extra-stabil-gruen\/","title":{"rendered":"PROCYON Treibball Gr\u00f6\u00dfe S &#8211; extra stabil &#8211; gr\u00fcn"},"content":{"rendered":"<p>Diese kleinere Variante des PROCYON Treibballs ist besonders stabil, damit er auch bei scharfen Z\u00e4hnen lange Freude bereitet. Treibb\u00e4lle sollten vom Hund m\u00f6glichst nicht mit dem Maul transportiert, sondern getrieben bzw. gerollt wird. <\/p>\n<p> Durchmesser: ca. 20 cm\u00a0 <br \/>Farbe: gr\u00fcn<\/p>\n","protected":false},"excerpt":{"rendered":"<p>Diese kleinere Variante des PROCYON Treibballs ist besonders stabil, damit er auch bei scharfen Z\u00e4hnen lange Freude bereitet. Treibb\u00e4lle sollten vom Hund m\u00f6glichst nicht mit dem Maul transportiert, sondern getrieben bzw. gerollt wird. Durchmesser: ca. 20 cm\u00a0 Farbe: gr\u00fcn<\/p>\n","protected":false},"featured_media":52435,"comment_status":"closed","ping_status":"open","template":"","meta":[],"product_cat":[15197],"product_tag":[],"class_list":{"0":"post-52434","1":"product","2":"type-product","3":"status-publish","4":"has-post-thumbnail","6":"product_cat-hundebaelle-hundespielzeug-sport-agility-traininghundewelt-hundespielzeug-sport","8":"first","9":"instock","10":"taxable","11":"shipping-taxable","12":"purchasable","13":"product-type-simple"},"_links":{"self":[{"href":"https:\/\/all-pets.de\/shop\/wp-json\/wp\/v2\/product\/52434","targetHints":{"allow":["GET"]}}],"collection":[{"href":"https:\/\/all-pets.de\/shop\/wp-json\/wp\/v2\/product"}],"about":[{"href":"https:\/\/all-pets.de\/shop\/wp-json\/wp\/v2\/types\/product"}],"replies":[{"embeddable":true,"href":"https:\/\/all-pets.de\/shop\/wp-json\/wp\/v2\/comments?post=52434"}],"wp:featuredmedia":[{"embeddable":true,"href":"https:\/\/all-pets.de\/shop\/wp-json\/wp\/v2\/media\/52435"}],"wp:attachment":[{"href":"https:\/\/all-pets.de\/shop\/wp-json\/wp\/v2\/media?parent=52434"}],"wp:term":[{"taxonomy":"product_cat","embeddable":true,"href":"https:\/\/all-pets.de\/shop\/wp-json\/wp\/v2\/product_cat?post=52434"},{"taxonomy":"product_tag","embeddable":true,"href":"https:\/\/all-pets.de\/shop\/wp-json\/wp\/v2\/product_tag?post=52434"}],"curies":[{"name":"wp","href":"https:\/\/api.w.org\/{rel}","templated":true}]}}