{"id":52444,"date":"2023-12-12T12:42:49","date_gmt":"2023-12-12T11:42:49","guid":{"rendered":"https:\/\/pet-shopping.de\/shop\/produkt\/lebon-orthomatte-toppi-schwarz-100-x-60-cm\/"},"modified":"2023-12-12T12:42:51","modified_gmt":"2023-12-12T11:42:51","slug":"lebon-orthomatte-toppi-schwarz-100-x-60-cm","status":"publish","type":"product","link":"https:\/\/all-pets.de\/shop\/produkt\/lebon-orthomatte-toppi-schwarz-100-x-60-cm\/","title":{"rendered":"Lebon Orthomatte Toppi &#8211; Schwarz &#8211; 100 x 60 cm"},"content":{"rendered":"<p>Die Orthomatte ist flexibel einsetzbar als Liegematte f\u00fcr unterwegs, im Auto oder in der Hundebox. Die Matte kann zudem einfach in ein vorhandenes Hundebett von Lebon integriert werden. <\/p>\n<p>Passend f\u00fcr die Hundebetten Paula, Lea, Bruno, Lino und weitere. Durch die zus\u00e4tzliche Verwendung wird ihr bisheriges Bett zu einem orthop\u00e4dischen Bett umfunktioniert.<\/p>\n<p>Toppi: Der hochwertige Kodurabezug ist wasserfest und sehr strapazierf\u00e4hig, somit auch f\u00fcr den Au\u00dfenbereich geeignet. <\/p>\n<p>Die Matte besitzt einen Rei\u00dfverschluss und ist bei 40\u00b0 waschbar.<\/p>\n<ul>\n<li>Wasserabweisend<\/li>\n<li>In- &#038; Outdoor geeignet<\/li>\n<li>Maschinenw\u00e4sche bis 40\u00b0 Grad<\/li>\n<li>Mit Rei\u00dfverschluss<\/li>\n<li>Ortho PLUS \u2013 Memory Foam<\/li>\n<li>Material sehr robust<\/li>\n<li>Feucht Abwaschbar (Pflegeleicht)<\/li>\n<\/ul>\n<p>Ma\u00dfe: ca. 100 x 60 cm<\/p>\n","protected":false},"excerpt":{"rendered":"<p>Die Orthomatte ist flexibel einsetzbar als Liegematte f\u00fcr unterwegs, im Auto oder in der Hundebox. Die Matte kann zudem einfach in ein vorhandenes Hundebett von Lebon integriert werden. Passend f\u00fcr die Hundebetten Paula, Lea, Bruno, Lino und weitere. Durch die zus\u00e4tzliche Verwendung wird ihr bisheriges Bett zu einem orthop\u00e4dischen Bett umfunktioniert. Toppi: Der hochwertige Kodurabezug [&hellip;]<\/p>\n","protected":false},"featured_media":52442,"comment_status":"closed","ping_status":"open","template":"","meta":[],"product_cat":[15113],"product_tag":[],"class_list":{"0":"post-52444","1":"product","2":"type-product","3":"status-publish","4":"has-post-thumbnail","6":"product_cat-hundebetten-hundekissen-betten-koerbe","8":"first","9":"instock","10":"taxable","11":"shipping-taxable","12":"purchasable","13":"product-type-simple"},"_links":{"self":[{"href":"https:\/\/all-pets.de\/shop\/wp-json\/wp\/v2\/product\/52444","targetHints":{"allow":["GET"]}}],"collection":[{"href":"https:\/\/all-pets.de\/shop\/wp-json\/wp\/v2\/product"}],"about":[{"href":"https:\/\/all-pets.de\/shop\/wp-json\/wp\/v2\/types\/product"}],"replies":[{"embeddable":true,"href":"https:\/\/all-pets.de\/shop\/wp-json\/wp\/v2\/comments?post=52444"}],"wp:featuredmedia":[{"embeddable":true,"href":"https:\/\/all-pets.de\/shop\/wp-json\/wp\/v2\/media\/52442"}],"wp:attachment":[{"href":"https:\/\/all-pets.de\/shop\/wp-json\/wp\/v2\/media?parent=52444"}],"wp:term":[{"taxonomy":"product_cat","embeddable":true,"href":"https:\/\/all-pets.de\/shop\/wp-json\/wp\/v2\/product_cat?post=52444"},{"taxonomy":"product_tag","embeddable":true,"href":"https:\/\/all-pets.de\/shop\/wp-json\/wp\/v2\/product_tag?post=52444"}],"curies":[{"name":"wp","href":"https:\/\/api.w.org\/{rel}","templated":true}]}}