{"id":52447,"date":"2023-12-12T12:42:49","date_gmt":"2023-12-12T11:42:49","guid":{"rendered":"https:\/\/pet-shopping.de\/shop\/produkt\/trixie-bademantel-fuer-hunde-xs\/"},"modified":"2023-12-12T12:42:51","modified_gmt":"2023-12-12T11:42:51","slug":"trixie-bademantel-fuer-hunde-xs","status":"publish","type":"product","link":"https:\/\/all-pets.de\/shop\/produkt\/trixie-bademantel-fuer-hunde-xs\/","title":{"rendered":"Trixie Bademantel f\u00fcr Hunde &#8211; XS"},"content":{"rendered":"<ul>\n<li>Frottee (100% Baumwolle)<\/li>\n<li>Baumwolle\/Polyester<\/li>\n<li>sch\u00fctzt den Hund vor dem Ausk\u00fchlen<\/li>\n<li>weiter Kragen, mit elastischem Zugband verstellbar<\/li>\n<li>mit Brustlatz und stufenlos verstellbarem Bauchgurt mit Schnalle<\/li>\n<li>mit Druckkn\u00f6pfen am Rutenbereich zum einfachen Anlegen<\/li>\n<li>Farbe: grau<\/li>\n<\/ul>\n<div>Gr\u00f6\u00dfe: XS<br \/>Halsumfang: ca. 40 cm<br \/>Bauchumfang: ca. 40-48 cm<br \/>R\u00fcckenl\u00e4nge: ca. 30 cm<\/div>\n","protected":false},"excerpt":{"rendered":"<p>Frottee (100% Baumwolle) Baumwolle\/Polyester sch\u00fctzt den Hund vor dem Ausk\u00fchlen weiter Kragen, mit elastischem Zugband verstellbar mit Brustlatz und stufenlos verstellbarem Bauchgurt mit Schnalle mit Druckkn\u00f6pfen am Rutenbereich zum einfachen Anlegen Farbe: grau Gr\u00f6\u00dfe: XSHalsumfang: ca. 40 cmBauchumfang: ca. 40-48 cmR\u00fcckenl\u00e4nge: ca. 30 cm<\/p>\n","protected":false},"featured_media":24907,"comment_status":"closed","ping_status":"open","template":"","meta":[],"product_cat":[15078],"product_tag":[],"class_list":{"0":"post-52447","1":"product","2":"type-product","3":"status-publish","4":"has-post-thumbnail","6":"product_cat-reinigen-trocknen-fellpflege-pflege-gesundheit-hundewelt","8":"first","9":"instock","10":"taxable","11":"shipping-taxable","12":"purchasable","13":"product-type-simple"},"_links":{"self":[{"href":"https:\/\/all-pets.de\/shop\/wp-json\/wp\/v2\/product\/52447","targetHints":{"allow":["GET"]}}],"collection":[{"href":"https:\/\/all-pets.de\/shop\/wp-json\/wp\/v2\/product"}],"about":[{"href":"https:\/\/all-pets.de\/shop\/wp-json\/wp\/v2\/types\/product"}],"replies":[{"embeddable":true,"href":"https:\/\/all-pets.de\/shop\/wp-json\/wp\/v2\/comments?post=52447"}],"wp:featuredmedia":[{"embeddable":true,"href":"https:\/\/all-pets.de\/shop\/wp-json\/wp\/v2\/media\/24907"}],"wp:attachment":[{"href":"https:\/\/all-pets.de\/shop\/wp-json\/wp\/v2\/media?parent=52447"}],"wp:term":[{"taxonomy":"product_cat","embeddable":true,"href":"https:\/\/all-pets.de\/shop\/wp-json\/wp\/v2\/product_cat?post=52447"},{"taxonomy":"product_tag","embeddable":true,"href":"https:\/\/all-pets.de\/shop\/wp-json\/wp\/v2\/product_tag?post=52447"}],"curies":[{"name":"wp","href":"https:\/\/api.w.org\/{rel}","templated":true}]}}