{"id":52458,"date":"2023-12-12T12:42:53","date_gmt":"2023-12-12T11:42:53","guid":{"rendered":"https:\/\/pet-shopping.de\/shop\/produkt\/karlie-leine-chic-100-cm-18-mm-schwarz-grau\/"},"modified":"2023-12-12T12:42:54","modified_gmt":"2023-12-12T11:42:54","slug":"karlie-leine-chic-100-cm-18-mm-schwarz-grau","status":"publish","type":"product","link":"https:\/\/all-pets.de\/shop\/produkt\/karlie-leine-chic-100-cm-18-mm-schwarz-grau\/","title":{"rendered":"Karlie Leine Chic &#8211; 100 cm \/ 18 mm &#8211; Schwarz\/Grau"},"content":{"rendered":"<ul>\n<li>Vollleder<\/li>\n<li>unterlegt mit Veloursleder<\/li>\n<li>genietet<\/li>\n<li>abgen\u00e4ht<\/li>\n<li>verchromte Beschl\u00e4ge<\/li>\n<li>L\u00e4nge: ca. 100 cm<\/li>\n<li>Breite: ca. 18 mm<\/li>\n<\/ul>\n","protected":false},"excerpt":{"rendered":"<p>Vollleder unterlegt mit Veloursleder genietet abgen\u00e4ht verchromte Beschl\u00e4ge L\u00e4nge: ca. 100 cm Breite: ca. 18 mm<\/p>\n","protected":false},"featured_media":52457,"comment_status":"closed","ping_status":"open","template":"","meta":[],"product_cat":[13749],"product_tag":[],"class_list":{"0":"post-52458","1":"product","2":"type-product","3":"status-publish","4":"has-post-thumbnail","6":"product_cat-lederleinen","8":"first","9":"instock","10":"taxable","11":"shipping-taxable","12":"purchasable","13":"product-type-simple"},"_links":{"self":[{"href":"https:\/\/all-pets.de\/shop\/wp-json\/wp\/v2\/product\/52458","targetHints":{"allow":["GET"]}}],"collection":[{"href":"https:\/\/all-pets.de\/shop\/wp-json\/wp\/v2\/product"}],"about":[{"href":"https:\/\/all-pets.de\/shop\/wp-json\/wp\/v2\/types\/product"}],"replies":[{"embeddable":true,"href":"https:\/\/all-pets.de\/shop\/wp-json\/wp\/v2\/comments?post=52458"}],"wp:featuredmedia":[{"embeddable":true,"href":"https:\/\/all-pets.de\/shop\/wp-json\/wp\/v2\/media\/52457"}],"wp:attachment":[{"href":"https:\/\/all-pets.de\/shop\/wp-json\/wp\/v2\/media?parent=52458"}],"wp:term":[{"taxonomy":"product_cat","embeddable":true,"href":"https:\/\/all-pets.de\/shop\/wp-json\/wp\/v2\/product_cat?post=52458"},{"taxonomy":"product_tag","embeddable":true,"href":"https:\/\/all-pets.de\/shop\/wp-json\/wp\/v2\/product_tag?post=52458"}],"curies":[{"name":"wp","href":"https:\/\/api.w.org\/{rel}","templated":true}]}}