{"id":52468,"date":"2023-12-12T12:42:54","date_gmt":"2023-12-12T11:42:54","guid":{"rendered":"https:\/\/pet-shopping.de\/shop\/produkt\/nerf-dog-tennis-balls-megastark-51-cm-3-stueck\/"},"modified":"2023-12-12T12:42:55","modified_gmt":"2023-12-12T11:42:55","slug":"nerf-dog-tennis-balls-megastark-51-cm-3-stueck","status":"publish","type":"product","link":"https:\/\/all-pets.de\/shop\/produkt\/nerf-dog-tennis-balls-megastark-51-cm-3-stueck\/","title":{"rendered":"NERF DOG Tennis Balls megastark &#8211; 5,1 cm \/ 3 St\u00fcck"},"content":{"rendered":"<p>Die NERF DOG Hundespielzeuge vereinen optimales und funktionales Design mit speziellen Materialien, die eine intensive Nutzung \u00fcber einen langen Zeitraum erlauben. Dabei stellen unter anderem eine F\u00fcllung aus Polycotton, Naturkautschuk und 3-fache Nylonn\u00e4hte stundenlangen Spa\u00df mit einem Qualit\u00e4tsspielzeug sicher.<\/p>\n<p>Die extra starken Tennisb\u00e4lle sind das ideale Spielzeug f\u00fcr alle Vierbeiner, die verr\u00fcckt nach Ballspielen sind. Die Tennisb\u00e4lle sind in zwei verschiedenen Durchmessern erh\u00e4ltlich, so dass f\u00fcr jeden Hund die optimale Gr\u00f6\u00dfe dabei ist.<\/p>\n<p>Durchmesser: 5,1 cm<br \/> Inhalt: 3 St\u00fcck<\/p>\n","protected":false},"excerpt":{"rendered":"<p>Die NERF DOG Hundespielzeuge vereinen optimales und funktionales Design mit speziellen Materialien, die eine intensive Nutzung \u00fcber einen langen Zeitraum erlauben. Dabei stellen unter anderem eine F\u00fcllung aus Polycotton, Naturkautschuk und 3-fache Nylonn\u00e4hte stundenlangen Spa\u00df mit einem Qualit\u00e4tsspielzeug sicher. Die extra starken Tennisb\u00e4lle sind das ideale Spielzeug f\u00fcr alle Vierbeiner, die verr\u00fcckt nach Ballspielen sind. [&hellip;]<\/p>\n","protected":false},"featured_media":25058,"comment_status":"closed","ping_status":"open","template":"","meta":[],"product_cat":[13769],"product_tag":[],"class_list":{"0":"post-52468","1":"product","2":"type-product","3":"status-publish","4":"has-post-thumbnail","6":"product_cat-hundebaelle","8":"first","9":"instock","10":"taxable","11":"shipping-taxable","12":"purchasable","13":"product-type-simple"},"_links":{"self":[{"href":"https:\/\/all-pets.de\/shop\/wp-json\/wp\/v2\/product\/52468","targetHints":{"allow":["GET"]}}],"collection":[{"href":"https:\/\/all-pets.de\/shop\/wp-json\/wp\/v2\/product"}],"about":[{"href":"https:\/\/all-pets.de\/shop\/wp-json\/wp\/v2\/types\/product"}],"replies":[{"embeddable":true,"href":"https:\/\/all-pets.de\/shop\/wp-json\/wp\/v2\/comments?post=52468"}],"wp:featuredmedia":[{"embeddable":true,"href":"https:\/\/all-pets.de\/shop\/wp-json\/wp\/v2\/media\/25058"}],"wp:attachment":[{"href":"https:\/\/all-pets.de\/shop\/wp-json\/wp\/v2\/media?parent=52468"}],"wp:term":[{"taxonomy":"product_cat","embeddable":true,"href":"https:\/\/all-pets.de\/shop\/wp-json\/wp\/v2\/product_cat?post=52468"},{"taxonomy":"product_tag","embeddable":true,"href":"https:\/\/all-pets.de\/shop\/wp-json\/wp\/v2\/product_tag?post=52468"}],"curies":[{"name":"wp","href":"https:\/\/api.w.org\/{rel}","templated":true}]}}