{"id":52469,"date":"2023-12-12T12:42:54","date_gmt":"2023-12-12T11:42:54","guid":{"rendered":"https:\/\/pet-shopping.de\/shop\/produkt\/trixie-bett-lennie-grau-40-cm\/"},"modified":"2023-12-12T12:42:55","modified_gmt":"2023-12-12T11:42:55","slug":"trixie-bett-lennie-grau-40-cm","status":"publish","type":"product","link":"https:\/\/all-pets.de\/shop\/produkt\/trixie-bett-lennie-grau-40-cm\/","title":{"rendered":"Trixie Bett Lennie &#8211; grau &#8211; 40 cm"},"content":{"rendered":"<ul>\n<li> Filz (Polyester) <\/li>\n<li> geflochten und formstabil durch verst\u00e4rkten Rand <\/li>\n<li> isolierend und schmutzabweisend <\/li>\n<li> Kissen mit Pl\u00fcsch-Bezug und Polyestervlies-F\u00fcllung, gesteppt <\/li>\n<li> Kissen: Handw\u00e4sche <\/li>\n<li> mit seitlichen Handgriffen <\/li>\n<\/ul>\n<p>Farbe: Grau <br \/> Gr\u00f6\u00dfe: 40cm<\/p>\n","protected":false},"excerpt":{"rendered":"<p>Filz (Polyester) geflochten und formstabil durch verst\u00e4rkten Rand isolierend und schmutzabweisend Kissen mit Pl\u00fcsch-Bezug und Polyestervlies-F\u00fcllung, gesteppt Kissen: Handw\u00e4sche mit seitlichen Handgriffen Farbe: Grau Gr\u00f6\u00dfe: 40cm<\/p>\n","protected":false},"featured_media":25076,"comment_status":"closed","ping_status":"open","template":"","meta":[],"product_cat":[11231],"product_tag":[],"class_list":{"0":"post-52469","1":"product","2":"type-product","3":"status-publish","4":"has-post-thumbnail","6":"product_cat-katzenbetten-katzenkoerbe-hundebetten-hundekissenkatzenwelt","8":"first","9":"instock","10":"taxable","11":"shipping-taxable","12":"purchasable","13":"product-type-simple"},"_links":{"self":[{"href":"https:\/\/all-pets.de\/shop\/wp-json\/wp\/v2\/product\/52469","targetHints":{"allow":["GET"]}}],"collection":[{"href":"https:\/\/all-pets.de\/shop\/wp-json\/wp\/v2\/product"}],"about":[{"href":"https:\/\/all-pets.de\/shop\/wp-json\/wp\/v2\/types\/product"}],"replies":[{"embeddable":true,"href":"https:\/\/all-pets.de\/shop\/wp-json\/wp\/v2\/comments?post=52469"}],"wp:featuredmedia":[{"embeddable":true,"href":"https:\/\/all-pets.de\/shop\/wp-json\/wp\/v2\/media\/25076"}],"wp:attachment":[{"href":"https:\/\/all-pets.de\/shop\/wp-json\/wp\/v2\/media?parent=52469"}],"wp:term":[{"taxonomy":"product_cat","embeddable":true,"href":"https:\/\/all-pets.de\/shop\/wp-json\/wp\/v2\/product_cat?post=52469"},{"taxonomy":"product_tag","embeddable":true,"href":"https:\/\/all-pets.de\/shop\/wp-json\/wp\/v2\/product_tag?post=52469"}],"curies":[{"name":"wp","href":"https:\/\/api.w.org\/{rel}","templated":true}]}}