{"id":52486,"date":"2023-12-12T12:42:59","date_gmt":"2023-12-12T11:42:59","guid":{"rendered":"https:\/\/pet-shopping.de\/shop\/produkt\/karlie-flamingo-kissen-benjamin-120-cm\/"},"modified":"2023-12-12T12:43:00","modified_gmt":"2023-12-12T11:43:00","slug":"karlie-flamingo-kissen-benjamin-120-cm","status":"publish","type":"product","link":"https:\/\/all-pets.de\/shop\/produkt\/karlie-flamingo-kissen-benjamin-120-cm\/","title":{"rendered":"Karlie Flamingo Kissen Benjamin &#8211; 120 cm"},"content":{"rendered":"<p>Das ovale Liegekissen Benjamin bietet Ihrem Hund einen tollen Schlafplatz, egal ob solo oder in einem K\u00f6rbchen.<\/p>\n<p>Das Kissen im trendigen Karo-Design in tollem warmen Farbenmix ist in vielen Gr\u00f6\u00dfen erh\u00e4ltlich.<\/p>\n<p>Gr\u00f6\u00dfe: ca.\u00a0120 x\u00a061\u00a0cm<\/p>\n","protected":false},"excerpt":{"rendered":"<p>Das ovale Liegekissen Benjamin bietet Ihrem Hund einen tollen Schlafplatz, egal ob solo oder in einem K\u00f6rbchen. Das Kissen im trendigen Karo-Design in tollem warmen Farbenmix ist in vielen Gr\u00f6\u00dfen erh\u00e4ltlich. Gr\u00f6\u00dfe: ca.\u00a0120 x\u00a061\u00a0cm<\/p>\n","protected":false},"featured_media":25193,"comment_status":"closed","ping_status":"open","template":"","meta":[],"product_cat":[15113],"product_tag":[],"class_list":{"0":"post-52486","1":"product","2":"type-product","3":"status-publish","4":"has-post-thumbnail","6":"product_cat-hundebetten-hundekissen-betten-koerbe","8":"first","9":"instock","10":"taxable","11":"shipping-taxable","12":"purchasable","13":"product-type-simple"},"_links":{"self":[{"href":"https:\/\/all-pets.de\/shop\/wp-json\/wp\/v2\/product\/52486","targetHints":{"allow":["GET"]}}],"collection":[{"href":"https:\/\/all-pets.de\/shop\/wp-json\/wp\/v2\/product"}],"about":[{"href":"https:\/\/all-pets.de\/shop\/wp-json\/wp\/v2\/types\/product"}],"replies":[{"embeddable":true,"href":"https:\/\/all-pets.de\/shop\/wp-json\/wp\/v2\/comments?post=52486"}],"wp:featuredmedia":[{"embeddable":true,"href":"https:\/\/all-pets.de\/shop\/wp-json\/wp\/v2\/media\/25193"}],"wp:attachment":[{"href":"https:\/\/all-pets.de\/shop\/wp-json\/wp\/v2\/media?parent=52486"}],"wp:term":[{"taxonomy":"product_cat","embeddable":true,"href":"https:\/\/all-pets.de\/shop\/wp-json\/wp\/v2\/product_cat?post=52486"},{"taxonomy":"product_tag","embeddable":true,"href":"https:\/\/all-pets.de\/shop\/wp-json\/wp\/v2\/product_tag?post=52486"}],"curies":[{"name":"wp","href":"https:\/\/api.w.org\/{rel}","templated":true}]}}