{"id":52491,"date":"2023-12-12T12:42:59","date_gmt":"2023-12-12T11:42:59","guid":{"rendered":"https:\/\/pet-shopping.de\/shop\/produkt\/versele-laga-nature-fibrefood-kaninchen-275-kg\/"},"modified":"2023-12-12T12:43:00","modified_gmt":"2023-12-12T11:43:00","slug":"versele-laga-nature-fibrefood-kaninchen-275-kg","status":"publish","type":"product","link":"https:\/\/all-pets.de\/shop\/produkt\/versele-laga-nature-fibrefood-kaninchen-275-kg\/","title":{"rendered":"Versele-Laga Nature Fibrefood Kaninchen &#8211; 2,75 kg"},"content":{"rendered":"<h4> Abwechslungsreiche, faserreiche Mischung f\u00fcr empfindliche (Zwerg-) Kaninchen<\/h4>\n<ul>\n<li>Sehr faserreiche Mischung mit nur den am besten verdaulichen Zutaten, wie Timotheegras und Karotte <\/li>\n<li>Voller speziell ausgesuchter Gr\u00e4ser und Kr\u00e4uter f\u00fcr gesunde Z\u00e4hne und eine gute Verdauung<\/li>\n<li>Komplett getreidefreie Mischung f\u00fcr eine optimale Verdauung<strong><br \/> <\/strong><\/li>\n<\/ul>\n<div>\n<div><strong>Anwendung<\/strong><br \/> T\u00e4glich das Futter und Trinkwasser erneuern. Je nach Gr\u00f6\u00dfe und Rasse ist f\u00fcr ein Kaninchen eine durchschnittliche t\u00e4gliche Futterration von 50 bis 105 g angemessen. Stellen Sie auch ausreichend gutes Heu bereit als Erg\u00e4nzug der Ration.<\/p>\n<div id=\"corporatebody_1_CompositionTitleDiv\" class=\"tabTitle\"><strong>Zusammensetzung <\/strong><\/div>\n<p>Pflanzliche Nebenerzeugnisse (Gr\u00e4ser und Kr\u00e4uter 28%: Timotheegras, Wiesen-Kn\u00e4uelgras, Deutsches Weidelgras, Wiesen-Rispengras, Wiesenschwingel, Rohrschwingel, Wei\u00dfklee, Rotklee, Wiesenfuchsschwanz, Spitzwegerich, L\u00f6wenzahn, Schafgarbe), Gem\u00fcse (Erbsen 12,7%, Karotten 8%), Fr\u00fcchte, Saaten, pflanzliche Eiwei\u00dfextrakte, Mineralstoffe, \u00d6le und Fette, FOS, Calendula, MOS, Algen, Yucca<\/p>\n<div id=\"corporatebody_1_ToevoegingsMiddelenTitleDiv\" class=\"tabTitle\"><strong>Analytische Bestandteile<\/strong>Protein 15,5%, Fettgehalt 3,5%, Rohfaser 17,5%, Rohashe 8,5%, Calcium 0,75%, Phosphor 0,55%<br \/> <strong><br \/> Zusatzstoffe\/kg<br \/> <\/strong><strong>Ern\u00e4hrungsphysiologische Zusatzstoffe: <\/strong>Vitamin A 11580 IE, Vitamin D3 1390 IE, Vitamin E 92 mg, Vitamin C 36 mg, 3b103 (Eisen) 115 mg, 3b202 (Jod) 2 mg, E4 (Kupfer) 11 mg, 3b502 (Mangan) 86 mg, 3b603 (Zink) 81 mg, E8 (Selen) 0,20 mg<\/div>\n<div id=\"corporatebody_1_TechnologicalTitleDiv\" class=\"tabSubtitle\"><strong>Technologische Zusatzstoffe:<\/strong> Antioxidantien<\/div>\n<\/div>\n<\/div>\n","protected":false},"excerpt":{"rendered":"<p>Abwechslungsreiche, faserreiche Mischung f\u00fcr empfindliche (Zwerg-) Kaninchen Sehr faserreiche Mischung mit nur den am besten verdaulichen Zutaten, wie Timotheegras und Karotte Voller speziell ausgesuchter Gr\u00e4ser und Kr\u00e4uter f\u00fcr gesunde Z\u00e4hne und eine gute Verdauung Komplett getreidefreie Mischung f\u00fcr eine optimale Verdauung Anwendung T\u00e4glich das Futter und Trinkwasser erneuern. Je nach Gr\u00f6\u00dfe und Rasse ist f\u00fcr [&hellip;]<\/p>\n","protected":false},"featured_media":25235,"comment_status":"closed","ping_status":"open","template":"","meta":[],"product_cat":[15620],"product_tag":[],"class_list":{"0":"post-52491","1":"product","2":"type-product","3":"status-publish","4":"has-post-thumbnail","6":"product_cat-versele-laga-kleintierfutter-snacks-zwergkaninchenkleintierwelt-kleintierfutter-snacks","8":"first","9":"instock","10":"taxable","11":"shipping-taxable","12":"purchasable","13":"product-type-simple"},"_links":{"self":[{"href":"https:\/\/all-pets.de\/shop\/wp-json\/wp\/v2\/product\/52491","targetHints":{"allow":["GET"]}}],"collection":[{"href":"https:\/\/all-pets.de\/shop\/wp-json\/wp\/v2\/product"}],"about":[{"href":"https:\/\/all-pets.de\/shop\/wp-json\/wp\/v2\/types\/product"}],"replies":[{"embeddable":true,"href":"https:\/\/all-pets.de\/shop\/wp-json\/wp\/v2\/comments?post=52491"}],"wp:featuredmedia":[{"embeddable":true,"href":"https:\/\/all-pets.de\/shop\/wp-json\/wp\/v2\/media\/25235"}],"wp:attachment":[{"href":"https:\/\/all-pets.de\/shop\/wp-json\/wp\/v2\/media?parent=52491"}],"wp:term":[{"taxonomy":"product_cat","embeddable":true,"href":"https:\/\/all-pets.de\/shop\/wp-json\/wp\/v2\/product_cat?post=52491"},{"taxonomy":"product_tag","embeddable":true,"href":"https:\/\/all-pets.de\/shop\/wp-json\/wp\/v2\/product_tag?post=52491"}],"curies":[{"name":"wp","href":"https:\/\/api.w.org\/{rel}","templated":true}]}}