{"id":52507,"date":"2023-12-12T12:43:04","date_gmt":"2023-12-12T11:43:04","guid":{"rendered":"https:\/\/pet-shopping.de\/shop\/produkt\/trixie-faltbarer-reisenapf-05-l-o-14-cm\/"},"modified":"2023-12-12T12:43:05","modified_gmt":"2023-12-12T11:43:05","slug":"trixie-faltbarer-reisenapf-05-l-o-14-cm","status":"publish","type":"product","link":"https:\/\/all-pets.de\/shop\/produkt\/trixie-faltbarer-reisenapf-05-l-o-14-cm\/","title":{"rendered":"Trixie faltbarer Reisenapf &#8211; 0,5 l\/\u00f8 14 cm"},"content":{"rendered":"<ul>\n<li>formstabil durch festen Kunststoffrand<\/li>\n<li>faltbar<\/li>\n<li>mit Metallkarabiner zur Befestigung z. B. am G\u00fcrtel<\/li>\n<li>aus strapazierf\u00e4higem Silikon<\/li>\n<li>sp\u00fclmaschinengeeignet<\/li>\n<li>mikrowellengeeignet<\/li>\n<li>Ma\u00dfe: 0,5 l\/\u00f8 14 cm<\/li>\n<li>Diverse Farben. Eine Farbwahl ist leider nicht m\u00f6glich, da die Farbe je nach Lagerbestand gew\u00e4hlt wird.<\/li>\n<\/ul>\n","protected":false},"excerpt":{"rendered":"<p>formstabil durch festen Kunststoffrand faltbar mit Metallkarabiner zur Befestigung z. B. am G\u00fcrtel aus strapazierf\u00e4higem Silikon sp\u00fclmaschinengeeignet mikrowellengeeignet Ma\u00dfe: 0,5 l\/\u00f8 14 cm Diverse Farben. Eine Farbwahl ist leider nicht m\u00f6glich, da die Farbe je nach Lagerbestand gew\u00e4hlt wird.<\/p>\n","protected":false},"featured_media":52504,"comment_status":"closed","ping_status":"open","template":"","meta":[],"product_cat":[15638],"product_tag":[],"class_list":{"0":"post-52507","1":"product","2":"type-product","3":"status-publish","4":"has-post-thumbnail","6":"product_cat-reisenaepfe-katzentransport-reise-reisenaepfe-fuer-hundekatzenwelt-reise-transport-reisenaepfehundewelt-unterwegs-reisenaepfe-hundewelt-hundenaepfe-traenken-reisenaepfehundewelt-katzennaepfe-traenken","8":"first","9":"instock","10":"taxable","11":"shipping-taxable","12":"purchasable","13":"product-type-simple"},"_links":{"self":[{"href":"https:\/\/all-pets.de\/shop\/wp-json\/wp\/v2\/product\/52507","targetHints":{"allow":["GET"]}}],"collection":[{"href":"https:\/\/all-pets.de\/shop\/wp-json\/wp\/v2\/product"}],"about":[{"href":"https:\/\/all-pets.de\/shop\/wp-json\/wp\/v2\/types\/product"}],"replies":[{"embeddable":true,"href":"https:\/\/all-pets.de\/shop\/wp-json\/wp\/v2\/comments?post=52507"}],"wp:featuredmedia":[{"embeddable":true,"href":"https:\/\/all-pets.de\/shop\/wp-json\/wp\/v2\/media\/52504"}],"wp:attachment":[{"href":"https:\/\/all-pets.de\/shop\/wp-json\/wp\/v2\/media?parent=52507"}],"wp:term":[{"taxonomy":"product_cat","embeddable":true,"href":"https:\/\/all-pets.de\/shop\/wp-json\/wp\/v2\/product_cat?post=52507"},{"taxonomy":"product_tag","embeddable":true,"href":"https:\/\/all-pets.de\/shop\/wp-json\/wp\/v2\/product_tag?post=52507"}],"curies":[{"name":"wp","href":"https:\/\/api.w.org\/{rel}","templated":true}]}}