{"id":52516,"date":"2023-12-12T12:43:04","date_gmt":"2023-12-12T11:43:04","guid":{"rendered":"https:\/\/pet-shopping.de\/shop\/produkt\/lebon-hundebett-gordon-braun-100-x-75-cm\/"},"modified":"2023-12-12T12:43:06","modified_gmt":"2023-12-12T11:43:06","slug":"lebon-hundebett-gordon-braun-100-x-75-cm","status":"publish","type":"product","link":"https:\/\/all-pets.de\/shop\/produkt\/lebon-hundebett-gordon-braun-100-x-75-cm\/","title":{"rendered":"Lebon Hundebett Gordon &#8211; Braun &#8211; 100 x 75 cm"},"content":{"rendered":"<p>Die kuscheligen Hundebetten Gordon bieten Ihrem Liebling einen schonenden und gem\u00fctlichen<br \/>Liegeplatz der Luxusklasse. In die Betten k\u00f6nnen sich die Vierbeiner gem\u00fctlich einrollen und den<br \/>Kopf angenehm erh\u00f6ht ablegen, somit ist f\u00fcr eine komfortable Schlafqualit\u00e4t und das<br \/>Wohlbefinden des Hundes optimal gesorgt. Der Bezug ist durch einen Rei\u00dfverschluss abnehmbar<br \/>und bei 40\u00b0 waschbar. Die extra-dicke F\u00fcllung sch\u00fctzt vor Bodenk\u00e4lte und schont die Gelenke bei<br \/>harten B\u00f6den. Durch den eleganten Einstieg und die extra-weiche Liegefl\u00e4che ist dieses Bett<br \/>absolute Premium-Klasse. Das hochwertige Material ist sehr sanft und weich, somit optimal als<br \/>gem\u00fctlicher Schlaf- und Ruheplatz. Die Hundebetten sind stabil und formbest\u00e4ndig, erf\u00fcllen damit<br \/>h\u00f6chste Anspr\u00fcche.<\/p>\n<ul>\n<li>Mit Rei\u00dfverschluss<\/li>\n<li>Feucht Abwaschbar (Pflegeleicht)<\/li>\n<li>Extraweiche F\u00fcllung<\/li>\n<li>Maschinew\u00e4sche bis 40\u00b0Grad<\/li>\n<\/ul>\n<p>Ma\u00dfe:<\/p>\n<p>Au\u00dfenma\u00dfe (BxTxH): ca. <span class=\"markedContent\" id=\"page2558R_mcid56\"><span style=\"left: calc(var(--scale-factor)*326.23px)  top: calc(var(--scale-factor)*295.75px)  font-size: calc(var(--scale-factor)*8.04px)  font-family: sans-serif  transform: scaleX(1.02574) \" role=\"presentation\" dir=\"ltr\">100 x 75 <\/span><span style=\"left: calc(var(--scale-factor)*352.15px)  top: calc(var(--scale-factor)*295.75px)  font-size: calc(var(--scale-factor)*8.04px)  font-family: sans-serif  transform: scaleX(1.005) \" role=\"presentation\" dir=\"ltr\">x 25<\/span><span style=\"left: calc(var(--scale-factor)*364.81px)  top: calc(var(--scale-factor)*295.75px)  font-size: calc(var(--scale-factor)*8.04px)  font-family: sans-serif \" role=\"presentation\" dir=\"ltr\"> <\/span><span style=\"left: calc(var(--scale-factor)*367.27px)  top: calc(var(--scale-factor)*295.75px)  font-size: calc(var(--scale-factor)*8.04px)  font-family: sans-serif  transform: scaleX(0.969781) \" role=\"presentation\" dir=\"ltr\">cm<\/span><\/span><\/p>\n<p>Innenma\u00dfe (BxT): ca. <span class=\"markedContent\" id=\"page2558R_mcid56\"><span style=\"left: calc(var(--scale-factor)*367.27px)  top: calc(var(--scale-factor)*295.75px)  font-size: calc(var(--scale-factor)*8.04px)  font-family: sans-serif  transform: scaleX(0.969781) \" role=\"presentation\" dir=\"ltr\"><\/span><span style=\"left: calc(var(--scale-factor)*377.74px)  top: calc(var(--scale-factor)*295.75px)  font-size: calc(var(--scale-factor)*8.04px)  font-family: sans-serif \" role=\"presentation\" dir=\"ltr\"> <\/span><span style=\"left: calc(var(--scale-factor)*380.23px)  top: calc(var(--scale-factor)*295.75px)  font-size: calc(var(--scale-factor)*8.04px)  font-family: sans-serif  transform: scaleX(1.02438) \" role=\"presentation\" dir=\"ltr\">72 x 44 cm<\/span><\/span><\/p>\n<p><\/p><\/p>\n","protected":false},"excerpt":{"rendered":"<p>Die kuscheligen Hundebetten Gordon bieten Ihrem Liebling einen schonenden und gem\u00fctlichenLiegeplatz der Luxusklasse. In die Betten k\u00f6nnen sich die Vierbeiner gem\u00fctlich einrollen und denKopf angenehm erh\u00f6ht ablegen, somit ist f\u00fcr eine komfortable Schlafqualit\u00e4t und dasWohlbefinden des Hundes optimal gesorgt. Der Bezug ist durch einen Rei\u00dfverschluss abnehmbarund bei 40\u00b0 waschbar. Die extra-dicke F\u00fcllung sch\u00fctzt vor Bodenk\u00e4lte [&hellip;]<\/p>\n","protected":false},"featured_media":52517,"comment_status":"closed","ping_status":"open","template":"","meta":[],"product_cat":[15113],"product_tag":[],"class_list":{"0":"post-52516","1":"product","2":"type-product","3":"status-publish","4":"has-post-thumbnail","6":"product_cat-hundebetten-hundekissen-betten-koerbe","8":"first","9":"instock","10":"taxable","11":"shipping-taxable","12":"purchasable","13":"product-type-simple"},"_links":{"self":[{"href":"https:\/\/all-pets.de\/shop\/wp-json\/wp\/v2\/product\/52516","targetHints":{"allow":["GET"]}}],"collection":[{"href":"https:\/\/all-pets.de\/shop\/wp-json\/wp\/v2\/product"}],"about":[{"href":"https:\/\/all-pets.de\/shop\/wp-json\/wp\/v2\/types\/product"}],"replies":[{"embeddable":true,"href":"https:\/\/all-pets.de\/shop\/wp-json\/wp\/v2\/comments?post=52516"}],"wp:featuredmedia":[{"embeddable":true,"href":"https:\/\/all-pets.de\/shop\/wp-json\/wp\/v2\/media\/52517"}],"wp:attachment":[{"href":"https:\/\/all-pets.de\/shop\/wp-json\/wp\/v2\/media?parent=52516"}],"wp:term":[{"taxonomy":"product_cat","embeddable":true,"href":"https:\/\/all-pets.de\/shop\/wp-json\/wp\/v2\/product_cat?post=52516"},{"taxonomy":"product_tag","embeddable":true,"href":"https:\/\/all-pets.de\/shop\/wp-json\/wp\/v2\/product_tag?post=52516"}],"curies":[{"name":"wp","href":"https:\/\/api.w.org\/{rel}","templated":true}]}}