{"id":52530,"date":"2023-12-12T12:43:08","date_gmt":"2023-12-12T11:43:08","guid":{"rendered":"https:\/\/pet-shopping.de\/shop\/produkt\/trixie-xmas-fleecedecke-nivia-100-x-70-cm\/"},"modified":"2023-12-12T12:43:09","modified_gmt":"2023-12-12T11:43:09","slug":"trixie-xmas-fleecedecke-nivia-100-x-70-cm","status":"publish","type":"product","link":"https:\/\/all-pets.de\/shop\/produkt\/trixie-xmas-fleecedecke-nivia-100-x-70-cm\/","title":{"rendered":"Trixie Xmas Fleecedecke Nivia &#8211; 100 x 70 cm"},"content":{"rendered":"<p><p>Die wundersch\u00f6ne weihnachtliche Fleecedecke Nivia ist in 3 Farben und 2 Gr\u00f6\u00dfen erh\u00e4ltlich und l\u00e4dt zum vorweihnachtlichen Kuscheln ein.<\/p>\n<p>Eine Farbwahl ist leider nicht m\u00f6glich, da die Farbe je nach Lagerbestand gew\u00e4hlt wird.<\/p>\n<p><p>Ma\u00dfe: ca. 100 x 70 cm<\/p><\/p>\n","protected":false},"excerpt":{"rendered":"<p>Die wundersch\u00f6ne weihnachtliche Fleecedecke Nivia ist in 3 Farben und 2 Gr\u00f6\u00dfen erh\u00e4ltlich und l\u00e4dt zum vorweihnachtlichen Kuscheln ein. Eine Farbwahl ist leider nicht m\u00f6glich, da die Farbe je nach Lagerbestand gew\u00e4hlt wird. Ma\u00dfe: ca. 100 x 70 cm<\/p>\n","protected":false},"featured_media":52529,"comment_status":"closed","ping_status":"open","template":"","meta":[],"product_cat":[15193],"product_tag":[],"class_list":{"0":"post-52530","1":"product","2":"type-product","3":"status-publish","4":"has-post-thumbnail","6":"product_cat-liegedecken-betten-koerbe-hunde-x-mashundewelt-hundewelt","8":"first","9":"instock","10":"taxable","11":"shipping-taxable","12":"purchasable","13":"product-type-simple"},"_links":{"self":[{"href":"https:\/\/all-pets.de\/shop\/wp-json\/wp\/v2\/product\/52530","targetHints":{"allow":["GET"]}}],"collection":[{"href":"https:\/\/all-pets.de\/shop\/wp-json\/wp\/v2\/product"}],"about":[{"href":"https:\/\/all-pets.de\/shop\/wp-json\/wp\/v2\/types\/product"}],"replies":[{"embeddable":true,"href":"https:\/\/all-pets.de\/shop\/wp-json\/wp\/v2\/comments?post=52530"}],"wp:featuredmedia":[{"embeddable":true,"href":"https:\/\/all-pets.de\/shop\/wp-json\/wp\/v2\/media\/52529"}],"wp:attachment":[{"href":"https:\/\/all-pets.de\/shop\/wp-json\/wp\/v2\/media?parent=52530"}],"wp:term":[{"taxonomy":"product_cat","embeddable":true,"href":"https:\/\/all-pets.de\/shop\/wp-json\/wp\/v2\/product_cat?post=52530"},{"taxonomy":"product_tag","embeddable":true,"href":"https:\/\/all-pets.de\/shop\/wp-json\/wp\/v2\/product_tag?post=52530"}],"curies":[{"name":"wp","href":"https:\/\/api.w.org\/{rel}","templated":true}]}}