{"id":52540,"date":"2023-12-12T12:43:11","date_gmt":"2023-12-12T11:43:11","guid":{"rendered":"https:\/\/pet-shopping.de\/shop\/produkt\/flexi-vario-multi-box-fuer-kotbeutel-oder-leckerlis-schwarz\/"},"modified":"2023-12-12T12:43:12","modified_gmt":"2023-12-12T11:43:12","slug":"flexi-vario-multi-box-fuer-kotbeutel-oder-leckerlis-schwarz","status":"publish","type":"product","link":"https:\/\/all-pets.de\/shop\/produkt\/flexi-vario-multi-box-fuer-kotbeutel-oder-leckerlis-schwarz\/","title":{"rendered":"Flexi VARIO Multi Box f\u00fcr Kotbeutel oder Leckerlis &#8211; Schwarz"},"content":{"rendered":"<p>Mit der Multi Box haben Sie kleine Dinge wie Leckerlis oder Kotbeutel immer griffbereit und ordentlich verstaut. Sie ist an beiden Seiten z.B. f\u00fcr Leckerlis zu \u00f6ffnen. Kotbeutel k\u00f6nnen \u00fcber eine separate \u00d6ffnung im Boden einfach herausgezogen werden.<\/p>\n<p>Farbe: Schwarz<\/p>\n<p>Die Multi Box ist passend f\u00fcr alle flexi Leinen mit Multi Box Slot: VARIO, New Classic und Design (in den Gr\u00f6\u00dfen S, M und L).<\/p>\n<p>Inkl. Kotbeutelrolle a 20 Beutel <\/p>\n","protected":false},"excerpt":{"rendered":"<p>Mit der Multi Box haben Sie kleine Dinge wie Leckerlis oder Kotbeutel immer griffbereit und ordentlich verstaut. Sie ist an beiden Seiten z.B. f\u00fcr Leckerlis zu \u00f6ffnen. Kotbeutel k\u00f6nnen \u00fcber eine separate \u00d6ffnung im Boden einfach herausgezogen werden. Farbe: Schwarz Die Multi Box ist passend f\u00fcr alle flexi Leinen mit Multi Box Slot: VARIO, New [&hellip;]<\/p>\n","protected":false},"featured_media":25508,"comment_status":"closed","ping_status":"open","template":"","meta":[],"product_cat":[15647],"product_tag":[],"class_list":{"0":"post-52540","1":"product","2":"type-product","3":"status-publish","4":"has-post-thumbnail","6":"product_cat-hundetoiletten-hygiene-pflege-gesundheit-hundekotbeutel-zubehoerhundewelt-unterwegs-gurt-und-futtertaschenhundewelt-erziehung-gurt-futtertaschenhundewelt-unterwegs-roll-leinenhundewelt-leinen","8":"first","9":"instock","10":"taxable","11":"shipping-taxable","12":"purchasable","13":"product-type-simple"},"_links":{"self":[{"href":"https:\/\/all-pets.de\/shop\/wp-json\/wp\/v2\/product\/52540","targetHints":{"allow":["GET"]}}],"collection":[{"href":"https:\/\/all-pets.de\/shop\/wp-json\/wp\/v2\/product"}],"about":[{"href":"https:\/\/all-pets.de\/shop\/wp-json\/wp\/v2\/types\/product"}],"replies":[{"embeddable":true,"href":"https:\/\/all-pets.de\/shop\/wp-json\/wp\/v2\/comments?post=52540"}],"wp:featuredmedia":[{"embeddable":true,"href":"https:\/\/all-pets.de\/shop\/wp-json\/wp\/v2\/media\/25508"}],"wp:attachment":[{"href":"https:\/\/all-pets.de\/shop\/wp-json\/wp\/v2\/media?parent=52540"}],"wp:term":[{"taxonomy":"product_cat","embeddable":true,"href":"https:\/\/all-pets.de\/shop\/wp-json\/wp\/v2\/product_cat?post=52540"},{"taxonomy":"product_tag","embeddable":true,"href":"https:\/\/all-pets.de\/shop\/wp-json\/wp\/v2\/product_tag?post=52540"}],"curies":[{"name":"wp","href":"https:\/\/api.w.org\/{rel}","templated":true}]}}