{"id":52542,"date":"2023-12-12T12:43:11","date_gmt":"2023-12-12T11:43:11","guid":{"rendered":"https:\/\/pet-shopping.de\/shop\/produkt\/trixie-snack-tasche-baggy-de-luxe-gross\/"},"modified":"2023-12-12T12:43:13","modified_gmt":"2023-12-12T11:43:13","slug":"trixie-snack-tasche-baggy-de-luxe-gross","status":"publish","type":"product","link":"https:\/\/all-pets.de\/shop\/produkt\/trixie-snack-tasche-baggy-de-luxe-gross\/","title":{"rendered":"Trixie Snack-Tasche Baggy de Luxe &#8211; Gro\u00df"},"content":{"rendered":"<p>Die praktischen Snack-Taschen Baggy de Luxe sind aus hochwertigem und strapazierf\u00e4higem Nylon gefertigt und eignen sich optimal f\u00fcr Leckerlis.<\/p>\n<p>Ein stabiler Ringeinsatz erm\u00f6glicht ein schnelles und sicheres Zugreifen, immer wenn Ihr Liebling sich eine Belohnung verdient hat. Durch ein Zugband l\u00e4sst sich die Tasche einfach verschlie\u00dfen. Durch den Befestigungsclip l\u00e4sst sich die Tasche praktisch und sicher am G\u00fcrtel oder Hosenbund befestigen. Die Reinigung ist kinderleicht, da man die Tasche einfach komplett aus links drehen und dann einfach mit einem feuchten Tuch auswischen kann.<\/p>\n<p>Ma\u00dfe dieser Variante: ca. 10 cm Durchmesser x 14 cm H\u00f6he<\/p>\n<p>Diverse Farben. Eine Farbwahl ist leider nicht m\u00f6glich, da die Farbe je nach Lagerbestand gew\u00e4hlt wird. <\/p>\n","protected":false},"excerpt":{"rendered":"<p>Die praktischen Snack-Taschen Baggy de Luxe sind aus hochwertigem und strapazierf\u00e4higem Nylon gefertigt und eignen sich optimal f\u00fcr Leckerlis. Ein stabiler Ringeinsatz erm\u00f6glicht ein schnelles und sicheres Zugreifen, immer wenn Ihr Liebling sich eine Belohnung verdient hat. Durch ein Zugband l\u00e4sst sich die Tasche einfach verschlie\u00dfen. Durch den Befestigungsclip l\u00e4sst sich die Tasche praktisch und [&hellip;]<\/p>\n","protected":false},"featured_media":26010,"comment_status":"closed","ping_status":"open","template":"","meta":[],"product_cat":[14175],"product_tag":[],"class_list":{"0":"post-52542","1":"product","2":"type-product","3":"status-publish","4":"has-post-thumbnail","6":"product_cat-gurt-und-futtertaschen-erziehung","8":"first","9":"instock","10":"taxable","11":"shipping-taxable","12":"purchasable","13":"product-type-simple"},"_links":{"self":[{"href":"https:\/\/all-pets.de\/shop\/wp-json\/wp\/v2\/product\/52542","targetHints":{"allow":["GET"]}}],"collection":[{"href":"https:\/\/all-pets.de\/shop\/wp-json\/wp\/v2\/product"}],"about":[{"href":"https:\/\/all-pets.de\/shop\/wp-json\/wp\/v2\/types\/product"}],"replies":[{"embeddable":true,"href":"https:\/\/all-pets.de\/shop\/wp-json\/wp\/v2\/comments?post=52542"}],"wp:featuredmedia":[{"embeddable":true,"href":"https:\/\/all-pets.de\/shop\/wp-json\/wp\/v2\/media\/26010"}],"wp:attachment":[{"href":"https:\/\/all-pets.de\/shop\/wp-json\/wp\/v2\/media?parent=52542"}],"wp:term":[{"taxonomy":"product_cat","embeddable":true,"href":"https:\/\/all-pets.de\/shop\/wp-json\/wp\/v2\/product_cat?post=52542"},{"taxonomy":"product_tag","embeddable":true,"href":"https:\/\/all-pets.de\/shop\/wp-json\/wp\/v2\/product_tag?post=52542"}],"curies":[{"name":"wp","href":"https:\/\/api.w.org\/{rel}","templated":true}]}}