{"id":52544,"date":"2023-12-12T12:43:11","date_gmt":"2023-12-12T11:43:11","guid":{"rendered":"https:\/\/pet-shopping.de\/shop\/produkt\/trixie-kunststofftuer-f-natura-flachdach-hundehuette-xl\/"},"modified":"2023-12-12T12:43:13","modified_gmt":"2023-12-12T11:43:13","slug":"trixie-kunststofftuer-f-natura-flachdach-hundehuette-xl","status":"publish","type":"product","link":"https:\/\/all-pets.de\/shop\/produkt\/trixie-kunststofftuer-f-natura-flachdach-hundehuette-xl\/","title":{"rendered":"Trixie Kunststofft\u00fcr f. NATURA Flachdach-Hundeh\u00fctte &#8211; XL"},"content":{"rendered":"<div>Passend f\u00fcr Artikel Trixie NATURA Flachdach-Hundeh\u00fctte (39553-TRXI). <\/p>\n<p> Hunde lieben es im Garten zu liegen und die Umwelt mit allen Sinnen zu erkunden. Eine Hundeh\u00fctte bietet Ihrem Liebling dabei guten Schutz vor schlechtem Wetter. Noch besser wird der Schutz, wenn Sie gleich eine entsprechende Isolierung und Kunststofft\u00fcre dazu kaufen. <\/p>\n<p> Beschreibung und Vorteile der Kunststofft\u00fcren: <\/p>\n<p> &#8211; bieten zus\u00e4tzlichen Schutz vor Wind, Regen und K\u00e4lte<br \/> &#8211; inklusive Schrauben zur Befestigung<br \/> &#8211; vorallem wenn der Hund viel Zeit in der Hundeh\u00fctte verbringt, sehr zu empfehlen <br \/> &#8211; Ma\u00dfe: 34 x 52 cm  <\/div>\n","protected":false},"excerpt":{"rendered":"<p>Passend f\u00fcr Artikel Trixie NATURA Flachdach-Hundeh\u00fctte (39553-TRXI). Hunde lieben es im Garten zu liegen und die Umwelt mit allen Sinnen zu erkunden. Eine Hundeh\u00fctte bietet Ihrem Liebling dabei guten Schutz vor schlechtem Wetter. Noch besser wird der Schutz, wenn Sie gleich eine entsprechende Isolierung und Kunststofft\u00fcre dazu kaufen. Beschreibung und Vorteile der Kunststofft\u00fcren: &#8211; bieten [&hellip;]<\/p>\n","protected":false},"featured_media":26283,"comment_status":"closed","ping_status":"open","template":"","meta":[],"product_cat":[15648],"product_tag":[],"class_list":{"0":"post-52544","1":"product","2":"type-product","3":"status-publish","4":"has-post-thumbnail","6":"product_cat-hundehuetten","8":"first","9":"instock","10":"taxable","11":"shipping-taxable","12":"purchasable","13":"product-type-simple"},"_links":{"self":[{"href":"https:\/\/all-pets.de\/shop\/wp-json\/wp\/v2\/product\/52544","targetHints":{"allow":["GET"]}}],"collection":[{"href":"https:\/\/all-pets.de\/shop\/wp-json\/wp\/v2\/product"}],"about":[{"href":"https:\/\/all-pets.de\/shop\/wp-json\/wp\/v2\/types\/product"}],"replies":[{"embeddable":true,"href":"https:\/\/all-pets.de\/shop\/wp-json\/wp\/v2\/comments?post=52544"}],"wp:featuredmedia":[{"embeddable":true,"href":"https:\/\/all-pets.de\/shop\/wp-json\/wp\/v2\/media\/26283"}],"wp:attachment":[{"href":"https:\/\/all-pets.de\/shop\/wp-json\/wp\/v2\/media?parent=52544"}],"wp:term":[{"taxonomy":"product_cat","embeddable":true,"href":"https:\/\/all-pets.de\/shop\/wp-json\/wp\/v2\/product_cat?post=52544"},{"taxonomy":"product_tag","embeddable":true,"href":"https:\/\/all-pets.de\/shop\/wp-json\/wp\/v2\/product_tag?post=52544"}],"curies":[{"name":"wp","href":"https:\/\/api.w.org\/{rel}","templated":true}]}}