{"id":52548,"date":"2023-12-12T12:43:11","date_gmt":"2023-12-12T11:43:11","guid":{"rendered":"https:\/\/pet-shopping.de\/shop\/produkt\/trixie-katzenmalz-100-g\/"},"modified":"2023-12-12T12:43:13","modified_gmt":"2023-12-12T11:43:13","slug":"trixie-katzenmalz-100-g","status":"publish","type":"product","link":"https:\/\/all-pets.de\/shop\/produkt\/trixie-katzenmalz-100-g\/","title":{"rendered":"Trixie Katzenmalz &#8211; 100 g"},"content":{"rendered":"<p>Erg\u00e4nzungsfuttermittel f\u00fcr Katzen<\/p>\n<p>Katzenmalz ist eine leckere Verdauungshilfe f\u00fcr Katzen. Es reguliert den Stoffwechsel und hilft die Bildung von Haarballen im Magen- und Darmtrakt zu vermeiden. Es sichert somit das Wohlbefinden Ihrer Katze und erg\u00e4nzt die Beif\u00fctterung von Katzengras.<\/p>\n<p>Zusammensetzung: Pflanzliche Nebenerzeugnisse, \u00d6le und Fette, Zucker (Dextrose). Koserviert mit EU-Zusatzstoffen.<\/p>\n<p>Inhaltsstoffe: <br \/> Rohfett 36,10%  Rohprotein 3,10%  Rohasche 1,30%  Rohfaser 1,00%.<\/p>\n<p>Inhalt: 100g<\/p>\n","protected":false},"excerpt":{"rendered":"<p>Erg\u00e4nzungsfuttermittel f\u00fcr Katzen Katzenmalz ist eine leckere Verdauungshilfe f\u00fcr Katzen. Es reguliert den Stoffwechsel und hilft die Bildung von Haarballen im Magen- und Darmtrakt zu vermeiden. Es sichert somit das Wohlbefinden Ihrer Katze und erg\u00e4nzt die Beif\u00fctterung von Katzengras. Zusammensetzung: Pflanzliche Nebenerzeugnisse, \u00d6le und Fette, Zucker (Dextrose). Koserviert mit EU-Zusatzstoffen. Inhaltsstoffe: Rohfett 36,10% Rohprotein 3,10% [&hellip;]<\/p>\n","protected":false},"featured_media":26524,"comment_status":"closed","ping_status":"open","template":"","meta":[],"product_cat":[14242],"product_tag":[],"class_list":{"0":"post-52548","1":"product","2":"type-product","3":"status-publish","4":"has-post-thumbnail","6":"product_cat-futterergaenzung-fuer-katzen-katzenwelt","8":"first","9":"instock","10":"taxable","11":"shipping-taxable","12":"purchasable","13":"product-type-simple"},"_links":{"self":[{"href":"https:\/\/all-pets.de\/shop\/wp-json\/wp\/v2\/product\/52548","targetHints":{"allow":["GET"]}}],"collection":[{"href":"https:\/\/all-pets.de\/shop\/wp-json\/wp\/v2\/product"}],"about":[{"href":"https:\/\/all-pets.de\/shop\/wp-json\/wp\/v2\/types\/product"}],"replies":[{"embeddable":true,"href":"https:\/\/all-pets.de\/shop\/wp-json\/wp\/v2\/comments?post=52548"}],"wp:featuredmedia":[{"embeddable":true,"href":"https:\/\/all-pets.de\/shop\/wp-json\/wp\/v2\/media\/26524"}],"wp:attachment":[{"href":"https:\/\/all-pets.de\/shop\/wp-json\/wp\/v2\/media?parent=52548"}],"wp:term":[{"taxonomy":"product_cat","embeddable":true,"href":"https:\/\/all-pets.de\/shop\/wp-json\/wp\/v2\/product_cat?post=52548"},{"taxonomy":"product_tag","embeddable":true,"href":"https:\/\/all-pets.de\/shop\/wp-json\/wp\/v2\/product_tag?post=52548"}],"curies":[{"name":"wp","href":"https:\/\/api.w.org\/{rel}","templated":true}]}}