{"id":52551,"date":"2023-12-12T12:43:14","date_gmt":"2023-12-12T11:43:14","guid":{"rendered":"https:\/\/pet-shopping.de\/shop\/produkt\/trixie-baumwollring-mit-holzkugel-195-cm\/"},"modified":"2023-12-12T12:43:14","modified_gmt":"2023-12-12T11:43:14","slug":"trixie-baumwollring-mit-holzkugel-195-cm","status":"publish","type":"product","link":"https:\/\/all-pets.de\/shop\/produkt\/trixie-baumwollring-mit-holzkugel-195-cm\/","title":{"rendered":"Trixie Baumwollring mit Holzkugel &#8211; 19,5 cm"},"content":{"rendered":"<p>Spielzeug aus Baumwolle mit Holzkugel f\u00fcr Papageien und Gro\u00dfsittiche.<br \/> Einfache Befestigung im K\u00e4fig- oder Volierengitter durch montierten Haken. <\/p>\n<p>Innendurchmesser des Ringes: ca. 16 cm<br \/> Au\u00dfendurchmesser: 19,5 cm<br \/> Seilst\u00e4rke: ca. 16 mm<\/p>\n","protected":false},"excerpt":{"rendered":"<p>Spielzeug aus Baumwolle mit Holzkugel f\u00fcr Papageien und Gro\u00dfsittiche. Einfache Befestigung im K\u00e4fig- oder Volierengitter durch montierten Haken. Innendurchmesser des Ringes: ca. 16 cm Au\u00dfendurchmesser: 19,5 cm Seilst\u00e4rke: ca. 16 mm<\/p>\n","protected":false},"featured_media":26730,"comment_status":"closed","ping_status":"open","template":"","meta":[],"product_cat":[13807],"product_tag":[],"class_list":{"0":"post-52551","1":"product","2":"type-product","3":"status-publish","4":"has-post-thumbnail","6":"product_cat-spielzeug-ausstattung-zubehoer-vogelschaukelnvogelwelt-ausstattung-zubehoer-vogelwelt","8":"first","9":"instock","10":"taxable","11":"shipping-taxable","12":"purchasable","13":"product-type-simple"},"_links":{"self":[{"href":"https:\/\/all-pets.de\/shop\/wp-json\/wp\/v2\/product\/52551","targetHints":{"allow":["GET"]}}],"collection":[{"href":"https:\/\/all-pets.de\/shop\/wp-json\/wp\/v2\/product"}],"about":[{"href":"https:\/\/all-pets.de\/shop\/wp-json\/wp\/v2\/types\/product"}],"replies":[{"embeddable":true,"href":"https:\/\/all-pets.de\/shop\/wp-json\/wp\/v2\/comments?post=52551"}],"wp:featuredmedia":[{"embeddable":true,"href":"https:\/\/all-pets.de\/shop\/wp-json\/wp\/v2\/media\/26730"}],"wp:attachment":[{"href":"https:\/\/all-pets.de\/shop\/wp-json\/wp\/v2\/media?parent=52551"}],"wp:term":[{"taxonomy":"product_cat","embeddable":true,"href":"https:\/\/all-pets.de\/shop\/wp-json\/wp\/v2\/product_cat?post=52551"},{"taxonomy":"product_tag","embeddable":true,"href":"https:\/\/all-pets.de\/shop\/wp-json\/wp\/v2\/product_tag?post=52551"}],"curies":[{"name":"wp","href":"https:\/\/api.w.org\/{rel}","templated":true}]}}