{"id":52552,"date":"2023-12-12T12:43:14","date_gmt":"2023-12-12T11:43:14","guid":{"rendered":"https:\/\/pet-shopping.de\/shop\/produkt\/trixie-strickleiter-fuer-voegel-klein\/"},"modified":"2023-12-12T12:43:14","modified_gmt":"2023-12-12T11:43:14","slug":"trixie-strickleiter-fuer-voegel-klein","status":"publish","type":"product","link":"https:\/\/all-pets.de\/shop\/produkt\/trixie-strickleiter-fuer-voegel-klein\/","title":{"rendered":"Trixie Strickleiter f\u00fcr V\u00f6gel &#8211; Klein"},"content":{"rendered":"<p>Strickleiter f\u00fcr V\u00f6gel aus geknotetem Sisalband mit Naturholzsprossen. Einfache Befestigung durch montierten Haken. <\/p>\n<p>Diese Variante hat eine Gesamtl\u00e4nge von ca. 40 cm und besitzt 3 Sprossen. Sie eignet sich f\u00fcr Wellensittiche, Kanarien und \u00e4hnlich gro\u00dfe Vogelarten. <\/p>\n","protected":false},"excerpt":{"rendered":"<p>Strickleiter f\u00fcr V\u00f6gel aus geknotetem Sisalband mit Naturholzsprossen. Einfache Befestigung durch montierten Haken. Diese Variante hat eine Gesamtl\u00e4nge von ca. 40 cm und besitzt 3 Sprossen. Sie eignet sich f\u00fcr Wellensittiche, Kanarien und \u00e4hnlich gro\u00dfe Vogelarten.<\/p>\n","protected":false},"featured_media":26739,"comment_status":"closed","ping_status":"open","template":"","meta":[],"product_cat":[14279],"product_tag":[],"class_list":{"0":"post-52552","1":"product","2":"type-product","3":"status-publish","4":"has-post-thumbnail","6":"product_cat-spielzeug-ausstattung-zubehoer-vogelleiternvogelwelt","8":"first","9":"instock","10":"taxable","11":"shipping-taxable","12":"purchasable","13":"product-type-simple"},"_links":{"self":[{"href":"https:\/\/all-pets.de\/shop\/wp-json\/wp\/v2\/product\/52552","targetHints":{"allow":["GET"]}}],"collection":[{"href":"https:\/\/all-pets.de\/shop\/wp-json\/wp\/v2\/product"}],"about":[{"href":"https:\/\/all-pets.de\/shop\/wp-json\/wp\/v2\/types\/product"}],"replies":[{"embeddable":true,"href":"https:\/\/all-pets.de\/shop\/wp-json\/wp\/v2\/comments?post=52552"}],"wp:featuredmedia":[{"embeddable":true,"href":"https:\/\/all-pets.de\/shop\/wp-json\/wp\/v2\/media\/26739"}],"wp:attachment":[{"href":"https:\/\/all-pets.de\/shop\/wp-json\/wp\/v2\/media?parent=52552"}],"wp:term":[{"taxonomy":"product_cat","embeddable":true,"href":"https:\/\/all-pets.de\/shop\/wp-json\/wp\/v2\/product_cat?post=52552"},{"taxonomy":"product_tag","embeddable":true,"href":"https:\/\/all-pets.de\/shop\/wp-json\/wp\/v2\/product_tag?post=52552"}],"curies":[{"name":"wp","href":"https:\/\/api.w.org\/{rel}","templated":true}]}}