{"id":52553,"date":"2023-12-12T12:43:14","date_gmt":"2023-12-12T11:43:14","guid":{"rendered":"https:\/\/pet-shopping.de\/shop\/produkt\/trixie-bogenschaukel-mit-holzkloetzen-gross\/"},"modified":"2023-12-12T12:43:14","modified_gmt":"2023-12-12T11:43:14","slug":"trixie-bogenschaukel-mit-holzkloetzen-gross","status":"publish","type":"product","link":"https:\/\/all-pets.de\/shop\/produkt\/trixie-bogenschaukel-mit-holzkloetzen-gross\/","title":{"rendered":"Trixie Bogenschaukel mit Holzkl\u00f6tzen &#8211; Gro\u00df"},"content":{"rendered":"<p>Diese Bogenschaukel bringt einen ganz besonderen Schaukelspa\u00df f\u00fcr Ihren gefiederten Freund in den K\u00e4fig. Das Baumwolltau und die Holzkl\u00f6tzchen sind eine willkommene Abwechslung. Die Montage am K\u00e4figgitter ist durch den Haken ganz einfach.<\/p>\n<p>(Au\u00dfen-)Ma\u00dfe: ca. 21 x 28 cm (BxH)<br \/> Innenma\u00dfe: ca. 16 x 18 cm<\/p>\n","protected":false},"excerpt":{"rendered":"<p>Diese Bogenschaukel bringt einen ganz besonderen Schaukelspa\u00df f\u00fcr Ihren gefiederten Freund in den K\u00e4fig. Das Baumwolltau und die Holzkl\u00f6tzchen sind eine willkommene Abwechslung. Die Montage am K\u00e4figgitter ist durch den Haken ganz einfach. (Au\u00dfen-)Ma\u00dfe: ca. 21 x 28 cm (BxH) Innenma\u00dfe: ca. 16 x 18 cm<\/p>\n","protected":false},"featured_media":52554,"comment_status":"closed","ping_status":"open","template":"","meta":[],"product_cat":[13765],"product_tag":[],"class_list":{"0":"post-52553","1":"product","2":"type-product","3":"status-publish","4":"has-post-thumbnail","6":"product_cat-vogelschaukeln","8":"first","9":"instock","10":"taxable","11":"shipping-taxable","12":"purchasable","13":"product-type-simple"},"_links":{"self":[{"href":"https:\/\/all-pets.de\/shop\/wp-json\/wp\/v2\/product\/52553","targetHints":{"allow":["GET"]}}],"collection":[{"href":"https:\/\/all-pets.de\/shop\/wp-json\/wp\/v2\/product"}],"about":[{"href":"https:\/\/all-pets.de\/shop\/wp-json\/wp\/v2\/types\/product"}],"replies":[{"embeddable":true,"href":"https:\/\/all-pets.de\/shop\/wp-json\/wp\/v2\/comments?post=52553"}],"wp:featuredmedia":[{"embeddable":true,"href":"https:\/\/all-pets.de\/shop\/wp-json\/wp\/v2\/media\/52554"}],"wp:attachment":[{"href":"https:\/\/all-pets.de\/shop\/wp-json\/wp\/v2\/media?parent=52553"}],"wp:term":[{"taxonomy":"product_cat","embeddable":true,"href":"https:\/\/all-pets.de\/shop\/wp-json\/wp\/v2\/product_cat?post=52553"},{"taxonomy":"product_tag","embeddable":true,"href":"https:\/\/all-pets.de\/shop\/wp-json\/wp\/v2\/product_tag?post=52553"}],"curies":[{"name":"wp","href":"https:\/\/api.w.org\/{rel}","templated":true}]}}