{"id":52562,"date":"2023-12-12T12:43:14","date_gmt":"2023-12-12T11:43:14","guid":{"rendered":"https:\/\/pet-shopping.de\/shop\/produkt\/trixie-y-sitzstange-aus-naturholz-gross\/"},"modified":"2023-12-12T12:43:16","modified_gmt":"2023-12-12T11:43:16","slug":"trixie-y-sitzstange-aus-naturholz-gross","status":"publish","type":"product","link":"https:\/\/all-pets.de\/shop\/produkt\/trixie-y-sitzstange-aus-naturholz-gross\/","title":{"rendered":"Trixie Y-Sitzstange aus Naturholz &#8211; Gro\u00df"},"content":{"rendered":"<p>Diese robuste Sitzstange aus Naturholz kann von den V\u00f6geln ruhig angepickt werden. Sie bietet dem Vogel ein ganz nat\u00fcrliches Sitzgef\u00fchl und trainiert und massiert den Vogelfuss durch die unebene, nat\u00fcrliche Oberfl\u00e4che. <\/p>\n<p>L\u00e4nge: ca. 35 cm<br \/> Durchmesser: ca. 18 mm<\/p>\n","protected":false},"excerpt":{"rendered":"<p>Diese robuste Sitzstange aus Naturholz kann von den V\u00f6geln ruhig angepickt werden. Sie bietet dem Vogel ein ganz nat\u00fcrliches Sitzgef\u00fchl und trainiert und massiert den Vogelfuss durch die unebene, nat\u00fcrliche Oberfl\u00e4che. L\u00e4nge: ca. 35 cm Durchmesser: ca. 18 mm<\/p>\n","protected":false},"featured_media":26868,"comment_status":"closed","ping_status":"open","template":"","meta":[],"product_cat":[13935],"product_tag":[],"class_list":{"0":"post-52562","1":"product","2":"type-product","3":"status-publish","4":"has-post-thumbnail","6":"product_cat-sitzstangen-ausstattung-zubehoer-vogelwelt","8":"first","9":"instock","10":"taxable","11":"shipping-taxable","12":"purchasable","13":"product-type-simple"},"_links":{"self":[{"href":"https:\/\/all-pets.de\/shop\/wp-json\/wp\/v2\/product\/52562","targetHints":{"allow":["GET"]}}],"collection":[{"href":"https:\/\/all-pets.de\/shop\/wp-json\/wp\/v2\/product"}],"about":[{"href":"https:\/\/all-pets.de\/shop\/wp-json\/wp\/v2\/types\/product"}],"replies":[{"embeddable":true,"href":"https:\/\/all-pets.de\/shop\/wp-json\/wp\/v2\/comments?post=52562"}],"wp:featuredmedia":[{"embeddable":true,"href":"https:\/\/all-pets.de\/shop\/wp-json\/wp\/v2\/media\/26868"}],"wp:attachment":[{"href":"https:\/\/all-pets.de\/shop\/wp-json\/wp\/v2\/media?parent=52562"}],"wp:term":[{"taxonomy":"product_cat","embeddable":true,"href":"https:\/\/all-pets.de\/shop\/wp-json\/wp\/v2\/product_cat?post=52562"},{"taxonomy":"product_tag","embeddable":true,"href":"https:\/\/all-pets.de\/shop\/wp-json\/wp\/v2\/product_tag?post=52562"}],"curies":[{"name":"wp","href":"https:\/\/api.w.org\/{rel}","templated":true}]}}