{"id":52563,"date":"2023-12-12T12:43:14","date_gmt":"2023-12-12T11:43:14","guid":{"rendered":"https:\/\/pet-shopping.de\/shop\/produkt\/trixie-haengeleiter-aus-naturholz-58-cm\/"},"modified":"2023-12-12T12:43:16","modified_gmt":"2023-12-12T11:43:16","slug":"trixie-haengeleiter-aus-naturholz-58-cm","status":"publish","type":"product","link":"https:\/\/all-pets.de\/shop\/produkt\/trixie-haengeleiter-aus-naturholz-58-cm\/","title":{"rendered":"Trixie H\u00e4ngeleiter aus Naturholz &#8211; 58 cm"},"content":{"rendered":"<p>Diese H\u00e4ngeleiter aus Naturholz bringt Bewegung ins Vogelleben. Sie eignet sich f\u00fcr f\u00fcr Wellensittiche, Kanarien und Finken und verbindet Spiel mit leichtem Training.<\/p>\n<p>L\u00e4nge: 58 cm<br \/> 12 Sprossen<\/p>\n","protected":false},"excerpt":{"rendered":"<p>Diese H\u00e4ngeleiter aus Naturholz bringt Bewegung ins Vogelleben. Sie eignet sich f\u00fcr f\u00fcr Wellensittiche, Kanarien und Finken und verbindet Spiel mit leichtem Training. L\u00e4nge: 58 cm 12 Sprossen<\/p>\n","protected":false},"featured_media":26874,"comment_status":"closed","ping_status":"open","template":"","meta":[],"product_cat":[14279],"product_tag":[],"class_list":{"0":"post-52563","1":"product","2":"type-product","3":"status-publish","4":"has-post-thumbnail","6":"product_cat-spielzeug-ausstattung-zubehoer-vogelleiternvogelwelt","8":"first","9":"instock","10":"taxable","11":"shipping-taxable","12":"purchasable","13":"product-type-simple"},"_links":{"self":[{"href":"https:\/\/all-pets.de\/shop\/wp-json\/wp\/v2\/product\/52563","targetHints":{"allow":["GET"]}}],"collection":[{"href":"https:\/\/all-pets.de\/shop\/wp-json\/wp\/v2\/product"}],"about":[{"href":"https:\/\/all-pets.de\/shop\/wp-json\/wp\/v2\/types\/product"}],"replies":[{"embeddable":true,"href":"https:\/\/all-pets.de\/shop\/wp-json\/wp\/v2\/comments?post=52563"}],"wp:featuredmedia":[{"embeddable":true,"href":"https:\/\/all-pets.de\/shop\/wp-json\/wp\/v2\/media\/26874"}],"wp:attachment":[{"href":"https:\/\/all-pets.de\/shop\/wp-json\/wp\/v2\/media?parent=52563"}],"wp:term":[{"taxonomy":"product_cat","embeddable":true,"href":"https:\/\/all-pets.de\/shop\/wp-json\/wp\/v2\/product_cat?post=52563"},{"taxonomy":"product_tag","embeddable":true,"href":"https:\/\/all-pets.de\/shop\/wp-json\/wp\/v2\/product_tag?post=52563"}],"curies":[{"name":"wp","href":"https:\/\/api.w.org\/{rel}","templated":true}]}}