{"id":52565,"date":"2023-12-12T12:43:17","date_gmt":"2023-12-12T11:43:17","guid":{"rendered":"https:\/\/pet-shopping.de\/shop\/produkt\/trixie-leitergeruest-aus-naturholz-gross\/"},"modified":"2023-12-12T12:43:17","modified_gmt":"2023-12-12T11:43:17","slug":"trixie-leitergeruest-aus-naturholz-gross","status":"publish","type":"product","link":"https:\/\/all-pets.de\/shop\/produkt\/trixie-leitergeruest-aus-naturholz-gross\/","title":{"rendered":"Trixie Leiterger\u00fcst aus Naturholz &#8211; Gro\u00df"},"content":{"rendered":"<p>Dieser Turm mit Tauen hat 12 Sprossen, und bietet Ihrem Vogel Kletterspa\u00df und somit gleichzeitig Training. <\/p>\n<p> Diese Variante eignet sich f\u00fcr Gro\u00dfsittiche und Papageien.\u00a0 <\/p>\n<p>L\u00e4nge: ca. 40 cm<\/p>\n","protected":false},"excerpt":{"rendered":"<p>Dieser Turm mit Tauen hat 12 Sprossen, und bietet Ihrem Vogel Kletterspa\u00df und somit gleichzeitig Training. Diese Variante eignet sich f\u00fcr Gro\u00dfsittiche und Papageien.\u00a0 L\u00e4nge: ca. 40 cm<\/p>\n","protected":false},"featured_media":26877,"comment_status":"closed","ping_status":"open","template":"","meta":[],"product_cat":[13692],"product_tag":[],"class_list":{"0":"post-52565","1":"product","2":"type-product","3":"status-publish","4":"has-post-thumbnail","6":"product_cat-spielzeug","8":"first","9":"instock","10":"taxable","11":"shipping-taxable","12":"purchasable","13":"product-type-simple"},"_links":{"self":[{"href":"https:\/\/all-pets.de\/shop\/wp-json\/wp\/v2\/product\/52565","targetHints":{"allow":["GET"]}}],"collection":[{"href":"https:\/\/all-pets.de\/shop\/wp-json\/wp\/v2\/product"}],"about":[{"href":"https:\/\/all-pets.de\/shop\/wp-json\/wp\/v2\/types\/product"}],"replies":[{"embeddable":true,"href":"https:\/\/all-pets.de\/shop\/wp-json\/wp\/v2\/comments?post=52565"}],"wp:featuredmedia":[{"embeddable":true,"href":"https:\/\/all-pets.de\/shop\/wp-json\/wp\/v2\/media\/26877"}],"wp:attachment":[{"href":"https:\/\/all-pets.de\/shop\/wp-json\/wp\/v2\/media?parent=52565"}],"wp:term":[{"taxonomy":"product_cat","embeddable":true,"href":"https:\/\/all-pets.de\/shop\/wp-json\/wp\/v2\/product_cat?post=52565"},{"taxonomy":"product_tag","embeddable":true,"href":"https:\/\/all-pets.de\/shop\/wp-json\/wp\/v2\/product_tag?post=52565"}],"curies":[{"name":"wp","href":"https:\/\/api.w.org\/{rel}","templated":true}]}}