{"id":52566,"date":"2023-12-12T12:43:17","date_gmt":"2023-12-12T11:43:17","guid":{"rendered":"https:\/\/pet-shopping.de\/shop\/produkt\/trixie-natursitzstange-mit-tau-25-cm-ca-25-mm\/"},"modified":"2023-12-12T12:43:17","modified_gmt":"2023-12-12T11:43:17","slug":"trixie-natursitzstange-mit-tau-25-cm-ca-25-mm","status":"publish","type":"product","link":"https:\/\/all-pets.de\/shop\/produkt\/trixie-natursitzstange-mit-tau-25-cm-ca-25-mm\/","title":{"rendered":"Trixie Natursitzstange mit Tau &#8211; 25 cm\/ca. 25 mm"},"content":{"rendered":"<p>Unregelm\u00e4\u00dfig geformte Sitzstangen aus Baumwolle oder Naturholz trainieren und massieren den Vogelfu\u00df! Naturholz-Sitzstangen dienen auch der nat\u00fcrlichen Krallenpflege.<\/p>\n<p> Diese Sitzstange aus Naturholz zur Befestigung am K\u00e4figgitter ist au\u00dferdem mit Spieltauen versehen, die zus\u00e4tzlich der Besch\u00e4ftigung dienen.<\/p>\n<p>L\u00e4nge: ca. 25 cm<br \/> Durchmesser: ca. 25 mm<\/p>\n","protected":false},"excerpt":{"rendered":"<p>Unregelm\u00e4\u00dfig geformte Sitzstangen aus Baumwolle oder Naturholz trainieren und massieren den Vogelfu\u00df! Naturholz-Sitzstangen dienen auch der nat\u00fcrlichen Krallenpflege. Diese Sitzstange aus Naturholz zur Befestigung am K\u00e4figgitter ist au\u00dferdem mit Spieltauen versehen, die zus\u00e4tzlich der Besch\u00e4ftigung dienen. L\u00e4nge: ca. 25 cm Durchmesser: ca. 25 mm<\/p>\n","protected":false},"featured_media":26882,"comment_status":"closed","ping_status":"open","template":"","meta":[],"product_cat":[13935],"product_tag":[],"class_list":{"0":"post-52566","1":"product","2":"type-product","3":"status-publish","4":"has-post-thumbnail","6":"product_cat-sitzstangen-ausstattung-zubehoer-vogelwelt","8":"first","9":"instock","10":"taxable","11":"shipping-taxable","12":"purchasable","13":"product-type-simple"},"_links":{"self":[{"href":"https:\/\/all-pets.de\/shop\/wp-json\/wp\/v2\/product\/52566","targetHints":{"allow":["GET"]}}],"collection":[{"href":"https:\/\/all-pets.de\/shop\/wp-json\/wp\/v2\/product"}],"about":[{"href":"https:\/\/all-pets.de\/shop\/wp-json\/wp\/v2\/types\/product"}],"replies":[{"embeddable":true,"href":"https:\/\/all-pets.de\/shop\/wp-json\/wp\/v2\/comments?post=52566"}],"wp:featuredmedia":[{"embeddable":true,"href":"https:\/\/all-pets.de\/shop\/wp-json\/wp\/v2\/media\/26882"}],"wp:attachment":[{"href":"https:\/\/all-pets.de\/shop\/wp-json\/wp\/v2\/media?parent=52566"}],"wp:term":[{"taxonomy":"product_cat","embeddable":true,"href":"https:\/\/all-pets.de\/shop\/wp-json\/wp\/v2\/product_cat?post=52566"},{"taxonomy":"product_tag","embeddable":true,"href":"https:\/\/all-pets.de\/shop\/wp-json\/wp\/v2\/product_tag?post=52566"}],"curies":[{"name":"wp","href":"https:\/\/api.w.org\/{rel}","templated":true}]}}