{"id":52575,"date":"2023-12-12T12:43:17","date_gmt":"2023-12-12T11:43:17","guid":{"rendered":"https:\/\/pet-shopping.de\/shop\/produkt\/karlie-flamingo-katzenhalsband-fish-pink\/"},"modified":"2023-12-12T12:43:19","modified_gmt":"2023-12-12T11:43:19","slug":"karlie-flamingo-katzenhalsband-fish-pink","status":"publish","type":"product","link":"https:\/\/all-pets.de\/shop\/produkt\/karlie-flamingo-katzenhalsband-fish-pink\/","title":{"rendered":"Karlie Flamingo Katzenhalsband Fish &#8211; Pink"},"content":{"rendered":"<p>Katzenhalsband mit elastischem Einsatz, f\u00fcr mehr Sicherheit, falls das Halsband h\u00e4ngen bleibt. Einfach verstellbarer Riemen f\u00fcr die perfekte Passform. Mit Glocke.<\/p>\n<p> L\u00e4nge: ca. 30 cm<br \/> Breite: ca. 10 mm<br \/> Farbe: pink<\/p>\n","protected":false},"excerpt":{"rendered":"<p>Katzenhalsband mit elastischem Einsatz, f\u00fcr mehr Sicherheit, falls das Halsband h\u00e4ngen bleibt. Einfach verstellbarer Riemen f\u00fcr die perfekte Passform. Mit Glocke. L\u00e4nge: ca. 30 cm Breite: ca. 10 mm Farbe: pink<\/p>\n","protected":false},"featured_media":27321,"comment_status":"closed","ping_status":"open","template":"","meta":[],"product_cat":[14236],"product_tag":[],"class_list":{"0":"post-52575","1":"product","2":"type-product","3":"status-publish","4":"has-post-thumbnail","6":"product_cat-halsbaender-katzenhalsbaender-geschirre","8":"first","9":"instock","10":"taxable","11":"shipping-taxable","12":"purchasable","13":"product-type-simple"},"_links":{"self":[{"href":"https:\/\/all-pets.de\/shop\/wp-json\/wp\/v2\/product\/52575","targetHints":{"allow":["GET"]}}],"collection":[{"href":"https:\/\/all-pets.de\/shop\/wp-json\/wp\/v2\/product"}],"about":[{"href":"https:\/\/all-pets.de\/shop\/wp-json\/wp\/v2\/types\/product"}],"replies":[{"embeddable":true,"href":"https:\/\/all-pets.de\/shop\/wp-json\/wp\/v2\/comments?post=52575"}],"wp:featuredmedia":[{"embeddable":true,"href":"https:\/\/all-pets.de\/shop\/wp-json\/wp\/v2\/media\/27321"}],"wp:attachment":[{"href":"https:\/\/all-pets.de\/shop\/wp-json\/wp\/v2\/media?parent=52575"}],"wp:term":[{"taxonomy":"product_cat","embeddable":true,"href":"https:\/\/all-pets.de\/shop\/wp-json\/wp\/v2\/product_cat?post=52575"},{"taxonomy":"product_tag","embeddable":true,"href":"https:\/\/all-pets.de\/shop\/wp-json\/wp\/v2\/product_tag?post=52575"}],"curies":[{"name":"wp","href":"https:\/\/api.w.org\/{rel}","templated":true}]}}