{"id":52583,"date":"2023-12-12T12:43:20","date_gmt":"2023-12-12T11:43:20","guid":{"rendered":"https:\/\/pet-shopping.de\/shop\/produkt\/karlie-latex-dummie-vogel\/"},"modified":"2023-12-12T12:43:21","modified_gmt":"2023-12-12T11:43:21","slug":"karlie-latex-dummie-vogel","status":"publish","type":"product","link":"https:\/\/all-pets.de\/shop\/produkt\/karlie-latex-dummie-vogel\/","title":{"rendered":"Karlie Latex-Dummie &#8211; Vogel"},"content":{"rendered":"<div class=\"data item content\" id=\"product.info.description\" data-role=\"content\" aria-labelledby=\"tab-label-product.info.description\" role=\"tabpanel\" aria-hidden=\"false\">\n<div class=\"product attribute description\">\n<div class=\"value\">\n<p>Die lustigen Latex-Dummies sind ein tolles Apportierspielzeug f\u00fcr Hunde. Die langgezogenen Tierfiguren aus Latex haben eine F\u00fcllung aus Polyestervlies. Diese garantiert eine gute Formstabilit\u00e4t. Das Latexmaterial ist angenehm weich und dennoch robust. Ein integrierter Squeaker sorgt f\u00fcr noch mehr Spielspa\u00df. Erh\u00e4ltlich in drei Varianten.<\/p>\n<p>L\u00e4nge: 40 cm<\/p>\n<\/div>\n<\/div>\n<\/div>\n","protected":false},"excerpt":{"rendered":"<p>Die lustigen Latex-Dummies sind ein tolles Apportierspielzeug f\u00fcr Hunde. Die langgezogenen Tierfiguren aus Latex haben eine F\u00fcllung aus Polyestervlies. Diese garantiert eine gute Formstabilit\u00e4t. Das Latexmaterial ist angenehm weich und dennoch robust. Ein integrierter Squeaker sorgt f\u00fcr noch mehr Spielspa\u00df. Erh\u00e4ltlich in drei Varianten. L\u00e4nge: 40 cm<\/p>\n","protected":false},"featured_media":27471,"comment_status":"closed","ping_status":"open","template":"","meta":[],"product_cat":[13748],"product_tag":[],"class_list":{"0":"post-52583","1":"product","2":"type-product","3":"status-publish","4":"has-post-thumbnail","6":"product_cat-squeeker","8":"first","9":"instock","10":"taxable","11":"shipping-taxable","12":"purchasable","13":"product-type-simple"},"_links":{"self":[{"href":"https:\/\/all-pets.de\/shop\/wp-json\/wp\/v2\/product\/52583","targetHints":{"allow":["GET"]}}],"collection":[{"href":"https:\/\/all-pets.de\/shop\/wp-json\/wp\/v2\/product"}],"about":[{"href":"https:\/\/all-pets.de\/shop\/wp-json\/wp\/v2\/types\/product"}],"replies":[{"embeddable":true,"href":"https:\/\/all-pets.de\/shop\/wp-json\/wp\/v2\/comments?post=52583"}],"wp:featuredmedia":[{"embeddable":true,"href":"https:\/\/all-pets.de\/shop\/wp-json\/wp\/v2\/media\/27471"}],"wp:attachment":[{"href":"https:\/\/all-pets.de\/shop\/wp-json\/wp\/v2\/media?parent=52583"}],"wp:term":[{"taxonomy":"product_cat","embeddable":true,"href":"https:\/\/all-pets.de\/shop\/wp-json\/wp\/v2\/product_cat?post=52583"},{"taxonomy":"product_tag","embeddable":true,"href":"https:\/\/all-pets.de\/shop\/wp-json\/wp\/v2\/product_tag?post=52583"}],"curies":[{"name":"wp","href":"https:\/\/api.w.org\/{rel}","templated":true}]}}