{"id":52604,"date":"2023-12-12T12:43:24","date_gmt":"2023-12-12T11:43:24","guid":{"rendered":"https:\/\/pet-shopping.de\/shop\/produkt\/karlie-flamingo-professional-zupfbuerste-fuer-hunde-klein\/"},"modified":"2023-12-12T12:43:25","modified_gmt":"2023-12-12T11:43:25","slug":"karlie-flamingo-professional-zupfbuerste-fuer-hunde-klein","status":"publish","type":"product","link":"https:\/\/all-pets.de\/shop\/produkt\/karlie-flamingo-professional-zupfbuerste-fuer-hunde-klein\/","title":{"rendered":"Karlie Flamingo Professional Zupfb\u00fcrste f\u00fcr Hunde &#8211; Klein"},"content":{"rendered":"<p>Die Professional Zupfb\u00fcrste von Karlie Flamingo ist mit flexiblen Borsten und einem ergonomisch geformten Anti-Rutsch- Softgriff ausgestattet und ist somit das ideale Equipment, um bei Ihrem Hund f\u00fcr eine optimale Fellpflege zu sorgen.<\/p>\n<p>Die Zupfb\u00fcrste entfernt schonend Staub und Schmutz, sowie lose Haare und Unterwolle.<\/p>\n<p>Gr\u00f6\u00dfe: ca. 17,5 x 7 x 4 cm (LxBxH)<br \/> Gewicht: ca. 68 g<\/p>\n<p>Farbe: rot-schwarz<\/p>\n","protected":false},"excerpt":{"rendered":"<p>Die Professional Zupfb\u00fcrste von Karlie Flamingo ist mit flexiblen Borsten und einem ergonomisch geformten Anti-Rutsch- Softgriff ausgestattet und ist somit das ideale Equipment, um bei Ihrem Hund f\u00fcr eine optimale Fellpflege zu sorgen. Die Zupfb\u00fcrste entfernt schonend Staub und Schmutz, sowie lose Haare und Unterwolle. Gr\u00f6\u00dfe: ca. 17,5 x 7 x 4 cm (LxBxH) Gewicht: [&hellip;]<\/p>\n","protected":false},"featured_media":27521,"comment_status":"closed","ping_status":"open","template":"","meta":[],"product_cat":[14112],"product_tag":[],"class_list":{"0":"post-52604","1":"product","2":"type-product","3":"status-publish","4":"has-post-thumbnail","6":"product_cat-hundebuersten-striegel-fellpflege-pflege-gesundheit-hundewelt","8":"first","9":"instock","10":"taxable","11":"shipping-taxable","12":"purchasable","13":"product-type-simple"},"_links":{"self":[{"href":"https:\/\/all-pets.de\/shop\/wp-json\/wp\/v2\/product\/52604","targetHints":{"allow":["GET"]}}],"collection":[{"href":"https:\/\/all-pets.de\/shop\/wp-json\/wp\/v2\/product"}],"about":[{"href":"https:\/\/all-pets.de\/shop\/wp-json\/wp\/v2\/types\/product"}],"replies":[{"embeddable":true,"href":"https:\/\/all-pets.de\/shop\/wp-json\/wp\/v2\/comments?post=52604"}],"wp:featuredmedia":[{"embeddable":true,"href":"https:\/\/all-pets.de\/shop\/wp-json\/wp\/v2\/media\/27521"}],"wp:attachment":[{"href":"https:\/\/all-pets.de\/shop\/wp-json\/wp\/v2\/media?parent=52604"}],"wp:term":[{"taxonomy":"product_cat","embeddable":true,"href":"https:\/\/all-pets.de\/shop\/wp-json\/wp\/v2\/product_cat?post=52604"},{"taxonomy":"product_tag","embeddable":true,"href":"https:\/\/all-pets.de\/shop\/wp-json\/wp\/v2\/product_tag?post=52604"}],"curies":[{"name":"wp","href":"https:\/\/api.w.org\/{rel}","templated":true}]}}