{"id":52627,"date":"2023-12-12T12:43:28","date_gmt":"2023-12-12T11:43:28","guid":{"rendered":"https:\/\/pet-shopping.de\/shop\/produkt\/wolfsblut-grey-peak-small-breed-75-kg\/"},"modified":"2023-12-12T12:43:28","modified_gmt":"2023-12-12T11:43:28","slug":"wolfsblut-grey-peak-small-breed-75-kg","status":"publish","type":"product","link":"https:\/\/all-pets.de\/shop\/produkt\/wolfsblut-grey-peak-small-breed-75-kg\/","title":{"rendered":"Wolfsblut Grey Peak small Breed &#8211; 7,5 kg"},"content":{"rendered":"<p>Alleinfuttermittel f\u00fcr kleine Hunderassen &#8211; Tiernahrung<\/p>\n<p>Kleine Rassen<br \/> Kleine Hunderassen werden gegen\u00fcber ihren gro\u00dfen Verwandten statistisch schneller erwachsen, sp\u00e4ter alt und leben l\u00e4nger. Als Miniaturausgabe der Wolfvorfahren sind sie voller Energie, beeindruckend beweglich und schwer zu erm\u00fcden. Dieses Feuerwerk an Aktivit\u00e4t bleibt lange erhalten, wenn die Nahrung entsprechend energiereich ist und in kleinen Portionen verk\u00f6stigt wird. Idealerweise gibt es immer ein Porti\u00f6nchen nach dem Spazierengehen, vor der Ruhepause. Drei bis vier Portionen verteilt \u00fcber den Tag vermitteln dem Sch\u00fctzling zudem mehr Futter zu erhalten, als es die gleiche Menge, verteilt auf zwei Portionen vermag.<\/p>\n<p>Kleine Rassen &#8211; Alleinfutter<br \/> Das Futter hat entschiedenen Einfluss auf den Erhalt der Gesundheit. Die richtige Futterwahl wiederum ist abh\u00e4ngig vom Aufkl\u00e4rungsstand und der Initiative des Hundefreunds. Wolfsblut bietet mit seinem Ern\u00e4hrungsprogramm f\u00fcr kleine Hunderassen ein Alleinfutter, das<\/p>\n<p>&#8211; ideale Energiequelle, dabei<br \/> &#8211; leicht verdaulich ist, aus<br \/> &#8211; kleinen Futterst\u00fccken besteht, die<br \/> &#8211; alle notwendigen N\u00e4hrstoffe, Vitamine und Mineralien enthalten und<br \/> &#8211; besonders schmackhaft ist.<\/p>\n<p>Ideale Energiequelle<br \/> Kleine Hunderassen sind gegen\u00fcber Gro\u00dfen in der Regel viel beweglicher und aktiver. Das Rennen und Springen erfordert ein entsprechend leichtes und energiereiches Futter. Viel Protein bedeutet aber nicht gleichzeitig viel Energie. Erst das ausgewogene Verh\u00e4ltnis von Protein und Fett bewirkt die ben\u00f6tigte Energiedichte. Mit nat\u00fcrlichen Zutaten, aufbauend auf dem Muskelfleisch der Burenziege in Lebensmittelqualit\u00e4t, erreicht unser Futter die f\u00fcr kleine Hunderassen optimale Energiedichte.<\/p>\n<p>Leicht verdaulich mit kleinen Futterst\u00fccken<br \/> Der hohe Stoffwechsel und die geringe Verdauungskapazit\u00e4t kleiner Hunderassen erfordern hochverdauliche kleine Futterst\u00fccken. Mit einer Verdaulichkeit von bis zu 98% erf\u00fcllt das Fleisch der Burenziege diese Anforderungen nahezu optimal. Zus\u00e4tzliche, die Verdauung unterst\u00fctzende Zutaten sind:<\/p>\n<p>&#8211; Probiotisches FOS (auch Fructooligosaccharide), das auch in Babynahrung erg\u00e4nzt wird, beeinflusst eine gesunde Darmflora, indem es schlechte\/pathogene Bakterien bek\u00e4mpft, die den Darm bev\u00f6lkern.<br \/> &#8211; Geschmacksneutraler Thymian f\u00f6rdert den Verdauungsvorgang auf nat\u00fcrlichem Weg.<\/p>\n<p>Die Gr\u00f6\u00dfe und Konsistenz der Futterst\u00fccken haben wir so gew\u00e4hlt, dass sie leicht aufgenommen werden k\u00f6nnen und kein V\u00f6llegef\u00fchl erzeugen.<\/p>\n<p>Alle notwendigen N\u00e4hrstoffe, Vitamine und Mineralien<br \/> Neben dem \u00f6kologischen Ursprung unserer Fleischauswahl optimieren ausgew\u00e4hlte Zutaten den Gehalt an N\u00e4hrstoffen, Vitaminen und Mineralien.<br \/> Hier ist ein Ausschnitt unserer Zutaten.<\/p>\n<p>&#8211; S\u00fc\u00dfkartoffeln sind laut CSPI (Center for Science in the Public Interest) das n\u00e4hrstoffreichste Gem\u00fcse<br \/> &#8211; Vitamin D3 f\u00f6rdert eine harte Knochenbildung und st\u00e4rkt die Muskeln<br \/> &#8211; Wei\u00dfdorn unterst\u00fctzt die Leistungsf\u00e4higkeit des Herzens<br \/> &#8211; Salbei hat hemmenden Einfluss auf das Wachstum von Bakterien, Viren und Pilzen<br \/> &#8211; Nucleotide unterst\u00fctzt den Heilungsprozess nach Verletzungen<br \/> &#8211; Selen steigert die Immunabwehr<br \/> &#8211; Kupfer beugt Entz\u00fcndungen vor<\/p>\n<p>Besonders Schmackhaft<br \/> Das Fleisch der Burenziege wird besonders gerne gefressen, weil ihm der typische Ziegengeruch fehlt.<\/p>\n<p>\u00d6kologischer Ursprung<br \/> Unsere Fleischauswahl stammt von Burenziegen, die ganzj\u00e4hrig auf der Weide gehalten werden und weist daher eine besonders g\u00fcnstige Zusammensetzung der Fetts\u00e4uren auf. Es ist deshalb viel ges\u00fcnder als Fleisch von Tieren aus der Massentierhaltung.<\/p>\n<p>Kein Getreide<br \/> Wer uns kennt wei\u00df, dass alle unsere Futtersorten getreidefrei sind. Hunde sind Fleischfresser, deshalb baut unser Ern\u00e4hrungsprogramm f\u00fcr kleine Hunderassen ausschlie\u00dflich auf tierischem Erweis auf, ohne Getreidezusatz.<\/p>\n<p>Was unser Futter nicht enth\u00e4lt<br \/> Unser Futter beinhaltet nicht nur kein Getreide, es ist auch frei von Zucker, Soja, Geruchs-, Farb- oder Geschmacksverst\u00e4rkern und k\u00fcnstlichen Konservierungsmitteln.<\/p>\n<p>Zusammensetzung:<br \/> S\u00fc\u00dfkartoffel (min. 25,5 %), Ziege (min. 23,5 %), getrocknetes Pferdefleisch, Pferdfett, Erbsenprotein, Kartoffelprotein, Erbsenfasern, Thymian, Salbei, Majoran, Oregano, Petersilie, Immutop\u00ae (Topinamburkonzentrat), Vitamine, Mineralien, Brombeeren, Himbeeren, Heidelbeeren, Schwarze Johannisbeeren, Holunderbeeren, Aroniabeeren, Spirulina, Leinsamen, Mannan-oligosaccharide (Prebiotisch MOS, min. 0,2 %), Fructo-oligosaccharide (Prebiotisch FOS, min. 0,2 %), Nucleotide (min. 0,17%), Brennnessel, Wei\u00dfdorn, Ginseng, L\u00f6wenzahn, Anissamen, Bockshornklee<\/p>\n<p>Zusatzstoffe:<br \/> Nahrungszus\u00e4tze pro kg: Vitamine: Vitamin A (als Retinylacetat) 26.760 IU, Vitamin D3 (als Cholecalciferol) 1.800 IU, Spurenelemente: Eisen (als Eisensulfat) 321,36 mg, Eisen (als Eisenchelat von Aminos\u00e4urehydrat) 21,33 mg, Jod (als Kalziumjodat wasserfrei) 1,64 mg, Kupfer (als Kupfersulfat) 42,24mg, Kupfer (als Kupferchelat von Aminos\u00e4urehydrat) 52,80 mg, Mangan (als Mangansulfat) 116,95 mg, Zink (als Zinksulfat) 296,49 mg, Zink (als Zinkchelat von Aminos\u00e4urehydrat) 355,73 mg, Selen (als Natriumselenit) 0,53 mg, Aminos\u00e4uren: Taurin 1.100 mg<\/p>\n<p>N\u00e4hrwertanalyse:<br \/> Rohprotein: 30 %<br \/> Rohfett: 19 %<br \/> Rohfaser: 3 %<br \/> Rohasche: 8,5 %<br \/> Calzium: 2,52 %<br \/> Phosphor: 1,31 %<br \/> Kalium: 1,00 %<br \/> Magnesium: 0,15 %<br \/> Natrium: 0,38 %<br \/> Omega-3-Fetts\u00e4ure: 2,50 %<br \/> Omega-6-Fetts\u00e4ure: 4,90 %<br \/> Verwertbare Energie: 3860 kcal\/kg<\/p>\n","protected":false},"excerpt":{"rendered":"<p>Alleinfuttermittel f\u00fcr kleine Hunderassen &#8211; Tiernahrung Kleine Rassen Kleine Hunderassen werden gegen\u00fcber ihren gro\u00dfen Verwandten statistisch schneller erwachsen, sp\u00e4ter alt und leben l\u00e4nger. Als Miniaturausgabe der Wolfvorfahren sind sie voller Energie, beeindruckend beweglich und schwer zu erm\u00fcden. Dieses Feuerwerk an Aktivit\u00e4t bleibt lange erhalten, wenn die Nahrung entsprechend energiereich ist und in kleinen Portionen verk\u00f6stigt [&hellip;]<\/p>\n","protected":false},"featured_media":52628,"comment_status":"closed","ping_status":"open","template":"","meta":[],"product_cat":[15392],"product_tag":[],"class_list":{"0":"post-52627","1":"product","2":"type-product","3":"status-publish","4":"has-post-thumbnail","6":"product_cat-wolfsblut-getreidefrei-hundetrockenfutter-wolfsbluthundewelt-hundetrockenfutter","8":"first","9":"instock","10":"taxable","11":"shipping-taxable","12":"purchasable","13":"product-type-simple"},"_links":{"self":[{"href":"https:\/\/all-pets.de\/shop\/wp-json\/wp\/v2\/product\/52627","targetHints":{"allow":["GET"]}}],"collection":[{"href":"https:\/\/all-pets.de\/shop\/wp-json\/wp\/v2\/product"}],"about":[{"href":"https:\/\/all-pets.de\/shop\/wp-json\/wp\/v2\/types\/product"}],"replies":[{"embeddable":true,"href":"https:\/\/all-pets.de\/shop\/wp-json\/wp\/v2\/comments?post=52627"}],"wp:featuredmedia":[{"embeddable":true,"href":"https:\/\/all-pets.de\/shop\/wp-json\/wp\/v2\/media\/52628"}],"wp:attachment":[{"href":"https:\/\/all-pets.de\/shop\/wp-json\/wp\/v2\/media?parent=52627"}],"wp:term":[{"taxonomy":"product_cat","embeddable":true,"href":"https:\/\/all-pets.de\/shop\/wp-json\/wp\/v2\/product_cat?post=52627"},{"taxonomy":"product_tag","embeddable":true,"href":"https:\/\/all-pets.de\/shop\/wp-json\/wp\/v2\/product_tag?post=52627"}],"curies":[{"name":"wp","href":"https:\/\/api.w.org\/{rel}","templated":true}]}}