{"id":52648,"date":"2023-12-12T12:43:32","date_gmt":"2023-12-12T11:43:32","guid":{"rendered":"https:\/\/pet-shopping.de\/shop\/produkt\/wolfsblut-wild-duck-puppy-125-kg\/"},"modified":"2023-12-12T12:43:32","modified_gmt":"2023-12-12T11:43:32","slug":"wolfsblut-wild-duck-puppy-125-kg","status":"publish","type":"product","link":"https:\/\/all-pets.de\/shop\/produkt\/wolfsblut-wild-duck-puppy-125-kg\/","title":{"rendered":"Wolfsblut Wild Duck Puppy &#8211; 12,5 kg"},"content":{"rendered":"<p>Die Welpenzeit ist von Rasse zu Rasse verschieden. Sie endet, wenn der Hund vollst\u00e4ndig aufh\u00f6rt, ges\u00e4ugt zu werden. Das geschieht nat\u00fcrlich nicht abrupt, sondern langsam mit abnehmender Produktion der Muttermilch. In dieser Zeit muss stetig zugef\u00fcttert werden, um die Welpe an feste Nahrung zu gew\u00f6hnen. Welpen sind, soweit sie nicht schlafen, ungeheuer aktiv. Im Vergleich zu einem ausgewachsenen Hund ben\u00f6tigen sie daher etwa die doppelte Menge an Energie (bezogen auf das K\u00f6rpergewicht). Dabei sind ihre M\u00e4gen noch sehr klein und empfindlich. Um eine \u00dcberdehnung zu vermeiden, die eine sp\u00e4tere Fettleibigkeit zur Folge haben kann, sollten kleine Portionen mehrfach am Tag gef\u00fcttert werden.<\/p>\n<p>Welpen &#8211; Alleinfutter<br \/> Das Futter hat entscheidenden Einfluss auf den Erhalt der Gesundheit. Die richtige Futterwahl wiederum ist abh\u00e4ngig vom Aufkl\u00e4rungsstand und der Initiative des Hundefreundes. Wolfsblut bietet mit seinem Ern\u00e4hrungsprogramm f\u00fcr Welpen ein Alleinfutter, das<\/p>\n<p>&#8211; eine ideale Energiequelle ist,<br \/> &#8211; eine einzigartige Kombination von Heilpflanzen aus Wald und Wiesen enth\u00e4lt und<br \/> &#8211; ein Geschmacksklassiker ist,<br \/> &#8211; leicht verdaulich ist mit kleinen Futterst\u00fccken, mit Fleisch aus<br \/> &#8211; nat\u00fcrlichem Ursprung,<br \/> &#8211; kein Getreide enth\u00e4lt,<br \/> &#8211; frei ist von Zucker, Soja, Bleichmitteln, Vitamin K3, Geruchs-, Farb- oder Geschmacksverst\u00e4rkern und k\u00fcnstlichen Konservierungsmitteln und<br \/> &#8211; f\u00fcr Allergiker empfohlen wird. <\/p>\n<p>Ideale Energiequelle<br \/> F\u00fcr Wachstum und k\u00f6rperliche Aktivit\u00e4ten ben\u00f6tigt der Welpe viel Energie. Viel Protein bedeutet aber nicht gleichzeitig viel Energie. Erst das ausgewogene Verh\u00e4ltnis von Protein und Fett bewirkt die ben\u00f6tigte Energiedichte. Mit nat\u00fcrlichen Zutaten, Entenfleisch und Entenfett in Lebensmittelqualit\u00e4t erreicht unser Futter die f\u00fcr Welpen optimale Energiedichte.<\/p>\n<p>Entenfleisch in Lebensmittelqualit\u00e4t enth\u00e4lt<br \/> &#8211; B-Vitamine (B1, B2 ,B6 und B12), die u.a. gro\u00dfen Einfluss auf den Stoffwechsel und das Nervensystem haben,<br \/> &#8211; Zink, das u.a. die Wundheilung beschleunigt und das Immunsystem st\u00e4rkt,<br \/> &#8211; Eisen, das u.a. f\u00fcr die Sauerstoffversorgung des K\u00f6rpers sehr wichtig ist,<br \/> &#8211; Kupfer, das u.a. f\u00fcr die Bildung des roten Blutfarbstoffes und den Eisen-Stoffwechsel wichtig ist und<br \/> &#8211; Eiwei\u00df (Protein), von sehr hochwertiger Qualit\u00e4t, u.a. f\u00fcr den Muskelaufbau. <br \/> &#8211; Entenfett in Lebensmittelqualit\u00e4t enth\u00e4lt die Vitamine A, D, E und ist eine gute Quelle f\u00fcr Omega-3- und -6- Fetts\u00e4uren, die sich positiv auf Haut und Fell auswirken. <\/p>\n<p>Eine einzigartige Kombination von Heilpflanzen aus Wald und Wiesen<br \/> Wir von Healthfood24 sehen die Nahrungsbed\u00fcrfnisse der Hunde von heute im Zusammenhang mit ihren Wolfsvorfahren. Bei diesen stand nicht nur Fleisch und Fisch auf dem Speisezettel. Wald und Steppe lieferten seit Urzeiten wertvolle gesunde Fr\u00fcchte, Kr\u00e4uter und Wurzeln die schon immer zu den wichtigen Nahrungsquellen des Urahns unserer Hunde geh\u00f6rten. In WILD DUCK Trockenfutter haben wir das urspr\u00fcngliche Ern\u00e4hrungsspektrum der Hundevorfahren mit den Bed\u00fcrfnissen der Hunde von heute vereint, indem wir die Vorteile des Fleisches durch eine einzigartige Kombination von Heilpflanzen aus Wald und Wiesen sowie anderer gesundheitsf\u00f6rdernder Zutaten verbunden haben.<\/p>\n<p> An dieser Stelle auch der Hinweis, dass die in WILD DUCK Trocken-Hundefutter (Ente) verwendeten Fr\u00fcchte und Kr\u00e4uter in einer optimal verwertbaren Menge enthalten sind, die h\u00e4ufig nur im Milligramm-Bereich liegt.<\/p>\n<p>Bei allen Naturkr\u00e4utern gilt die Regel: WENIGER WIRKT MEHR !<\/p>\n<p>Ein Geschmacksklassiker:<br \/> Der w\u00fcrzige und sehr aromatische Geschmack von Entenfleisch mit Kartoffeln macht das Trockenfutter WILD DUCK zu einem echten Geschmacksklassiker.<\/p>\n<p>Leicht verdaulich mit kleinen Futterst\u00fccken:<br \/> Der hohe Stoffwechsel und die geringe Verdauungskapazit\u00e4t von Welpen erfordern leicht verdauliche kleine Futterst\u00fccke. Die Zusammensetzung von WILD DUCK macht das Trockenfutter zu einer leicht verdaulichen Mahlzeit. Dazu geh\u00f6ren auch nat\u00fcrliche Zutaten wie:<\/p>\n<p>&#8211; Probiotisches FOS (auch Fructooligosaccharide), das auch in Babynahrung erg\u00e4nzt wird, beeinflusst eine gesunde Darmflora, indem es schlechte\/pathogene Bakterien bek\u00e4mpft, die den Darm bev\u00f6lkern.<br \/> &#8211; Geschmacksneutraler Thymian f\u00f6rdert den Verdauungsvorgang auf nat\u00fcrlichem Weg. <\/p>\n<p>Die Gr\u00f6\u00dfe und Konsistenz der Futterst\u00fccken haben wir so gew\u00e4hlt, dass sie leicht aufgenommen werden k\u00f6nnen und kein V\u00f6llegef\u00fchl erzeugen.<\/p>\n<p>Nat\u00fcrlicher Ursprung<br \/> Das von uns im Trockenfutter WILD DUCK verwendete Entenfleisch stammt aus artgerechter Tierhaltung. Es ist deshalb nat\u00fcrlich viel ges\u00fcnder als Fleisch von Tieren aus der Massentierhaltung.<\/p>\n<p>Kein Getreide<br \/> Wer uns kennt wei\u00df, dass die Wolfsblut-Hundefutter-Sorten getreidefrei sind. Hunde sind Fleischfresser, deshalb bauen die Hundefutter-Sorten von Wolfsblut auf tierischem Eiwei\u00df auf, ohne Getreidezusatz<\/p>\n<p>Was unser Hundefutter nicht enth\u00e4lt<br \/> WILD DUCK Trockenfutter beinhaltet nicht nur kein Getreide, es ist auch frei von Zucker, Soja, Bleichmitteln, Vitamin K3, Geruchs-, Farb- oder Geschmacksverst\u00e4rkern und k\u00fcnstlichen Konservierungsmitteln.<\/p>\n<p>Hundefutter Enten-Fleisch &#8211; f\u00fcr Allergiker empfohlen<br \/> Nahrungsmittel, die den Speiseplan erweitern, k\u00f6nnen Futtermittelunvertr\u00e4glichkeiten entgegenwirken. Unser Wolfsblut-Trockenfutter ist gerade f\u00fcr sensible und allergiegef\u00e4hrdete Hunde geeignet.<\/p>\n<p>Zusammensetzung:<br \/> Kartoffeln (min. 26 %), Ente (min. 22,5 %), getrocknetes Entenfleisch (min. 22,5 %), Entenfett, Erbsen, Erbsenprotein, H\u00fchnerleber, Erbsenfasern, Leinsamen, Thymian, Salbei, Majoran, Oregano und Petersilie, Immutop\u00ae (Topinamburkonzentrat), Vitamine, Mineralien, Brombeeren, Himbeeren, Heidelbeeren, schwarze Johannisbeeren, Holunderbeeren, Aroniabeeren, Mannanoligosaccharide (Prebiotisch MOS, min. 0,19 %), Fructooligosaccharide (Prebiotisch FOS, min. 0,19 %), Nucleotide (min. 0,17 %), L\u00f6wenzahn, Anissamen, Bockshornklee<\/p>\n<p>Zusatzstoffe:<br \/> Nahrungszus\u00e4tze pro kg: Vitamine: Vitamin A (als Retinylacetat) 26.760 IU, Vitamin D3 (als Cholecalciferol) 1.800 IU, Spurenelemente: Eisen (als Eisensulfat) 321,36 mg, Eisen (als Eisenchelat von Aminos\u00e4urehydrat) 21,33 mg, Jod (als Kalziumjodat wasserfrei) 1,64 mg, Kupfer (als Kupfersulfat) 42,24 mg, Kupfer (als Kupferchelat von Aminos\u00e4urehydrat) 52,80mg, Mangan (als Mangansulfat) 116,95 mg, Zink (als Zinksulfat) 296,49 mg, Zink (als Zinkchelat von Aminos\u00e4urehydrat) 355,73 mg, Selen (als Natriumselenit) 0,53 mg, Aminos\u00e4uren: Taurin 1.100 mg<\/p>\n<p>N\u00e4hrwertanalyse:<br \/> Rohprotein 30 %<br \/> Rohfett 17 %<br \/> Rohfaser 3 %<br \/> Rohasche 9,5 %<\/p>\n","protected":false},"excerpt":{"rendered":"<p>Die Welpenzeit ist von Rasse zu Rasse verschieden. Sie endet, wenn der Hund vollst\u00e4ndig aufh\u00f6rt, ges\u00e4ugt zu werden. Das geschieht nat\u00fcrlich nicht abrupt, sondern langsam mit abnehmender Produktion der Muttermilch. In dieser Zeit muss stetig zugef\u00fcttert werden, um die Welpe an feste Nahrung zu gew\u00f6hnen. Welpen sind, soweit sie nicht schlafen, ungeheuer aktiv. Im Vergleich [&hellip;]<\/p>\n","protected":false},"featured_media":52649,"comment_status":"closed","ping_status":"open","template":"","meta":[],"product_cat":[15392],"product_tag":[],"class_list":{"0":"post-52648","1":"product","2":"type-product","3":"status-publish","4":"has-post-thumbnail","6":"product_cat-wolfsblut-getreidefrei-hundetrockenfutter-wolfsbluthundewelt-hundetrockenfutter","8":"first","9":"instock","10":"taxable","11":"shipping-taxable","12":"purchasable","13":"product-type-simple"},"_links":{"self":[{"href":"https:\/\/all-pets.de\/shop\/wp-json\/wp\/v2\/product\/52648","targetHints":{"allow":["GET"]}}],"collection":[{"href":"https:\/\/all-pets.de\/shop\/wp-json\/wp\/v2\/product"}],"about":[{"href":"https:\/\/all-pets.de\/shop\/wp-json\/wp\/v2\/types\/product"}],"replies":[{"embeddable":true,"href":"https:\/\/all-pets.de\/shop\/wp-json\/wp\/v2\/comments?post=52648"}],"wp:featuredmedia":[{"embeddable":true,"href":"https:\/\/all-pets.de\/shop\/wp-json\/wp\/v2\/media\/52649"}],"wp:attachment":[{"href":"https:\/\/all-pets.de\/shop\/wp-json\/wp\/v2\/media?parent=52648"}],"wp:term":[{"taxonomy":"product_cat","embeddable":true,"href":"https:\/\/all-pets.de\/shop\/wp-json\/wp\/v2\/product_cat?post=52648"},{"taxonomy":"product_tag","embeddable":true,"href":"https:\/\/all-pets.de\/shop\/wp-json\/wp\/v2\/product_tag?post=52648"}],"curies":[{"name":"wp","href":"https:\/\/api.w.org\/{rel}","templated":true}]}}