{"id":52676,"date":"2023-12-12T12:43:45","date_gmt":"2023-12-12T11:43:45","guid":{"rendered":"https:\/\/pet-shopping.de\/shop\/produkt\/west-paw-jive-lime-5-cm\/"},"modified":"2023-12-12T12:43:45","modified_gmt":"2023-12-12T11:43:45","slug":"west-paw-jive-lime-5-cm","status":"publish","type":"product","link":"https:\/\/all-pets.de\/shop\/produkt\/west-paw-jive-lime-5-cm\/","title":{"rendered":"West Paw Jive Lime &#8211; 5 cm"},"content":{"rendered":"<p>Hunde-Spielzeug Jive von Zogoflex ist ein recyclebares Hundespielzeug. Es ist \u00e4u\u00dferst flexibel, bildet keine Ger\u00fcche, schwimmt auf dem Wasser und ist \u00e4u\u00dferst z\u00e4h &#038; haltbar. Hunde lieben es! JIVE\u00ae wurde mit einer Fuge designed, die zu extra spa\u00dfigen unvorhersehbaren Spr\u00fcngen f\u00fchrt. Jive hilft dabei die physische und mentale Fitness Ihres Hundes zu verbessern. Durch die Fugen wei\u00df Ihr Hund nie wohin der Ball springt. Tipp: Der kleine Jive passt in einen Wurfarm oder eine Ballschleuder f\u00fcr die extra Trainingseinheit f\u00fcr Ihren Hund und Ihre Armmuskeln. Es gibt kein Spielzeug, das nicht zerst\u00f6rt werden kann, wenn Ihr Hund es wirklich zerst\u00f6ren will. Dennoch geben wir eine 100-%ige Garantie auf unsere Hundespielzeuge. Wir bieten einen Einmal-Ersatz oder eine Geld-zur\u00fcck-Garantie an, wenn Ihr Hund das Spielzeug zerst\u00f6rt. Das Spielzeug ist aus nicht-giftigem und recycelbarem Plastik gefertigt.<\/p>\n<p><strong>Inhaltsstoffe:<\/strong> <\/p>\n<p>Recyclebares Plastik<\/p>\n","protected":false},"excerpt":{"rendered":"<p>Hunde-Spielzeug Jive von Zogoflex ist ein recyclebares Hundespielzeug. Es ist \u00e4u\u00dferst flexibel, bildet keine Ger\u00fcche, schwimmt auf dem Wasser und ist \u00e4u\u00dferst z\u00e4h &#038; haltbar. Hunde lieben es! JIVE\u00ae wurde mit einer Fuge designed, die zu extra spa\u00dfigen unvorhersehbaren Spr\u00fcngen f\u00fchrt. Jive hilft dabei die physische und mentale Fitness Ihres Hundes zu verbessern. Durch die [&hellip;]<\/p>\n","protected":false},"featured_media":27863,"comment_status":"closed","ping_status":"open","template":"","meta":[],"product_cat":[15652],"product_tag":[],"class_list":{"0":"post-52676","1":"product","2":"type-product","3":"status-publish","4":"has-post-thumbnail","6":"product_cat-funspielzeuge","8":"first","9":"instock","10":"taxable","11":"shipping-taxable","12":"purchasable","13":"product-type-simple"},"_links":{"self":[{"href":"https:\/\/all-pets.de\/shop\/wp-json\/wp\/v2\/product\/52676","targetHints":{"allow":["GET"]}}],"collection":[{"href":"https:\/\/all-pets.de\/shop\/wp-json\/wp\/v2\/product"}],"about":[{"href":"https:\/\/all-pets.de\/shop\/wp-json\/wp\/v2\/types\/product"}],"replies":[{"embeddable":true,"href":"https:\/\/all-pets.de\/shop\/wp-json\/wp\/v2\/comments?post=52676"}],"wp:featuredmedia":[{"embeddable":true,"href":"https:\/\/all-pets.de\/shop\/wp-json\/wp\/v2\/media\/27863"}],"wp:attachment":[{"href":"https:\/\/all-pets.de\/shop\/wp-json\/wp\/v2\/media?parent=52676"}],"wp:term":[{"taxonomy":"product_cat","embeddable":true,"href":"https:\/\/all-pets.de\/shop\/wp-json\/wp\/v2\/product_cat?post=52676"},{"taxonomy":"product_tag","embeddable":true,"href":"https:\/\/all-pets.de\/shop\/wp-json\/wp\/v2\/product_tag?post=52676"}],"curies":[{"name":"wp","href":"https:\/\/api.w.org\/{rel}","templated":true}]}}