{"id":52711,"date":"2023-12-12T12:43:51","date_gmt":"2023-12-12T11:43:51","guid":{"rendered":"https:\/\/pet-shopping.de\/shop\/produkt\/wolfsblut-wide-plain-125-kg\/"},"modified":"2023-12-12T12:43:51","modified_gmt":"2023-12-12T11:43:51","slug":"wolfsblut-wide-plain-125-kg","status":"publish","type":"product","link":"https:\/\/all-pets.de\/shop\/produkt\/wolfsblut-wide-plain-125-kg\/","title":{"rendered":"Wolfsblut Wide Plain &#8211; 12,5 kg"},"content":{"rendered":"<p>Wide Plain ist eine neue Futtermischung basierend auf Pferdefleisch und S\u00fc\u00dfkartoffeln, die ganz speziell das Segment ULTRA &#8211; ALLERGY perfekt abdeckt.<\/p>\n<p>Diese neue Zusammensetzung von WOLFSBLUT wurde f\u00fcr Hunde entwickelt, die mit herk\u00f6mmlicher Nahrung und anderen Fleischsorten Probleme haben.<\/p>\n<p>Pferdefleisch ist dabei die 1.Wahl und bisher als Trockennahrung kaum erh\u00e4ltlich.<\/p>\n<p>Mit hochwertigem Protein, wertvollen Mineralien sowie optimal und leicht verwertbaren Kohlehydraten.<\/p>\n<p>&#8211; Pferdefleisch f\u00fcr Allergiker von Tier\u00e4rzten empfohlen<br \/> &#8211; niedrige Protein- und Fettwerte<br \/> &#8211; kr\u00e4ftigt Herz und Kreislauf<br \/> &#8211; st\u00e4rkt Abwehrkr\u00e4fte und Organfunktion<br \/> &#8211; naturnaher Anteil an Omega 6 &#038; Omega 3 Fetts\u00e4uren<br \/> &#8211; ohne chem. Konservierungs-, Farb- und Geschmacksstoffe<br \/> &#8211; ohne Weizen, Mais und Soja<br \/> &#8211; ohne Vitamin K 3<br \/> &#8211; keine Bleichmittel<br \/> &#8211; mit zus\u00e4tzlichem Taurin<\/p>\n<p>Die Inhaltsstoffe von WIDE PLAIN haben wir f\u00fcr Allergiker optimiert und auf das allernotwendigste beschr\u00e4nkt. Einige Kr\u00e4uter, unser Immutop wie auch die spezielle Fruchtmischung helfen, das Immunsystem zu st\u00e4rken, das bei Hunden mit allergischen Reaktionen oft angegriffen ist.<\/p>\n<p>In WIDE PLAIN setzen wir S\u00fc\u00dfkartoffeln ein, die sich gerade bei Allergikern einer hervorragenden Akzeptanz erfreuen. Die S\u00fc\u00dfkartoffel, urspr\u00fcnglich in den peruanischen Anden beheimatet, gilt als eine der \u00e4ltesten und n\u00e4hrstoffreichsten Nahrungsmittel. Mit der normalen Kartoffel hat sie nicht viel gemeinsam. Die amerikanische Gesundheitsbeh\u00f6rde hat sie erst k\u00fcrzlich zum ges\u00fcndesten Gem\u00fcse \u00fcberhaupt ernannt.<br \/> Die Fakten:<\/p>\n<p>&#8211; Protein 22 %<br \/> &#8211; Fett 9 %<br \/> &#8211; Rohfaser 2%<br \/> &#8211; Rohasche 5.5 %<br \/> &#8211; verwertbare Energy: 3460 kcal\/kg<\/p>\n<p> Nur Pferd &#038; S\u00fc\u00dfkartoffel war uns aber nicht ausreichend und zu wenig ausgewogen. Wir haben daher einige bew\u00e4hrte Zutaten hinzugef\u00fcgt. Speziell Immutop m\u00f6chten wir hier erw\u00e4hnen, veterin\u00e4rwissenschaftlich erprobt und in unseren anderen Sorten bereits erfolgreich eingesetzt. Unser Ziel war es, entscheidende Verbesserungen vorzunehmen. Dies ist uns gelungen und k\u00f6nnen Sie weiter unten in unseren Inhaltsstoffen nachlesen.<\/p>\n<p>Billiges Raps\u00f6l, auch h\u00e4ufig in amerikanischen Futtersorten als Canola\u00f6l bezeichnet, haben wir als nicht artgerechte Fettquelle eliminiert. Pflanzliche \u00d6le, wie auch immer gepresst oder gewonnen, sind zwar ein nat\u00fcrlicher Rohstoff, auf Grund der Konzentration und der Menge an \u00d6lfr\u00fcchten aus denen er entsteht, aus unsere Sicht f\u00fcr die Ern\u00e4hrung des Hundes jedoch nicht optimal.<\/p>\n<p>Wir nehmen Pferdefett nat\u00fcrlich gewonnen und im Kreislauf der Nahrungskette des Wolfes enthalten, wie auch unsere mediterrane Kr\u00e4utermischung, verschiedene Waldfr\u00fcchte und andere Wildkr\u00e4uter, die ebenfalls auf dem Speisezettel des Vorfahren unserer Haushunde stehen<br \/> Neueste wissenschaftliche Forschungen werden bei WOLFSBLUT ber\u00fccksichtigt!<\/p>\n<p>Amerikanische Studien zeigen die Notwendigkeit von Taurin f\u00fcr die Gesundheit der Herzkranzgef\u00e4\u00dfe, speziell bei gro\u00dfen Rassen und Riesenrassen. WIDE PLAIN enth\u00e4lt einen Extrazusatz Taurin zur Unterst\u00fctzung der Herzfunktion und Sehkraft.<\/p>\n<p>An dieser Stelle auch der Hinweis, dass Fr\u00fcchte und Kr\u00e4uter in allen WOLFSBUT Sorten auch in einer optimal verwertbaren Menge enthalten sind. Oftmals werden gerade hier Werte angegeben, die im Bereich Milligramm liegen. Das hei\u00dft pro Sack ein halber Fingerhut.<\/p>\n<p>B\u00e4renkraft mit Beerenkr\u00e4ften unter diesem Motto haben wir auch bei WIDE PLAIN unser Augenmerk auf diese wertvollen Waldfr\u00fcchte und dabei insbesondere auf die Aroniabeere, einer kleinen Beere mit gro\u00dfer Wirkung gelegt. Die Aroniabeere hat einen enormen Gehalt an sekund\u00e4ren Pflanzenstoffen. Sie ist reich an Polyphenolen. Hierbei werden vor allem den Anthocyanen aufgrund ihres hohen antioxidativen Potentials und den guten Radikalenf\u00e4ngereigenschaften gesundheitsf\u00f6rdernde und pr\u00e4ventive Eigenschaften zugeschrieben.<br \/> Inhaltsstoffe:<br \/> Frisches Pferdefleisch, S\u00fc\u00dfkartoffeln, Kartoffelprotein, Pferdefett, Thymian, Majoran, Oregano, Petersilie, Salbei, Immutop (Topinambur-Konzentrat), Aronia, Holunderbeeren, Schwarze Johannisbeeren, Heidelbeeren, Brombeeren, Brennnessel, Wei\u00dfdorn, Ginseng, L\u00f6wenzahn, Taurin, Lysin, Mineralien und Vitamine<br \/> Analyse:<br \/> Protein: 22%<br \/> Fett: 9%<br \/> Feuchte: 8%<br \/> Rohasche: 5,5%<br \/> Rohfaser: 2%<br \/> Vitamin A: 13500 mg\/IU<br \/> Vitamin D3: 930 mg\/IU<br \/> Vitamin E: 500 mg\/IU<br \/> Kupfer : 20 mg\/kg<\/p>\n<p>F\u00fctterungsempfehlung:<br \/> Gewicht Futtermenge<br \/> 1 5kg 30 100 g<br \/> 5 15 kg 100 225 g<br \/> 15 25 kg 225 330 g<br \/> 25 35 kg 330 425 g<br \/> 35 50 kg 425 525 g<br \/> 50 70 kg 525 650 g<\/p>\n<p>Die angegeben Menge dient nur der Orientierung. Die Futtermenge muss entsprechend dem Alter, der Rasse, der Beanspruchung Ihres Hundes und den klimatischen Bedingungen angepasst werden.<br \/> Tr\u00e4chtige H\u00fcndinnen haben einen erh\u00f6hten N\u00e4hrstoffbedarf. W\u00e4hrend der ersten 6 Wochen der Tr\u00e4chtigkeit ist die Futtermenge um 25 % zu erh\u00f6hen. In der 7-9 Woche steigt der Bedarf auf bis zu 75 % zus\u00e4tzlich. Idealerweise sollte diese Menge auf 2-3 Mahlzeiten verteilt werden.<br \/> Ihr Hund sollte stets frisches Wasser zur Verf\u00fcgung haben.<\/p>\n","protected":false},"excerpt":{"rendered":"<p>Wide Plain ist eine neue Futtermischung basierend auf Pferdefleisch und S\u00fc\u00dfkartoffeln, die ganz speziell das Segment ULTRA &#8211; ALLERGY perfekt abdeckt. Diese neue Zusammensetzung von WOLFSBLUT wurde f\u00fcr Hunde entwickelt, die mit herk\u00f6mmlicher Nahrung und anderen Fleischsorten Probleme haben. Pferdefleisch ist dabei die 1.Wahl und bisher als Trockennahrung kaum erh\u00e4ltlich. Mit hochwertigem Protein, wertvollen Mineralien [&hellip;]<\/p>\n","protected":false},"featured_media":52712,"comment_status":"closed","ping_status":"open","template":"","meta":[],"product_cat":[15392],"product_tag":[],"class_list":{"0":"post-52711","1":"product","2":"type-product","3":"status-publish","4":"has-post-thumbnail","6":"product_cat-wolfsblut-getreidefrei-hundetrockenfutter-wolfsbluthundewelt-hundetrockenfutter","8":"first","9":"instock","10":"taxable","11":"shipping-taxable","12":"purchasable","13":"product-type-simple"},"_links":{"self":[{"href":"https:\/\/all-pets.de\/shop\/wp-json\/wp\/v2\/product\/52711","targetHints":{"allow":["GET"]}}],"collection":[{"href":"https:\/\/all-pets.de\/shop\/wp-json\/wp\/v2\/product"}],"about":[{"href":"https:\/\/all-pets.de\/shop\/wp-json\/wp\/v2\/types\/product"}],"replies":[{"embeddable":true,"href":"https:\/\/all-pets.de\/shop\/wp-json\/wp\/v2\/comments?post=52711"}],"wp:featuredmedia":[{"embeddable":true,"href":"https:\/\/all-pets.de\/shop\/wp-json\/wp\/v2\/media\/52712"}],"wp:attachment":[{"href":"https:\/\/all-pets.de\/shop\/wp-json\/wp\/v2\/media?parent=52711"}],"wp:term":[{"taxonomy":"product_cat","embeddable":true,"href":"https:\/\/all-pets.de\/shop\/wp-json\/wp\/v2\/product_cat?post=52711"},{"taxonomy":"product_tag","embeddable":true,"href":"https:\/\/all-pets.de\/shop\/wp-json\/wp\/v2\/product_tag?post=52711"}],"curies":[{"name":"wp","href":"https:\/\/api.w.org\/{rel}","templated":true}]}}