{"id":52753,"date":"2023-12-12T12:44:04","date_gmt":"2023-12-12T11:44:04","guid":{"rendered":"https:\/\/pet-shopping.de\/shop\/produkt\/west-paw-bumi-lime-s\/"},"modified":"2023-12-12T12:44:04","modified_gmt":"2023-12-12T11:44:04","slug":"west-paw-bumi-lime-s","status":"publish","type":"product","link":"https:\/\/all-pets.de\/shop\/produkt\/west-paw-bumi-lime-s\/","title":{"rendered":"West Paw Bumi Lime &#8211; S"},"content":{"rendered":"<p>Die West Paw Zogoflex Kauspielzeuge machen einfach jede Menge Spa\u00df. Vor allem, wenn du ein Hund bist. <\/p>\n<p>Und jeder wei\u00df, das Hunde gerne etwas kauen, meist Vorzugsweise am Zaun zum Nachbarn, an Herrchens bestem Ausgehschuh oder der Couch. Bieten Sie ihrem Hund einfach etwas an, da\u00df ihm jede Menge Spiel- und Kauspa\u00df bietet und dabei maul- und gebissfreundlich, ungiftig und um ein vielfaches kaust\u00e4rker ist! <\/p>\n<p>Bumi ist ein gedrehtes Spielzeug zum zerren, kriegen und holen. Urspr\u00fcnglich hat das Spielzeug eine innovative &#8222;S&#8220;-Form, jedoch ist es auf seine doppelte L\u00e4nge verbiegbar. <\/p>\n<p>Die Haltbarkeit dieses Spielzeugs ist garantiert und kann gefahrlos in der Sp\u00fclmaschine gereinigt werden. <\/p>\n<p>100% recyclebar!<\/p>\n","protected":false},"excerpt":{"rendered":"<p>Die West Paw Zogoflex Kauspielzeuge machen einfach jede Menge Spa\u00df. Vor allem, wenn du ein Hund bist. Und jeder wei\u00df, das Hunde gerne etwas kauen, meist Vorzugsweise am Zaun zum Nachbarn, an Herrchens bestem Ausgehschuh oder der Couch. Bieten Sie ihrem Hund einfach etwas an, da\u00df ihm jede Menge Spiel- und Kauspa\u00df bietet und dabei [&hellip;]<\/p>\n","protected":false},"featured_media":28209,"comment_status":"closed","ping_status":"open","template":"","meta":[],"product_cat":[15652],"product_tag":[],"class_list":{"0":"post-52753","1":"product","2":"type-product","3":"status-publish","4":"has-post-thumbnail","6":"product_cat-funspielzeuge","8":"first","9":"instock","10":"taxable","11":"shipping-taxable","12":"purchasable","13":"product-type-simple"},"_links":{"self":[{"href":"https:\/\/all-pets.de\/shop\/wp-json\/wp\/v2\/product\/52753","targetHints":{"allow":["GET"]}}],"collection":[{"href":"https:\/\/all-pets.de\/shop\/wp-json\/wp\/v2\/product"}],"about":[{"href":"https:\/\/all-pets.de\/shop\/wp-json\/wp\/v2\/types\/product"}],"replies":[{"embeddable":true,"href":"https:\/\/all-pets.de\/shop\/wp-json\/wp\/v2\/comments?post=52753"}],"wp:featuredmedia":[{"embeddable":true,"href":"https:\/\/all-pets.de\/shop\/wp-json\/wp\/v2\/media\/28209"}],"wp:attachment":[{"href":"https:\/\/all-pets.de\/shop\/wp-json\/wp\/v2\/media?parent=52753"}],"wp:term":[{"taxonomy":"product_cat","embeddable":true,"href":"https:\/\/all-pets.de\/shop\/wp-json\/wp\/v2\/product_cat?post=52753"},{"taxonomy":"product_tag","embeddable":true,"href":"https:\/\/all-pets.de\/shop\/wp-json\/wp\/v2\/product_tag?post=52753"}],"curies":[{"name":"wp","href":"https:\/\/api.w.org\/{rel}","templated":true}]}}