{"id":52793,"date":"2023-12-12T12:44:13","date_gmt":"2023-12-12T11:44:13","guid":{"rendered":"https:\/\/pet-shopping.de\/shop\/produkt\/wolfsblut-grey-peak-adult-125-kg\/"},"modified":"2023-12-12T12:44:13","modified_gmt":"2023-12-12T11:44:13","slug":"wolfsblut-grey-peak-adult-125-kg","status":"publish","type":"product","link":"https:\/\/all-pets.de\/shop\/produkt\/wolfsblut-grey-peak-adult-125-kg\/","title":{"rendered":"Wolfsblut Grey Peak Adult &#8211; 12,5 kg"},"content":{"rendered":"<p>Alleinfuttermittel f\u00fcr ausgewachsene Hunde &#8211; Tiernahrung<\/p>\n<p>Ausgewachsene Rassen &#8211; Alleinfutter<br \/> Man ist, was man isst. Das gilt f\u00fcr den Menschen genauso wie f\u00fcr den Hund. Die Nahrung hat einen entschiedenen Einfluss auf den Erhalt der Gesundheit bei Mensch und Tier. Daher sind Aufkl\u00e4rung und Initiative des Hundefreunds bei der Futterwahl f\u00fcr seinen Sch\u00fctzling sehr wichtig. Wolfsblut bietet mit seinem Ern\u00e4hrungsprogramm f\u00fcr ausgewachsene Hunderassen ein auf dem Fleisch der Burenziege aufbauendes Alleinfutter, das<\/p>\n<p>&#8211; optimale Energiequelle,<br \/> &#8211; gut verdaulich ist,<br \/> &#8211; alle notwendigen N\u00e4hrstoffe, Vitamine und Mineralien enth\u00e4lt und<br \/> &#8211; sehr schmackhaft ist.<\/p>\n<p>Optimale Energiequelle<br \/> Ausgewachsene Hunde ben\u00f6tigen nicht so viel Energie wie Welpen und doch deutlich mehr als Senioren. Das Wolfsblut Ern\u00e4hrungsprogramm f\u00fcr ausgewachsene Hunderassen baut auf dem Muskelfleisch der Burenziege in Lebensmittelqualit\u00e4t auf, dass sich durch eine hohe Proteinqualit\u00e4t auszeichnet. Protein bedeutet aber nicht gleichzeitig Energie. Erst das ausgewogene Verh\u00e4ltnis von Protein und Fett bewirkt die ben\u00f6tigte Energiedichte, die in unserem Futter speziell auf ausgewachsene Hunde abgestimmt ist.<\/p>\n<p>Gut verdaulich<br \/> Das Muskelfleisch der Burenziege ist nicht nur guter Energiespender. Es zeichnet sich auch durch eine hohe Verdaulichkeit von bis zu 98 % aus. Die Verdauung optimierende Zutaten sind:<\/p>\n<p>&#8211; Probiotisches FOS (auch Fructooligosaccharide), das auch in Babynahrung erg\u00e4nzt wird und eine gesunde Darmflora beeinflusst, indem es schlechte\/pathogene Bakterien bek\u00e4mpft, die den Darm bev\u00f6lkern.<br \/> &#8211; Geschmacksneutraler Thymian, der den Verdauungsvorgang auf nat\u00fcrlichem Weg f\u00f6rdert.<\/p>\n<p>Alle notwendigen N\u00e4hrstoffe, Vitamine und Mineralien<br \/> Neben dem \u00f6kologischen Ursprung unserer Fleischauswahl optimieren ausgew\u00e4hlte Zutaten den Gehalt an N\u00e4hrstoffen, Vitaminen und Mineralien.<br \/> Hier ist ein Ausschnitt unserer Zutaten.<\/p>\n<p>&#8211; S\u00fc\u00dfkartoffeln sind laut CSPI (Center for Science in the Public Interest) das n\u00e4hrstoffreichste Gem\u00fcse<br \/> &#8211; Vitamin D3 f\u00f6rdert eine harte Knochenbildung und st\u00e4rkt die Muskeln<br \/> &#8211; Wei\u00dfdorn unterst\u00fctzt die Leistungsf\u00e4higkeit des Herzens<br \/> &#8211; Salbei hat hemmenden Einfluss auf das Wachstum von Bakterien, Viren und Pilzen<br \/> &#8211; Nucleotide unterst\u00fctzt den Heilungsprozess nach Verletzungen<br \/> &#8211; Selen steigert die Immunabwehr<br \/> &#8211; Kupfer beugt Entz\u00fcndungen vor<\/p>\n<p>Besonders Schmackhaft<br \/> Das Fleisch der Burenziege wird besonders gerne gefressen, weil ihm der typische Ziegengeruch fehlt.<\/p>\n<p>\u00d6kologischer Ursprung<br \/> Unsere Fleischauswahl stammt von Burenziegen, die ganzj\u00e4hrig auf der Weide gehalten werden und weist daher eine besonders g\u00fcnstige Zusammensetzung der Fetts\u00e4uren auf. Es ist deshalb viel ges\u00fcnder als Fleisch von Tieren aus der Massentierhaltung.<\/p>\n<p>Kein Getreide<br \/> Wer uns kennt wei\u00df, dass alle unsere Futtersorten getreidefrei sind. Hunde sind Fleischfresser, deshalb baut unser Ern\u00e4hrungsprogramm f\u00fcr ausgewachsene Hunderassen ausschlie\u00dflich auf tierischem Erweis auf, ohne Getreidezusatz.<\/p>\n<p>Was unser Futter nicht enth\u00e4lt<br \/> Unser Futter beinhaltet nicht nur kein Getreide, es ist auch frei von Zucker, Soja, Geruchs-, Farb- oder Geschmacksverst\u00e4rkern und k\u00fcnstlichen Konservierungsmitteln<br \/> Zusammensetzung:<br \/> S\u00fc\u00dfkartoffel (min. 35,5 %), Ziege (min. 23,5 %), getrocknetes Pferdefleisch, Pferdefett, Erbsenfasern, Thymian, Salbei, Majoran, Oregano, Petersilie, Immutop\u00ae (Topinamburkonzentrat), Vitamine, Mineralien, Erbsenprotein, Kartoffelprotein, Brombeeren, Himbeeren, Heidelbeeren, Schwarze Johannisbeeren, Holunderbeeren, Aroniabeeren, Spirulina, Leinsamen, Brennnessel, Wei\u00dfdorn, Ginseng, L\u00f6wenzahn, Anissamen, Bockshornklee<\/p>\n<p>Zusatzstoffe:<br \/> Nahrungszus\u00e4tze pro kg: Vitamine: Vitamin A (als Retinylacetat) 22.746 IU, Vitamin D3 (als Cholecalciferol) 1.530 IU, Spurenelemente: Eisen (als Eisensulfat) 321,36 mg, Eisen (als Eisenchelat von Aminos\u00e4urehydrat) 21,33 mg, Jod (als Kalziumjodat wasserfrei) 1,64 mg, Kupfer (als Kupfersulfat) 42,24 mg, Kupfer (als Kupferchelat von Aminos\u00e4urehydrat) 52,80 mg, Mangan (als Mangansulfat) 116,95 mg, Zink (als Zinksulfat) 296,49 mg, Zink (als Zinkchelat von Aminos\u00e4urehydrat) 355,73 mg, Selen (als Natriumselenit) 0,53 mg, Aminos\u00e4uren: Taurin 1.100 mg<\/p>\n<p>N\u00e4hrwertanalyse:<br \/> Rohprotein: 24 %<br \/> Rohfett: 16 %<br \/> Rohfaser: 3 %<br \/> Rohasche: 8,5 %<br \/> Calzium: 2,17 %<br \/> Phosphor: 1,22 %<br \/> Kalium: 0,90 %<br \/> Magnesium: 0,11 %<br \/> Natrium: 0,24 %<br \/> Omega-3-Fetts\u00e4ure: 2,00 %<br \/> Omega-6-Fetts\u00e4ure: 4,20 %<br \/> Verwertbare Energie: 3580 kcal\/kg<\/p>\n","protected":false},"excerpt":{"rendered":"<p>Alleinfuttermittel f\u00fcr ausgewachsene Hunde &#8211; Tiernahrung Ausgewachsene Rassen &#8211; Alleinfutter Man ist, was man isst. Das gilt f\u00fcr den Menschen genauso wie f\u00fcr den Hund. Die Nahrung hat einen entschiedenen Einfluss auf den Erhalt der Gesundheit bei Mensch und Tier. Daher sind Aufkl\u00e4rung und Initiative des Hundefreunds bei der Futterwahl f\u00fcr seinen Sch\u00fctzling sehr wichtig. [&hellip;]<\/p>\n","protected":false},"featured_media":52794,"comment_status":"closed","ping_status":"open","template":"","meta":[],"product_cat":[15392],"product_tag":[],"class_list":{"0":"post-52793","1":"product","2":"type-product","3":"status-publish","4":"has-post-thumbnail","6":"product_cat-wolfsblut-getreidefrei-hundetrockenfutter-wolfsbluthundewelt-hundetrockenfutter","8":"first","9":"instock","10":"taxable","11":"shipping-taxable","12":"purchasable","13":"product-type-simple"},"_links":{"self":[{"href":"https:\/\/all-pets.de\/shop\/wp-json\/wp\/v2\/product\/52793","targetHints":{"allow":["GET"]}}],"collection":[{"href":"https:\/\/all-pets.de\/shop\/wp-json\/wp\/v2\/product"}],"about":[{"href":"https:\/\/all-pets.de\/shop\/wp-json\/wp\/v2\/types\/product"}],"replies":[{"embeddable":true,"href":"https:\/\/all-pets.de\/shop\/wp-json\/wp\/v2\/comments?post=52793"}],"wp:featuredmedia":[{"embeddable":true,"href":"https:\/\/all-pets.de\/shop\/wp-json\/wp\/v2\/media\/52794"}],"wp:attachment":[{"href":"https:\/\/all-pets.de\/shop\/wp-json\/wp\/v2\/media?parent=52793"}],"wp:term":[{"taxonomy":"product_cat","embeddable":true,"href":"https:\/\/all-pets.de\/shop\/wp-json\/wp\/v2\/product_cat?post=52793"},{"taxonomy":"product_tag","embeddable":true,"href":"https:\/\/all-pets.de\/shop\/wp-json\/wp\/v2\/product_tag?post=52793"}],"curies":[{"name":"wp","href":"https:\/\/api.w.org\/{rel}","templated":true}]}}