{"id":52803,"date":"2023-12-12T12:44:13","date_gmt":"2023-12-12T11:44:13","guid":{"rendered":"https:\/\/pet-shopping.de\/shop\/produkt\/wolfsblut-polar-night-125-kg\/"},"modified":"2023-12-12T12:44:14","modified_gmt":"2023-12-12T11:44:14","slug":"wolfsblut-polar-night-125-kg","status":"publish","type":"product","link":"https:\/\/all-pets.de\/shop\/produkt\/wolfsblut-polar-night-125-kg\/","title":{"rendered":"Wolfsblut Polar Night &#8211; 12,5 kg"},"content":{"rendered":"<p>Wolfsblut bietet mit POLAR NIGHT Trockenfutter ein Alleinfutter f\u00fcr Hunde aus dem Fleisch von frei lebenden Rentieren. 51% Rentierfleisch und eine durchdachte Kombination von Heilpflanzen aus Wald, Wiesen und Seen machen unser POLAR NIGHT Trockenfutter einzigartig. Es ist besonders gesund und wirkt auf Ihren Hundefreund vitalisierend und sch\u00fctzend zugleich.<\/p>\n<p>POLAR NIGHT Trockenfutter f\u00fcr Hunde eignet sich f\u00fcr alle Altersgruppen und unterst\u00fctzt eine<\/p>\n<p>&#8211; gesunde Ern\u00e4hrung, beinhaltet<br \/> &#8211; eine einzigartige Kombination von Heilpflanzen aus Wald, Wiesen und Seen mit<br \/> &#8211; allen notwendigen N\u00e4hrstoffen, Vitaminen und Mineralien, ist<br \/> &#8211; unversch\u00e4mt lecker, mit<br \/> &#8211; 51% Fleischanteil mit nat\u00fcrlichem Ursprung,<br \/> &#8211; leicht verdaulich und enth\u00e4lt<br \/> &#8211; kein Getreide, ist<br \/> &#8211; frei von Zucker, Soja, Bleichmitteln, Vitamin K3, Geruchs-, Farb- oder Geschmacksverst\u00e4rkern und k\u00fcnstlichen Konservierungsmitteln und wird<br \/> &#8211; f\u00fcr Allergiker empfohlen. <\/p>\n<p>Gesunde Ern\u00e4hrung<br \/> Das in unserem Trockenfutter POLAR NIGHT verwendete Rentierfleisch in Lebensmittelqualit\u00e4t ist besonders zart und fettarm. Es enth\u00e4lt einen<\/p>\n<p>&#8211; einen hohen Anteil an Mineralien und Spurenelemente,<br \/> &#8211; die Vitamine A, B und E, einen<br \/> &#8211; hohen Proteingehalt von ca. 24 % und einen<br \/> &#8211; hohen Selen-Gehalt, der zusammen mit Vitamin E die Zellen sch\u00fctzt und Herz-Kreislauf-Erkrankungen verhindert. <\/p>\n<p>Eine einzigartige Kombination von Heilpflanzen aus Wald, Wiesen und Seen<br \/> Wir von Healthfood24 sehen die Nahrungsbed\u00fcrfnisse der Hunde von heute im Zusammenhang mit ihren Wolfsvorfahren. Bei diesen stand nicht nur Fleisch und Fisch auf dem Speisezettel. Wald und Steppe lieferten seit Urzeiten wertvolle gesunde Fr\u00fcchte, Kr\u00e4uter und Wurzeln die schon immer zu den wichtigen Nahrungsquellen des Urahns unserer Hunde geh\u00f6rten. In POLAR NIGHT Trockenfutter haben wir das urspr\u00fcngliche Ern\u00e4hrungsspektrum der Hundevorfahren mit den Bed\u00fcrfnissen der Hunde von heute vereint, indem wir die Vorteile des Fleisches durch eine einzigartige Kombination von Heilpflanzen aus Wald, Wiesen und Seen sowie anderer gesundheitsf\u00f6rdernder Zutaten verbunden haben.<\/p>\n<p> An dieser Stelle auch der Hinweis, dass die in unserem Trockenfutter f\u00fcr Hunde (Rentier) POLAR NIGHT verwendeten Beeren und Heilpflanzen aus Wald, Wiesen und Seen in einer optimal verwertbaren Menge enthalten sind, die oft nur im Milligramm-Bereich liegen. Bei allen Naturkr\u00e4utern gilt die Regel: WENIGER WIRKT MEHR !<\/p>\n<p>Unversch\u00e4mt lecker<br \/> Das von uns in POLAR NIGHT Trockenfutter verwendete Fleisch von Rentieren gilt unter Kennern als das edle Fleisch aus dem Norden. Es zeichnet sich durch einen leichten Wildgeschmack aus, \u00e4hnelt aber auch dem Rindfleisch. Dazu haben wir K\u00fcrbis hinzugef\u00fcgt und so POLAR NIGHT unversch\u00e4mt lecker gemacht.<\/p>\n<p>Fleischfleisch mit nat\u00fcrlichem Ursprung<br \/> Unsere Fleischauswahl in POLAR NIGHT Trockenfutter stammt ausschlie\u00dflich von Rentieren aus Lappland, wo die Tiere frei im Wald und auf den h\u00f6her gelegenen Grasfl\u00e4chen leben und sich von verschiedenen Gr\u00e4sern, Sch\u00f6sslingen, Bl\u00e4ttern, Flechten, Moosen und Pilzen ern\u00e4hren.<\/p>\n<p>Leicht verdaulich<br \/> POLAR NIGHT Trockenfutter f\u00fcr Hunde ist sehr gut verdaulich, was sich entlastend auf den Kreislauf auswirkt. Daf\u00fcr sorgt auch unsere einzigartige Kombination aus Rentierfleisch mit Heilpflanzen aus Wald, Wiesen und Seen.<\/p>\n<p>Kein Getreide<br \/> Wer uns kennt wei\u00df, dass die Wolfsblut-Hundefutter-Sorten getreidefrei sind. Hunde sind Fleischfresser, deshalb bauen die Hundefutter-Sorten von Wolfsblut auf tierischem Eiwei\u00df auf, ohne Getreidezusatz.<\/p>\n<p>Was unser Hundefutter nicht enth\u00e4lt<br \/> Polar Night Trockenfutter beinhaltet nicht nur kein Getreide, es ist auch frei von Zucker, Soja, Bleichmitteln, Vitamin K3, Geruchs-, Farb- oder Geschmacksverst\u00e4rkern und k\u00fcnstlichen Konservierungsmitteln.<\/p>\n<p>Hundefutter mit Rentier-Fleisch &#8211; f\u00fcr Allergiker empfohlen<br \/> Unser Wolfsblut-Trockenfutter ist gerade f\u00fcr sensible und allergiegef\u00e4hrdete Hunde geeignet. Nahrungsmittel, die den Speiseplan erweitern, k\u00f6nnen Futtermittelunvertr\u00e4glichkeiten entgegenwirken.<\/p>\n<p>Zusammensetzung:<br \/> Rentierfleisch (min. 51,1 %), S\u00fc\u00dfkartoffel (min. 24 %), K\u00fcrbis (min. 8,3 %), getrocknetes Pferdefleisch, Pferdefett, Mineralien, Erbsenprotein, Thymian, Majoran, Oregano, Petersilie, Salbei, Tomatenmark, Immutop\u00ae (Topinamburkonzentrat), Spinat, Vitamine, Karottenflocken, Brombeeren, Himbeeren, Heidelbeeren, Schwarze Johannisbeeren, Holunderbeeren, Aroniabeeren, Fenchel, Fingertang, Lappentang, Irish Moos, Darmtang, Meersalat, Leinsamen, rote Bete, gr\u00fcne Bohnen, Brennnessel, Wei\u00dfdorn, Ginseng, Pfefferminze, Ringelblumen, getrocknete Cranberry, L\u00f6wenzahn, Mannanoligosaccharide (Prebiotisch MOS), Fructooligosaccharide (Prebiotisch FOS), Yucca-Schidigera-Extrakt<\/p>\n<p>Zusatzstoffe:<br \/> Nahrungszus\u00e4tze pro kg: Vitamine: Vitamin A (als Retinylacetat) 22.746 IU, Vitamin D3 (als Cholecalciferol) 1.530 IU, Vitamin E (als Alpha Tocopherol Azetat) 745 IU, Spurenelemente: Kalziumjodat wasserfrei 1,64 mg, Selen (als Natriumselenit) 0,53 mg, Eisen (als Eisensulfat) 321,36 mg, Kupfer (als Kupfersulfat) 42,24 mg, Kupferchelat von Aminos\u00e4urehydrat 52,80 mg, Zink (als Zinkchelat von Aminos\u00e4urehydrat) 355,73 mg, Mangan (als Mangansulfat) 116,95 mg, Zink (als Zinksulfat) 296,49 mg, (als Eisenchelat von Aminos\u00e4urehydrat) 21,33 mg, Eisen (als Eisenchelat von Aminos\u00e4urehydrat) 21,33 mg, Aminos\u00e4uren: DL-Methionin 2.211 mg, L-Carnithin 85 mg\/kg, Taurin 1.100 mg<\/p>\n<p>N\u00e4hrwertanalyse:<br \/> Rohprotein: 24 %<br \/> Rohfett: 10 %<br \/> Rohfaser: 3,5 %<br \/> Rohasche : 10 %<\/p>\n","protected":false},"excerpt":{"rendered":"<p>Wolfsblut bietet mit POLAR NIGHT Trockenfutter ein Alleinfutter f\u00fcr Hunde aus dem Fleisch von frei lebenden Rentieren. 51% Rentierfleisch und eine durchdachte Kombination von Heilpflanzen aus Wald, Wiesen und Seen machen unser POLAR NIGHT Trockenfutter einzigartig. Es ist besonders gesund und wirkt auf Ihren Hundefreund vitalisierend und sch\u00fctzend zugleich. POLAR NIGHT Trockenfutter f\u00fcr Hunde eignet [&hellip;]<\/p>\n","protected":false},"featured_media":52804,"comment_status":"closed","ping_status":"open","template":"","meta":[],"product_cat":[15392],"product_tag":[],"class_list":{"0":"post-52803","1":"product","2":"type-product","3":"status-publish","4":"has-post-thumbnail","6":"product_cat-wolfsblut-getreidefrei-hundetrockenfutter-wolfsbluthundewelt-hundetrockenfutter","8":"first","9":"instock","10":"taxable","11":"shipping-taxable","12":"purchasable","13":"product-type-simple"},"_links":{"self":[{"href":"https:\/\/all-pets.de\/shop\/wp-json\/wp\/v2\/product\/52803","targetHints":{"allow":["GET"]}}],"collection":[{"href":"https:\/\/all-pets.de\/shop\/wp-json\/wp\/v2\/product"}],"about":[{"href":"https:\/\/all-pets.de\/shop\/wp-json\/wp\/v2\/types\/product"}],"replies":[{"embeddable":true,"href":"https:\/\/all-pets.de\/shop\/wp-json\/wp\/v2\/comments?post=52803"}],"wp:featuredmedia":[{"embeddable":true,"href":"https:\/\/all-pets.de\/shop\/wp-json\/wp\/v2\/media\/52804"}],"wp:attachment":[{"href":"https:\/\/all-pets.de\/shop\/wp-json\/wp\/v2\/media?parent=52803"}],"wp:term":[{"taxonomy":"product_cat","embeddable":true,"href":"https:\/\/all-pets.de\/shop\/wp-json\/wp\/v2\/product_cat?post=52803"},{"taxonomy":"product_tag","embeddable":true,"href":"https:\/\/all-pets.de\/shop\/wp-json\/wp\/v2\/product_tag?post=52803"}],"curies":[{"name":"wp","href":"https:\/\/api.w.org\/{rel}","templated":true}]}}