{"id":52819,"date":"2023-12-12T12:44:17","date_gmt":"2023-12-12T11:44:17","guid":{"rendered":"https:\/\/pet-shopping.de\/shop\/produkt\/wolfsblut-blue-mountain-125-kg\/"},"modified":"2023-12-12T12:44:17","modified_gmt":"2023-12-12T11:44:17","slug":"wolfsblut-blue-mountain-125-kg","status":"publish","type":"product","link":"https:\/\/all-pets.de\/shop\/produkt\/wolfsblut-blue-mountain-125-kg\/","title":{"rendered":"Wolfsblut Blue Mountain &#8211; 12,5 kg"},"content":{"rendered":"<p>Die Vorteile von Wildfleisch &#8211; Gesund und \u00e4u\u00dferst schmackhaft. Das Wildfleisch geh\u00f6rt (neben Fisch) zu den eiwei\u00dfreichsten Lebensmitteln. Sein Proteingehalt \u00fcbertrifft in der Regel den des Fleisches unserer heimischen Haustiere. Dieses Eiwei\u00df besitzt dar\u00fcber hinaus eine \u00fcberdurchschnittliche biologische Wertigkeit, das hei\u00dft, es hat einen hohen Verwertungsgrad f\u00fcr den Aufbau des k\u00f6rpereigenen Eiwei\u00dfes.<\/p>\n<p>Des Weiteren hat Wild einen sehr geringen Fettanteil. Es enth\u00e4lt unges\u00e4ttigte Omega-3-Fetts\u00e4uren, die der K\u00f6rper nicht selbst synthetisieren kann. Bei der Ern\u00e4hrung des Hundes stellt Fleisch einen wichtigen N\u00e4hrstoff- und Eiwei\u00dflieferanten dar.<\/p>\n<p>Und nicht zuletzt der Einsatz von Arzneimitteln in der Massentierhaltung, die Verf\u00fctterung von Tiermehl und infolge dessen die BSE-Krise, sowie einige weitere Schlagzeilen um Lebensmittel tierischer Herkunft, haben in den letzten Jahren die Konsumenten stark verunsichert. Wildfleisch dagegen ist garantiert frei von Medikamentr\u00fcckst\u00e4nden und BSE.<\/p>\n<p>Das in unserem Futter verwendete Wildfleisch stammt aus Australien ein Land mit entsprechendem Artenschutzprogramm.<\/p>\n<p>Probiotische Stoffe aus Pflanzen und Fr\u00fcchten zur Verbesserung der Darmflora sind ebenso als Neuheit enthalten.<\/p>\n<p>&#8230;jedoch nicht nur Fleisch stand auf dem Speisezettel des Wolfes.<br \/> Wald und Steppe lieferten seit Urzeiten wertvolle gesunde Fr\u00fcchte, Kr\u00e4uter und Wurzeln die schon immer zu den wichtigen Quellen der Nahrung des Urahns unserer Hunde lieferte. In Wolfsblut finden sie eine einmalige, auf die Bed\u00fcrfnisse eines Caniden abgestimmte Fr\u00fcchte und Kr\u00e4utermischung. Vitalit\u00e4t bis ins hohe Alter kann mit gesunder Nahrung problemlos erreicht werden.<\/p>\n<p>Selbstverst\u00e4ndlich enthalten alle unsere Sorten weder Mais, Weizen oder Soja. Diese Getreidesorten sind f\u00fcr den Hund (Wolf) eine untypische Nahrungsquelle. Es ist kein Zufall, dass verschiedene Getreidesorten mittlerweile zu den h\u00e4ufigsten Allergie Ausl\u00f6sern z\u00e4hlen? Auf in j\u00fcngster Zeit ins Gerede gekommen Zus\u00e4tze wie Vitamin K3, Knoblauch oder Zimt haben wir verzichtet.<\/p>\n<p>Zusammensetzung<br \/> Wildfleischmehl, Kartoffeln, Kaninchenfleischmehl, Kartoffelst\u00e4rke, Lammfett, Leinsamen, Lammleber, Thymian, Majoran, Petersilie, Salbei, Oregano, Bio-Honig, Traubenkernextrakt, Erbsen, \u00c4pfel, Karotten, Tomatenp\u00fcree, Seepflanzen, Preiselbeeren, Bockshornklee, Anissamen, L\u00f6wenzahn, Spirulina, Ringelblumen, Bananen, Brennnessel, Wei\u00dfdorn, Ginseng, Brombeeren, Himbeeren, Heidelbeeren, Johannisbeeren, Holunderbeeren, Aroniabeeren, Gerstengras, Meersalz, Taurine, Lysine, Minerale und Vitamine (incl. DL Methionine, probiotische Stoffe Fructooligosaccharide und Mannanoligosaccharide), Yucca-Schidigera-Extrakt, L-Carnitin, Beta-Carotin<\/p>\n<p>N\u00e4hrstoffanalyse: Rohprotein: 30%, Rohfett: 16%, Rohfaser: 2,5%, Rohasche: 10%, Feuchte: 8%, verwertbare Energie: 3600 kcal\/kg<\/p>\n","protected":false},"excerpt":{"rendered":"<p>Die Vorteile von Wildfleisch &#8211; Gesund und \u00e4u\u00dferst schmackhaft. Das Wildfleisch geh\u00f6rt (neben Fisch) zu den eiwei\u00dfreichsten Lebensmitteln. Sein Proteingehalt \u00fcbertrifft in der Regel den des Fleisches unserer heimischen Haustiere. Dieses Eiwei\u00df besitzt dar\u00fcber hinaus eine \u00fcberdurchschnittliche biologische Wertigkeit, das hei\u00dft, es hat einen hohen Verwertungsgrad f\u00fcr den Aufbau des k\u00f6rpereigenen Eiwei\u00dfes. Des Weiteren hat [&hellip;]<\/p>\n","protected":false},"featured_media":52820,"comment_status":"closed","ping_status":"open","template":"","meta":[],"product_cat":[15392],"product_tag":[],"class_list":{"0":"post-52819","1":"product","2":"type-product","3":"status-publish","4":"has-post-thumbnail","6":"product_cat-wolfsblut-getreidefrei-hundetrockenfutter-wolfsbluthundewelt-hundetrockenfutter","8":"first","9":"instock","10":"taxable","11":"shipping-taxable","12":"purchasable","13":"product-type-simple"},"_links":{"self":[{"href":"https:\/\/all-pets.de\/shop\/wp-json\/wp\/v2\/product\/52819","targetHints":{"allow":["GET"]}}],"collection":[{"href":"https:\/\/all-pets.de\/shop\/wp-json\/wp\/v2\/product"}],"about":[{"href":"https:\/\/all-pets.de\/shop\/wp-json\/wp\/v2\/types\/product"}],"replies":[{"embeddable":true,"href":"https:\/\/all-pets.de\/shop\/wp-json\/wp\/v2\/comments?post=52819"}],"wp:featuredmedia":[{"embeddable":true,"href":"https:\/\/all-pets.de\/shop\/wp-json\/wp\/v2\/media\/52820"}],"wp:attachment":[{"href":"https:\/\/all-pets.de\/shop\/wp-json\/wp\/v2\/media?parent=52819"}],"wp:term":[{"taxonomy":"product_cat","embeddable":true,"href":"https:\/\/all-pets.de\/shop\/wp-json\/wp\/v2\/product_cat?post=52819"},{"taxonomy":"product_tag","embeddable":true,"href":"https:\/\/all-pets.de\/shop\/wp-json\/wp\/v2\/product_tag?post=52819"}],"curies":[{"name":"wp","href":"https:\/\/api.w.org\/{rel}","templated":true}]}}