{"id":52843,"date":"2023-12-12T12:44:20","date_gmt":"2023-12-12T11:44:20","guid":{"rendered":"https:\/\/pet-shopping.de\/shop\/produkt\/west-paw-tizzy-mini-11cm-lime\/"},"modified":"2023-12-12T12:44:21","modified_gmt":"2023-12-12T11:44:21","slug":"west-paw-tizzy-mini-11cm-lime","status":"publish","type":"product","link":"https:\/\/all-pets.de\/shop\/produkt\/west-paw-tizzy-mini-11cm-lime\/","title":{"rendered":"West Paw Tizzy Mini &#8211; 11cm &#8211; Lime"},"content":{"rendered":"<p>Hunde-Spielzeug. Tizzi von Zogoflex ist ein recyclebares Hundespielzeug. <\/p>\n<p>Es ist \u00e4u\u00dferst flexibel, bildet keine Ger\u00fcche, schwimmt auf dem Wasser und ist \u00e4u\u00dferst z\u00e4h &#038; haltbar. Hunde lieben es! TIZZI\u00ae Das spa\u00dfige, aufregende und zum Spielen anregende Spielzeug mit dem riesigen Unterhaltungswert hilft angestaute Energie Ihres Hundes spielerisch abzubauen. <\/p>\n<p>Die Spiralen-Form erm\u00f6glicht umso mehr kalorienverbrennenden Spa\u00df. <\/p>\n<p>Tipp: \u00d6ffnen Sie die Griffe und verstecken Sie die Lieblingssnacks Ihres Hundes im Hohlraum des Tizzi, wenn Ihr Hund eine Snackpause ben\u00f6tigt. <\/p>\n<p>Tizzi ist ein Spielzeug. F\u00fcr Hunde, die dazu neigen Ihr Spielzeug zu zerst\u00f6ren empfehlen wir den Hund nicht unbeaufsichtigt mit dem Spielzeug zu lassen. Das Spielzeug ist aus nicht-giftigem und recycelbaren Plastik gefertigt.<\/p>\n<p><strong>Inhaltsstoffe:<\/strong> <\/p>\n<p>Recyclebares Plastik<\/p>\n","protected":false},"excerpt":{"rendered":"<p>Hunde-Spielzeug. Tizzi von Zogoflex ist ein recyclebares Hundespielzeug. Es ist \u00e4u\u00dferst flexibel, bildet keine Ger\u00fcche, schwimmt auf dem Wasser und ist \u00e4u\u00dferst z\u00e4h &#038; haltbar. Hunde lieben es! TIZZI\u00ae Das spa\u00dfige, aufregende und zum Spielen anregende Spielzeug mit dem riesigen Unterhaltungswert hilft angestaute Energie Ihres Hundes spielerisch abzubauen. Die Spiralen-Form erm\u00f6glicht umso mehr kalorienverbrennenden Spa\u00df. [&hellip;]<\/p>\n","protected":false},"featured_media":28525,"comment_status":"closed","ping_status":"open","template":"","meta":[],"product_cat":[15652],"product_tag":[],"class_list":{"0":"post-52843","1":"product","2":"type-product","3":"status-publish","4":"has-post-thumbnail","6":"product_cat-funspielzeuge","8":"first","9":"instock","10":"taxable","11":"shipping-taxable","12":"purchasable","13":"product-type-simple"},"_links":{"self":[{"href":"https:\/\/all-pets.de\/shop\/wp-json\/wp\/v2\/product\/52843","targetHints":{"allow":["GET"]}}],"collection":[{"href":"https:\/\/all-pets.de\/shop\/wp-json\/wp\/v2\/product"}],"about":[{"href":"https:\/\/all-pets.de\/shop\/wp-json\/wp\/v2\/types\/product"}],"replies":[{"embeddable":true,"href":"https:\/\/all-pets.de\/shop\/wp-json\/wp\/v2\/comments?post=52843"}],"wp:featuredmedia":[{"embeddable":true,"href":"https:\/\/all-pets.de\/shop\/wp-json\/wp\/v2\/media\/28525"}],"wp:attachment":[{"href":"https:\/\/all-pets.de\/shop\/wp-json\/wp\/v2\/media?parent=52843"}],"wp:term":[{"taxonomy":"product_cat","embeddable":true,"href":"https:\/\/all-pets.de\/shop\/wp-json\/wp\/v2\/product_cat?post=52843"},{"taxonomy":"product_tag","embeddable":true,"href":"https:\/\/all-pets.de\/shop\/wp-json\/wp\/v2\/product_tag?post=52843"}],"curies":[{"name":"wp","href":"https:\/\/api.w.org\/{rel}","templated":true}]}}