{"id":52873,"date":"2023-12-12T12:44:24","date_gmt":"2023-12-12T11:44:24","guid":{"rendered":"https:\/\/pet-shopping.de\/shop\/produkt\/wolfsblut-cold-river-125-kg\/"},"modified":"2023-12-12T12:44:24","modified_gmt":"2023-12-12T11:44:24","slug":"wolfsblut-cold-river-125-kg","status":"publish","type":"product","link":"https:\/\/all-pets.de\/shop\/produkt\/wolfsblut-cold-river-125-kg\/","title":{"rendered":"Wolfsblut Cold River &#8211; 12,5 kg"},"content":{"rendered":"<p>COLD RIVER ist eine neue Futtermischung, die speziell das Segment LOW PROTEIN &#8211; LOW FAT perfekt abdeckt.<br \/> Diese neue Zusammensetzung von WOLFSBLUT wurde f\u00fcr Hunde entwickelt, die mit herk\u00f6mmlicher Nahrung Probleme haben.<\/p>\n<p>Mit hochwertigem Protein, sowie optimal und leicht verwertbaren Kohlehydraten. Extra Omega 3 f\u00fcr Haut und Fell .<\/p>\n<p>&#8211; f\u00fcr Allergiker von Tier\u00e4rzten empfohlen<br \/> &#8211; niedrige Protein- und Fettwerte<br \/> &#8211; kr\u00e4ftigt Herz und Kreislauf<br \/> &#8211; st\u00e4rkt Abwehrkr\u00e4fte und Organfunktion<br \/> &#8211; ausgewogener Anteil an Omega 6 &#038; Omega 3 Fetts\u00e4uren<br \/> &#8211; ohne chem. Konservierungs-, Farb- und Geschmacksstoffe<br \/> &#8211; ohne Weizen , Mais und Soja<br \/> &#8211; ohne Vitamin K 3<br \/> &#8211; keine Bleichmittel<br \/> &#8211; mit zus\u00e4tzlichem Taurin<br \/> &#8211; FOS (Fructooligosaccharide) &#8211; f\u00f6rdern die Bildung einer gesunden Darmflora und verringern die Zahl der pathogenen Bakterien<br \/> &#8211; MOS (Mannanoligosaccharide) &#8211; binden pathogene Bakterien f\u00fcr eine sichere Ausscheidung mit dem Kot und verhindern somit eine Anheftung an die Darmwan<\/p>\n<p>Eine Spezialnahrung f\u00fcr den sensiblen Magen. Bei einer Vielzahl von Hunden mit Futtermittelallergien wird Fisch meist problemlos vertragen. Gerade hier hat sich die Forelle bew\u00e4hrt. Sie hat nicht den hohen, oftmals schwerverdaulichen Fettanteil mancher Seefische. Gleiches gilt auch f\u00fcr den von uns ausgew\u00e4hlten getrockneten Lachs.<\/p>\n<p>Obwohl es nicht ganz einfach war, einen niedrigen Proteingehalt und eine haupts\u00e4chlich auf Fisch basierende Nahrung zu kombinieren, ist uns dies mit Erfolg gelungen. Eine Vielzahl vierbeiniger Testfresser hat uns das best\u00e4tigen lassen.<\/p>\n<p>Frische Forelle in Kombination mit getrocknetem Lachs liefert auch hier tierisches Protein als Hauptbestandteil!<\/p>\n<p>In COLD RIVER setzten wir erstmals S\u00fc\u00dfkartoffeln ein. Die S\u00fc\u00dfkartoffel, urspr\u00fcnglich in den peruanischen Anden beheimatet, gilt als eine der \u00e4ltesten und n\u00e4hrstoffreichsten Nahrungsmittel. Mit der normalen Kartoffel hat sie nicht viel gemeinsam. Die amerikanische Gesundheitsbeh\u00f6rde hat sie erst k\u00fcrzlich zum ges\u00fcndesten Gem\u00fcse \u00fcberhaupt ernannt.<\/p>\n<p>Die Fakten: Protein 18 %, Fett 9 %, Rohfaser 3 %, Rohasche 9 %<\/p>\n<p>Nur Fisch &#038; S\u00fc\u00dfkartoffel war uns aber nicht ausreichend und zu wenig ausgewogen. Unser Ziel war es, entscheidende Verbesserungen vorzunehmen. Dies ist uns gelungen und k\u00f6nnen Sie weiter unten in unseren Inhaltstoffen nachlesen.<\/p>\n<p>Billiges Raps\u00f6l, auch h\u00e4ufig in amerikanischen Futtersorten als Canola\u00f6l bezeichnet, haben wir als nicht artgerechte Fettquelle eliminiert. \u00d6le, wie auch immer gepresst oder gewonnen, sind zwar ein nat\u00fcrlicher Rohstoff, auf Grund der Konzentration und der Menge an \u00d6lfr\u00fcchten aus denen er entsteht, aus unsere Sicht f\u00fcr die Ern\u00e4hrung des Hundes jedoch nicht optimal.<\/p>\n<p>Wir haben uns f\u00fcr Lachs\u00f6l eine nat\u00fcrliche Fettquelle des von uns eingesetzten Fisches entschieden.<\/p>\n<p>Neueste wissenschaftliche Forschungen werden bei WOLFSBLUT ber\u00fccksichtigt!<\/p>\n<p>Amerikanische Studien zeigen die Notwendigkeit von Taurin f\u00fcr die Gesundheit der Herzkranzgef\u00e4\u00dfe, speziell bei gro\u00dfen und Riesenrassen. COLD RIVER enth\u00e4lt extra Taurin, zur Unterst\u00fctzung der Herzfunktion und Sehkraft. Neueste Forschungen zeigen die Notwendigkeit von Taurin f\u00fcr die Gesundheit der Herzkranzgef\u00e4\u00dfe, speziell bei gro\u00dfen und Riesenrassen.<\/p>\n<p>Lesen sie hier die Ergebnisse der Studien von Dr. Frascetti zur DCM und dem Einfluss von Taurin bei Herz-Kreislauferkrankungen. zum Artikel >>><\/p>\n<p>An dieser Stelle auch der Hinweis, dass Seepflanzen und Kr\u00e4uter in allen WOLFSBUT Sorten auch in einer optimal verwertbaren Menge enthalten sind. Oftmals werden gerade hier Werte angegeben, die im Bereich Milligramm liegen. Das hei\u00dft pro Sack ein halber Fingerhut.<\/p>\n<p>Um die Urkraft des Wassers aus Fl\u00fcssen und Meeren zu vervollst\u00e4ndigen, haben wir besonders die Anteile an Seepflanzen wie auch den der S\u00fc\u00dfwasseralge Spirulina erh\u00f6ht.<\/p>\n<p>Spirulina ist eine Ur-Nahrungsquelle. Sie ist ca. 3.5 Millionen Jahre alt und damit das \u00e4lteste bekannte Nahrungsmittel, das in der Natur nachgewiesen wurde. Sie beinhaltet weit mehr als 100 synergetische N\u00e4hrstoffe und praktisch alle Vitamine.<\/p>\n<p>Mit den Aminos\u00e4uren Lysin und Prolin f\u00fcr gesunde Arterien. Spirulina ist eine reichhaltige Quelle von bioverf\u00fcgbarem Chlorophyll, dem Sauerstofftr\u00e4ger der Natur und somit wichtig f\u00fcr ein gesundes Darmsystem.<\/p>\n<p>Inhalststoffe:<br \/> S\u00fc\u00dfkartoffel, frisches Forelle, getrockneter Lachs, Kartoffelst\u00e4rke, Lachs\u00f6l, Lachsleber, Erbsenfasern Spirulina, Fingertang, Dulse, Irish moss, Seegras, Meeressalat, Wei\u00dfdorn, Taurin, Lysin, Mineralien und Vitamine (incl. DL Methinine, probiotische Stoffe Fructooligosacharide und Mannaoligosacharide), Yucca Schidigera Extrakt, L-Carnitin, Beta Karotin<\/p>\n","protected":false},"excerpt":{"rendered":"<p>COLD RIVER ist eine neue Futtermischung, die speziell das Segment LOW PROTEIN &#8211; LOW FAT perfekt abdeckt. Diese neue Zusammensetzung von WOLFSBLUT wurde f\u00fcr Hunde entwickelt, die mit herk\u00f6mmlicher Nahrung Probleme haben. Mit hochwertigem Protein, sowie optimal und leicht verwertbaren Kohlehydraten. Extra Omega 3 f\u00fcr Haut und Fell . &#8211; f\u00fcr Allergiker von Tier\u00e4rzten empfohlen [&hellip;]<\/p>\n","protected":false},"featured_media":52874,"comment_status":"closed","ping_status":"open","template":"","meta":[],"product_cat":[15392],"product_tag":[],"class_list":{"0":"post-52873","1":"product","2":"type-product","3":"status-publish","4":"has-post-thumbnail","6":"product_cat-wolfsblut-getreidefrei-hundetrockenfutter-wolfsbluthundewelt-hundetrockenfutter","8":"first","9":"instock","10":"taxable","11":"shipping-taxable","12":"purchasable","13":"product-type-simple"},"_links":{"self":[{"href":"https:\/\/all-pets.de\/shop\/wp-json\/wp\/v2\/product\/52873","targetHints":{"allow":["GET"]}}],"collection":[{"href":"https:\/\/all-pets.de\/shop\/wp-json\/wp\/v2\/product"}],"about":[{"href":"https:\/\/all-pets.de\/shop\/wp-json\/wp\/v2\/types\/product"}],"replies":[{"embeddable":true,"href":"https:\/\/all-pets.de\/shop\/wp-json\/wp\/v2\/comments?post=52873"}],"wp:featuredmedia":[{"embeddable":true,"href":"https:\/\/all-pets.de\/shop\/wp-json\/wp\/v2\/media\/52874"}],"wp:attachment":[{"href":"https:\/\/all-pets.de\/shop\/wp-json\/wp\/v2\/media?parent=52873"}],"wp:term":[{"taxonomy":"product_cat","embeddable":true,"href":"https:\/\/all-pets.de\/shop\/wp-json\/wp\/v2\/product_cat?post=52873"},{"taxonomy":"product_tag","embeddable":true,"href":"https:\/\/all-pets.de\/shop\/wp-json\/wp\/v2\/product_tag?post=52873"}],"curies":[{"name":"wp","href":"https:\/\/api.w.org\/{rel}","templated":true}]}}