{"id":53106,"date":"2023-12-12T12:44:59","date_gmt":"2023-12-12T11:44:59","guid":{"rendered":"https:\/\/pet-shopping.de\/shop\/produkt\/wolfsblut-wild-pacific-125-kg\/"},"modified":"2023-12-12T12:45:00","modified_gmt":"2023-12-12T11:45:00","slug":"wolfsblut-wild-pacific-125-kg","status":"publish","type":"product","link":"https:\/\/all-pets.de\/shop\/produkt\/wolfsblut-wild-pacific-125-kg\/","title":{"rendered":"Wolfsblut Wild Pacific &#8211; 12,5 kg"},"content":{"rendered":"<p>Alleinfuttermittel f\u00fcr Hunde mit 6 Sorten Fisch, Meerespflanzen, Kartoffeln, Sanddorn und vielen Kr\u00e4utern<\/p>\n<p>Neu und in verbesserter Zusammensetzung mit sechs Sorten Fisch: frischer Lachs, frische Forelle, Hering,Makrele, Garnelen, Schellfisch<\/p>\n<p>Inhaltstoffe:<br \/> Frischer Lachs, Kartoffeln, getrockneter Lachs, getrockneter Hering, getrocknete Makrele, Lachs\u00f6l, Kartoffelst\u00e4rke, frische Forelle, Tomatenp\u00fcree, getrockete Garnelen, getrockneter Schellfisch, Fischleber, Thymian, Majoran, Petersilie, Salbei, Fingertang, Dulse, Irish Moss, Seegras, Meeressalat, Topinambur, Sanddorn, Dill, Preiselbeeren, Apfel, Mariendistel, Wei\u00dfdorn, Ginseng, Spirulina, Brennnessel, Taurin, Lecithin, Anis, Bockshornklee, Minerale und Vitamine, DL-Methinin, probiotische Stoffe (FOS Fructooligosaccaride und MOS Mannan-Oligosaccharid), Yucca-Schidigera-Extrakt, L-Carnitin, Beta Karotin<\/p>\n<p>Vorteile:<\/p>\n<p>&#8211; mehr als 50 % Fisch im Trockenprodukt<br \/> &#8211; einzigartige Kombination wertvoller Meerespflanzen<br \/> &#8211; kr\u00e4ftigt Herz und Kreislauf<br \/> &#8211; st\u00e4rkt Abwehrkr\u00e4fte und Organfunktion<br \/> &#8211; ausgewogener hoher Anteil an<br \/> &#8211; Omega 6 &#038; Omega 3 Fetts\u00e4uren<br \/> &#8211; ohne chem. Konservierungs-, Farb- und Geschmacksstoffe<br \/> &#8211; f\u00fcr Allergiker geeignet<br \/> &#8211; ohne Vitamin K 3<br \/> &#8211; FOS (Fructooligosaccharide) &#8211; f\u00f6rdern die Bildung einer gesunden Darmflora und verringern die Zahl der pathogenen Bakterien<br \/> &#8211; MOS (Mannanoligosaccharide) &#8211; binden pathogene Bakterien f\u00fcr eine sichere Ausscheidung mit dem Kot und verhindern somit eine Anheftung an die Darmwand <\/p>\n<p>Die lebensnotwendigen Omega-3-Fetts\u00e4uren sind vor allem in Seefisch enthalten. Dabei gilt: je k\u00e4lter das Meerwasser ist, in dem der Fisch lebt, desto h\u00f6her ist sein Gehalt an diesen langkettigen Omega-3-Fetts\u00e4uren.<\/p>\n<p>Die wichtigste Nahrungsquelle der Fische ist Plankton, das in seinen Zellen viele dieser Fetts\u00e4uren einlagert. Dadurch bleiben die Zellen auch bei niedrigen Temperaturen geschmeidig. Seefische, die in diesen k\u00e4lteren Gew\u00e4ssern leben, nehmen nun \u00fcber das Plankton eine gro\u00dfe Menge an Omega-3-Fetts\u00e4uren auf und k\u00f6nnen sich so ebenfalls vor der K\u00e4lte des Wassers sch\u00fctzen.<\/p>\n<p>Neu ist auch der Einsatz wertvoller Makron\u00e4hrstoffe aus f\u00fcnf verschiedenen Meerespflanzen. Jede f\u00fcr sich mit einem breiten Spektrum an Vitaminen und Mineralien.<\/p>\n<p>Seepflanzen und ihre Bedeutung als Nahrungserg\u00e4nzung f\u00fcr Mensch und Tier<br \/> Die nat\u00fcrlich gewachsenen Meerespflanzen mit ihrer Vielfalt an Vitaminen, Mineralien, Aminos\u00e4uren und Vitaln\u00e4hrstoffen liefern die wichtigsten Bausteine des Lebens &#8211; die Basis f\u00fcr Vitalit\u00e4t und Gesundheit. Meerespflanzen enthalten noch viele wichtige N\u00e4hrstoffe die normale, industriell gefertigte Nahrung heute nicht mehr enth\u00e4lt. Diese Makro-N\u00e4hrstoffe werden f\u00fcr den Zellaufbau im K\u00f6rper ben\u00f6tigt.<\/p>\n<p>Eine unterst\u00fctzende Wirkung ist zu verzeichnen bei:<\/p>\n<p>&#8211; Aufbau der Magen-Darmflora<br \/> &#8211; Steigerung des Appetit<br \/> &#8211; Abbau von Giftstoffen<br \/> &#8211; Aufnahme von Fetts\u00e4uren und Mineralien<br \/> &#8211; Zufuhr von Chlorophyll<br \/> &#8211; Linderung bei chronischem Rheuma und Arthrose<br \/> &#8211; Linderung bei Allergien<\/p>\n<p>Die in den Meerespflanzen enthaltenen Polysacharide, sowie die unterschiedlichen Pigmente haben nachgewiesen folgende unterst\u00fctzende Wirkung bei:<\/p>\n<p>&#8211; Reinigung des Verdauungstraktes<br \/> &#8211; Reinigung der Nieren<br \/> &#8211; Reinigung des Blutes und der Lymphgef\u00e4\u00dfe<\/p>\n<p>WILD PACIFIC enth\u00e4lt auch die mit gro\u00dfem Erfolg in Wolfsblut Green Valley eingesetzten Powerfr\u00fcchte Topinambur und Sanddorn. Informieren Sie sich \u00fcber die wissenschaftlich bewiesenen Vorteile.<\/p>\n<p>N\u00e4hrstoffanalyse: Rohprotein: 28%, Rohfett: 17%, Rohfaser: 3%, Rohasche: 10%, Feuchte: 9%, verwertbare Energie: 3615 kcal\/kg<\/p>\n","protected":false},"excerpt":{"rendered":"<p>Alleinfuttermittel f\u00fcr Hunde mit 6 Sorten Fisch, Meerespflanzen, Kartoffeln, Sanddorn und vielen Kr\u00e4utern Neu und in verbesserter Zusammensetzung mit sechs Sorten Fisch: frischer Lachs, frische Forelle, Hering,Makrele, Garnelen, Schellfisch Inhaltstoffe: Frischer Lachs, Kartoffeln, getrockneter Lachs, getrockneter Hering, getrocknete Makrele, Lachs\u00f6l, Kartoffelst\u00e4rke, frische Forelle, Tomatenp\u00fcree, getrockete Garnelen, getrockneter Schellfisch, Fischleber, Thymian, Majoran, Petersilie, Salbei, Fingertang, Dulse, [&hellip;]<\/p>\n","protected":false},"featured_media":53107,"comment_status":"closed","ping_status":"open","template":"","meta":[],"product_cat":[15392],"product_tag":[],"class_list":{"0":"post-53106","1":"product","2":"type-product","3":"status-publish","4":"has-post-thumbnail","6":"product_cat-wolfsblut-getreidefrei-hundetrockenfutter-wolfsbluthundewelt-hundetrockenfutter","8":"first","9":"instock","10":"taxable","11":"shipping-taxable","12":"purchasable","13":"product-type-simple"},"_links":{"self":[{"href":"https:\/\/all-pets.de\/shop\/wp-json\/wp\/v2\/product\/53106","targetHints":{"allow":["GET"]}}],"collection":[{"href":"https:\/\/all-pets.de\/shop\/wp-json\/wp\/v2\/product"}],"about":[{"href":"https:\/\/all-pets.de\/shop\/wp-json\/wp\/v2\/types\/product"}],"replies":[{"embeddable":true,"href":"https:\/\/all-pets.de\/shop\/wp-json\/wp\/v2\/comments?post=53106"}],"wp:featuredmedia":[{"embeddable":true,"href":"https:\/\/all-pets.de\/shop\/wp-json\/wp\/v2\/media\/53107"}],"wp:attachment":[{"href":"https:\/\/all-pets.de\/shop\/wp-json\/wp\/v2\/media?parent=53106"}],"wp:term":[{"taxonomy":"product_cat","embeddable":true,"href":"https:\/\/all-pets.de\/shop\/wp-json\/wp\/v2\/product_cat?post=53106"},{"taxonomy":"product_tag","embeddable":true,"href":"https:\/\/all-pets.de\/shop\/wp-json\/wp\/v2\/product_tag?post=53106"}],"curies":[{"name":"wp","href":"https:\/\/api.w.org\/{rel}","templated":true}]}}