{"id":53118,"date":"2023-12-12T12:45:03","date_gmt":"2023-12-12T11:45:03","guid":{"rendered":"https:\/\/pet-shopping.de\/shop\/produkt\/wolfsblut-wild-duck-125-kg\/"},"modified":"2023-12-12T12:45:03","modified_gmt":"2023-12-12T11:45:03","slug":"wolfsblut-wild-duck-125-kg","status":"publish","type":"product","link":"https:\/\/all-pets.de\/shop\/produkt\/wolfsblut-wild-duck-125-kg\/","title":{"rendered":"Wolfsblut Wild Duck &#8211; 12,5 kg"},"content":{"rendered":"<p>Alleinfuttermittel f\u00fcr Hunde mit Entenfleisch und Kartoffel<\/p>\n<p>WILD DUCK ist eine neue Futtermischung, die speziell das Segment LOW PROTEIN &#8211; LOW FAT perfekt abdeckt.<\/p>\n<p>Diese neue Zusammensetzung von WOLFSBLUT wurde f\u00fcr Hunde entwickelt, die mit herk\u00f6mmlicher Nahrung Probleme haben.<\/p>\n<p>Mit hochwertigem Protein, sowie optimal und leicht verwertbaren Kohlehydraten.<\/p>\n<p>Obwohl es nicht ganz einfach war, einen niedrigen Proteingehalt und eine haupts\u00e4chlich auf Fleisch basierende Nahrung zu kombinieren, ist uns dies mit Erfolg gelungen. Eine Vielzahl vierbeinger Testfresser hat uns das best\u00e4tigen lassen.<\/p>\n<p>Frisches Entenfleisch in Kombination mit getrocknetem Entenfleisch liefert auch hier tierisches Protein als Hauptbestandteil!<\/p>\n<p>Die Fakten: Protein 21 %, Fett 9 %, Rohfaser 3 %, Rohasche 8 %<\/p>\n<p>Nur Ente &#038; Kartoffel war uns aber nicht ausreichend und zu wenig ausgewogen. Unser Ziel war es, entscheidende Verbesserungen vorzunehmen. Dies ist uns gelungen und k\u00f6nnen Sie weiter unten in unseren Inhaltstoffen nachlesen.<\/p>\n<p>Billiges Raps\u00f6l, auch h\u00e4ufig in amerikanischen Futtersorten als Canola\u00f6l bezeichnet, haben wir als nicht artgerechte Fettquelle eliminiert. \u00d6le, wie auch immer gepresst oder gewonnen, sind zwar ein nat\u00fcrlicher Rohstoff, auf Grund der Konzentration und der Menge an \u00d6lfr\u00fcchten aus denen er entsteht, aus unsere Sicht f\u00fcr die Ern\u00e4hrung des Hundes jedoch nicht optimal.<\/p>\n<p>Wir nehmen Entenfett nat\u00fcrlich gewonnen und im Kreislauf der Nahrungskette des Wolfes enthalten, wie auch unsere mediterrane Kr\u00e4utermischung, verschiedene Waldfr\u00fcchte und andere Wildkr\u00e4uter , die ebenfalls auf dem Speisezettel des Vorfahren unserer Haushunde stehen.<\/p>\n<p>Neueste wissenschaftliche Forschungen werden bei WOLFSBLUT ber\u00fccksichtigt!<\/p>\n<p>Amerikanische Studien zeigen die Notwendigkeit von Taurin f\u00fcr die Gesundheit der Herzkranzgef\u00e4\u00dfe, speziell bei gro\u00dfen und Riesenrassen. WILD DUCK enth\u00e4lt extra Taurin, zur Unterst\u00fctzung der Herzfunktion und Sehkraft. Neusete Studien zeigen die Notwendigkeit von Taurin f\u00fcr die Gesundheit der Herzkranzgef\u00e4\u00dfe, speziell bei gro\u00dfen und Riesenrassen.<\/p>\n<p>Lesen sie hier die Ergebnisse der Studien von Dr. Frascetti zur DCM und dem Einfluss von Taurin bei Herz-Kreislauferkrankungen. zum Artikel >>><\/p>\n<p>An dieser Stelle auch der Hinweis, dass Fr\u00fcchte und Kr\u00e4uter in allen WOLFSBUT Sorten auch in einer optimal verwertbaren Menge enthalten sind. Oftmals werden gerade bei Fr\u00fcchten Werte angegeben, die im Bereich Milligramm liegen. Das hei\u00dft pro Sack ein halber Fingerhut.<\/p>\n<p>Auf eine wesentliche Besonderheit von WILD DUCK m\u00f6chten wir aber auch ihre Aufmerksamkeit lenken. Topinambur die Powerknolle Veterin\u00e4rmedizinisch erwiesene Unterst\u00fctzung bei verschiedenen Problemen des Verdauungstraktes. Nach dem gro\u00dfen Erfolg, den unsere Sorte Green Valley mit Topinambur hat, haben wir auch WILD DUCK mit einem wirksamen Anteil angereichert.<\/p>\n<p>INHALTSSTOFFE:<br \/> Frische Kartoffeln, frisches Entenfleisch, getrocknetes Entenfleisch, Kartoffelprotein, Entenfett, H\u00fchnerleber, Leinsamen, mediterrane Kr\u00e4uter, Topinambur, Erbsen, Heidelbeeren, schwarze Johannisbeeren, Holunderbeeren, Aroniabeeren, Anissamen, Bockshornklee, L\u00f6wenzahn, Taurin, Lysin, Mineralien und Vitamine (incl. DL Methinine, probiotische Stoffe Fructooligosacharide und Mannaoligosacharide), Yucca Schidigera Extrakt, L-Carnitin, Beta Karotin<\/p>\n<p>Vorteile:<\/p>\n<p>&#8211; f\u00fcr Allergiker von Tier\u00e4rzten empfohlen<br \/> &#8211; niedrige Proteinwerte (21%) und Fettwerte (9%)<br \/> &#8211; kr\u00e4ftigt Herz und Kreislauf<br \/> &#8211; st\u00e4rkt Abwehrkr\u00e4fte und Organfunktionen<br \/> &#8211; ausgewogener Anteil an Omega 6 &#038; Omega 3 Fetts\u00e4uren<br \/> &#8211; ohne chem. Konservierungs-, Farb- und Geschmacksstoffe<br \/> &#8211; ohne Weizen, Mais und Soja<br \/> &#8211; ohne Vitamin K3<br \/> &#8211; keine Bleichmittel<br \/> &#8211; FOS (Fructooligosaccharide) &#8211; f\u00f6rdern die Bildung einer gesunden Darmflora und verringern die Zahl der pathogenen Bakterien<br \/> &#8211; MOS (Mannanoligosaccharide) &#8211; binden pathogene Bakterien f\u00fcr eine sichere Ausscheidung mit dem Kot und verhindern somit eine Anheftung an die Darmwand<\/p>\n","protected":false},"excerpt":{"rendered":"<p>Alleinfuttermittel f\u00fcr Hunde mit Entenfleisch und Kartoffel WILD DUCK ist eine neue Futtermischung, die speziell das Segment LOW PROTEIN &#8211; LOW FAT perfekt abdeckt. Diese neue Zusammensetzung von WOLFSBLUT wurde f\u00fcr Hunde entwickelt, die mit herk\u00f6mmlicher Nahrung Probleme haben. Mit hochwertigem Protein, sowie optimal und leicht verwertbaren Kohlehydraten. Obwohl es nicht ganz einfach war, einen [&hellip;]<\/p>\n","protected":false},"featured_media":53119,"comment_status":"closed","ping_status":"open","template":"","meta":[],"product_cat":[15392],"product_tag":[],"class_list":{"0":"post-53118","1":"product","2":"type-product","3":"status-publish","4":"has-post-thumbnail","6":"product_cat-wolfsblut-getreidefrei-hundetrockenfutter-wolfsbluthundewelt-hundetrockenfutter","8":"first","9":"instock","10":"taxable","11":"shipping-taxable","12":"purchasable","13":"product-type-simple"},"_links":{"self":[{"href":"https:\/\/all-pets.de\/shop\/wp-json\/wp\/v2\/product\/53118","targetHints":{"allow":["GET"]}}],"collection":[{"href":"https:\/\/all-pets.de\/shop\/wp-json\/wp\/v2\/product"}],"about":[{"href":"https:\/\/all-pets.de\/shop\/wp-json\/wp\/v2\/types\/product"}],"replies":[{"embeddable":true,"href":"https:\/\/all-pets.de\/shop\/wp-json\/wp\/v2\/comments?post=53118"}],"wp:featuredmedia":[{"embeddable":true,"href":"https:\/\/all-pets.de\/shop\/wp-json\/wp\/v2\/media\/53119"}],"wp:attachment":[{"href":"https:\/\/all-pets.de\/shop\/wp-json\/wp\/v2\/media?parent=53118"}],"wp:term":[{"taxonomy":"product_cat","embeddable":true,"href":"https:\/\/all-pets.de\/shop\/wp-json\/wp\/v2\/product_cat?post=53118"},{"taxonomy":"product_tag","embeddable":true,"href":"https:\/\/all-pets.de\/shop\/wp-json\/wp\/v2\/product_tag?post=53118"}],"curies":[{"name":"wp","href":"https:\/\/api.w.org\/{rel}","templated":true}]}}